{"id":14741,"date":"2025-12-09T17:31:45","date_gmt":"2025-12-09T15:31:45","guid":{"rendered":"https:\/\/nettiseitti.fi\/showroom\/?post_type=product&#038;p=14741"},"modified":"2025-12-09T17:31:45","modified_gmt":"2025-12-09T15:31:45","slug":"lenovo-thinkbook-14-2-in-1-g5-14-wuxga-intel-core-ultra-5-225u-16gb-ddr5-512gb-m-2-nvme-ssd-windows-11-pro-2y-yrityskannettava","status":"publish","type":"product","link":"https:\/\/nettiseitti.fi\/showroom\/tuote\/lenovo-thinkbook-14-2-in-1-g5-14-wuxga-intel-core-ultra-5-225u-16gb-ddr5-512gb-m-2-nvme-ssd-windows-11-pro-2y-yrityskannettava\/","title":{"rendered":"LENOVO ThinkBook 14 2-in-1 G5 14&#8243; WUXGA \/ Intel Core Ultra 5 225U \/ 16GB DDR5 \/ 512GB M.2 NVMe SSD \/ Windows 11 Pro \/ 2Y -yrityskannettava"},"content":{"rendered":"<p>2-in-1 -kannettava, jonka 360\u00b0 sarana mahdollistaa laitteen k\u00e4ytt\u00e4misen my\u00f6s tablettina.<\/p>\n<p>Ominaisuuksia:<\/p>\n<ul>\n<li>512GB M.2 NVMe SSD-levy<\/li>\n<li>Intel Core Ultra 5 225U 12-ydinprosessori (max 4.8GHz, 12MB v\u00e4limuisti)<\/li>\n<li>16GB DDR5 5600MHz -muistia, max. 32GB, yksi vapaa paikka<\/li>\n<li>Integroitu n\u00e4yt\u00f6nohjain: Intel Graphics<\/li>\n<li>Akun kapasiteetti n. 60Wh<\/li>\n<li>14&#8243; WUXGA (1920&#215;1200) IPS-kosketusn\u00e4ytt\u00f6, kirkkaus: 300 cd\/m2, 360\u00b0 sarana<\/li>\n<li>FHD1080p infrapunakamera ja Privacy Shutter kamerasuoja<\/li>\n<li>Taustavalaistu n\u00e4pp\u00e4imist\u00f6<\/li>\n<li>Stereokaiuttimet, kaksisuuntainen mikrofoni<\/li>\n<li>Windows 11 Pro -k\u00e4ytt\u00f6j\u00e4rjestelm\u00e4<\/li>\n<li>Sormenj\u00e4lkilukija<\/li>\n<li>Kensington Nano turvalukkopaikka (2.5x6mm)<\/li>\n<li>Liit\u00e4nn\u00e4t: HDMI 2.1, 1x Thunderbolt 4 (USB-C liitin), 1x USB-C 3.2 Gen2, 2x USB3.2, 1x 3.5mm audio combo, Wi-Fi 6E ja Bluetooth 5.3<\/li>\n<\/ul>\n<p>Kauttamme my\u00f6s muut kannettavat ja tarvikkeet, ota yhteytt\u00e4 !<\/p>\n<p>Kysy ajantasainen hinnasto ja lis\u00e4tietoja ottamalla meihin yhteytt\u00e4.<br \/>\nMy\u00f6s toimitus mahdollista riippuen tilatuista tuotteista sek\u00e4 sovittaessa laitteiden konfigurointi k\u00e4ytt\u00f6kuntoon asennettuna.<\/p>\n<p>Ota yhteytt\u00e4:<br \/>\nPuh. <a href=\"tel:0401523801\">040 1523801<\/a><br \/>\nS\u00e4hk\u00f6posti: myynti [at] nettiseitti.fi<\/p>\n","protected":false},"excerpt":{"rendered":"<p>Tyylik\u00e4s ja monipuolinen 2-in-1-kannettava Intel Core Ultra -suorittimella toimisto- ja yritysk\u00e4ytt\u00f6\u00f6n.<\/p>\n","protected":false},"featured_media":14742,"template":"","meta":{"neve_meta_sidebar":"","neve_meta_container":"","neve_meta_enable_content_width":"off","neve_meta_content_width":100,"neve_meta_title_alignment":"","neve_meta_author_avatar":"","neve_post_elements_order":"","neve_meta_disable_header":"","neve_meta_disable_footer":"","neve_meta_disable_title":""},"product_brand":[],"product_cat":[480],"product_tag":[450,451,100,107,459,106,457,327,446,141,448,449,453,447,108,105,455,445,456,98,101,104,454,96,99,97,103,102,458,452,129],"class_list":{"0":"post-14741","1":"product","2":"type-product","3":"status-publish","4":"has-post-thumbnail","6":"product_cat-kannettavat","7":"product_tag-ahtari","8":"product_tag-alavus","9":"product_tag-etela-pohjanmaa","10":"product_tag-etela-suomi","11":"product_tag-hameenlinna","12":"product_tag-huittinen","13":"product_tag-ikaalinen","14":"product_tag-jalasjarvi","15":"product_tag-kankaanpaa","16":"product_tag-kannettava","17":"product_tag-karvia","18":"product_tag-kauhajoki","19":"product_tag-kauhava","20":"product_tag-kihnio","21":"product_tag-lansi-suomi","22":"product_tag-lapua","23":"product_tag-lempaala","24":"product_tag-nokia","25":"product_tag-parkano","26":"product_tag-pirkanmaa","27":"product_tag-pohjanmaa","28":"product_tag-pori","29":"product_tag-rauma","30":"product_tag-sastamala","31":"product_tag-satakunta","32":"product_tag-seinajoki","33":"product_tag-tampere","34":"product_tag-vaasa","35":"product_tag-virrat","36":"product_tag-ylojarvi","37":"product_tag-yrityslappari","39":"first","40":"instock","41":"shipping-taxable","42":"product-type-simple"},"yoast_head":"<!-- This site is optimized with the Yoast SEO plugin v27.4 - https:\/\/yoast.com\/product\/yoast-seo-wordpress\/ -->\n<title>LENOVO ThinkBook 14 2-in-1 G5 14&quot; WUXGA \/ Intel Core Ultra 5 225U \/ 16GB DDR5 \/ 512GB M.2 NVMe SSD \/ Windows 11 Pro \/ 2Y -yrityskannettava - NettiSeitti<\/title>\n<meta name=\"description\" content=\"Tyylik\u00e4s ja monipuolinen 2-in-1-kannettava Intel Core Ultra -suorittimella toimisto- ja yritysk\u00e4ytt\u00f6\u00f6n. Pirkanmaa, Satakunta, Etel\u00e4-Pohjanmaa, Pohjanmaa.\" \/>\n<meta name=\"robots\" content=\"index, follow, max-snippet:-1, max-image-preview:large, max-video-preview:-1\" \/>\n<link rel=\"canonical\" href=\"https:\/\/nettiseitti.fi\/showroom\/tuote\/lenovo-thinkbook-14-2-in-1-g5-14-wuxga-intel-core-ultra-5-225u-16gb-ddr5-512gb-m-2-nvme-ssd-windows-11-pro-2y-yrityskannettava\/\" \/>\n<meta property=\"og:locale\" content=\"fi_FI\" \/>\n<meta property=\"og:type\" content=\"article\" \/>\n<meta property=\"og:title\" content=\"LENOVO ThinkBook 14 2-in-1 G5 14&quot; WUXGA \/ Intel Core Ultra 5 225U \/ 16GB DDR5 \/ 512GB M.2 NVMe SSD \/ Windows 11 Pro \/ 2Y -yrityskannettava - NettiSeitti\" \/>\n<meta property=\"og:description\" content=\"Tyylik\u00e4s ja monipuolinen 2-in-1-kannettava Intel Core Ultra -suorittimella toimisto- ja yritysk\u00e4ytt\u00f6\u00f6n. Pirkanmaa, Satakunta, Etel\u00e4-Pohjanmaa, Pohjanmaa.\" \/>\n<meta property=\"og:url\" content=\"https:\/\/nettiseitti.fi\/showroom\/tuote\/lenovo-thinkbook-14-2-in-1-g5-14-wuxga-intel-core-ultra-5-225u-16gb-ddr5-512gb-m-2-nvme-ssd-windows-11-pro-2y-yrityskannettava\/\" \/>\n<meta property=\"og:site_name\" content=\"NettiSeitti\" \/>\n<meta property=\"og:image\" content=\"https:\/\/nettiseitti.fi\/showroom\/wp-content\/uploads\/2025\/12\/lenovo_thinkbook_14_225_tab.jpg\" \/>\n\t<meta property=\"og:image:width\" content=\"866\" \/>\n\t<meta property=\"og:image:height\" content=\"829\" \/>\n\t<meta property=\"og:image:type\" content=\"image\/jpeg\" \/>\n<meta name=\"twitter:card\" content=\"summary_large_image\" \/>\n<meta name=\"twitter:label1\" content=\"Arvioitu lukuaika\" \/>\n\t<meta name=\"twitter:data1\" content=\"2 minuuttia\" \/>\n<script type=\"application\/ld+json\" class=\"yoast-schema-graph\">{\"@context\":\"https:\\\/\\\/schema.org\",\"@graph\":[{\"@type\":\"WebPage\",\"@id\":\"https:\\\/\\\/nettiseitti.fi\\\/showroom\\\/tuote\\\/lenovo-thinkbook-14-2-in-1-g5-14-wuxga-intel-core-ultra-5-225u-16gb-ddr5-512gb-m-2-nvme-ssd-windows-11-pro-2y-yrityskannettava\\\/\",\"url\":\"https:\\\/\\\/nettiseitti.fi\\\/showroom\\\/tuote\\\/lenovo-thinkbook-14-2-in-1-g5-14-wuxga-intel-core-ultra-5-225u-16gb-ddr5-512gb-m-2-nvme-ssd-windows-11-pro-2y-yrityskannettava\\\/\",\"name\":\"LENOVO ThinkBook 14 2-in-1 G5 14\\\" WUXGA \\\/ Intel Core Ultra 5 225U \\\/ 16GB DDR5 \\\/ 512GB M.2 NVMe SSD \\\/ Windows 11 Pro \\\/ 2Y -yrityskannettava - NettiSeitti\",\"isPartOf\":{\"@id\":\"https:\\\/\\\/nettiseitti.fi\\\/showroom\\\/#website\"},\"primaryImageOfPage\":{\"@id\":\"https:\\\/\\\/nettiseitti.fi\\\/showroom\\\/tuote\\\/lenovo-thinkbook-14-2-in-1-g5-14-wuxga-intel-core-ultra-5-225u-16gb-ddr5-512gb-m-2-nvme-ssd-windows-11-pro-2y-yrityskannettava\\\/#primaryimage\"},\"image\":{\"@id\":\"https:\\\/\\\/nettiseitti.fi\\\/showroom\\\/tuote\\\/lenovo-thinkbook-14-2-in-1-g5-14-wuxga-intel-core-ultra-5-225u-16gb-ddr5-512gb-m-2-nvme-ssd-windows-11-pro-2y-yrityskannettava\\\/#primaryimage\"},\"thumbnailUrl\":\"https:\\\/\\\/nettiseitti.fi\\\/showroom\\\/wp-content\\\/uploads\\\/2025\\\/12\\\/lenovo_thinkbook_14_225_tab.jpg\",\"datePublished\":\"2025-12-09T15:31:45+00:00\",\"description\":\"Tyylik\u00e4s ja monipuolinen 2-in-1-kannettava Intel Core Ultra -suorittimella toimisto- ja yritysk\u00e4ytt\u00f6\u00f6n. Pirkanmaa, Satakunta, Etel\u00e4-Pohjanmaa, Pohjanmaa.\",\"breadcrumb\":{\"@id\":\"https:\\\/\\\/nettiseitti.fi\\\/showroom\\\/tuote\\\/lenovo-thinkbook-14-2-in-1-g5-14-wuxga-intel-core-ultra-5-225u-16gb-ddr5-512gb-m-2-nvme-ssd-windows-11-pro-2y-yrityskannettava\\\/#breadcrumb\"},\"inLanguage\":\"fi\",\"potentialAction\":[{\"@type\":\"ReadAction\",\"target\":[\"https:\\\/\\\/nettiseitti.fi\\\/showroom\\\/tuote\\\/lenovo-thinkbook-14-2-in-1-g5-14-wuxga-intel-core-ultra-5-225u-16gb-ddr5-512gb-m-2-nvme-ssd-windows-11-pro-2y-yrityskannettava\\\/\"]}]},{\"@type\":\"ImageObject\",\"inLanguage\":\"fi\",\"@id\":\"https:\\\/\\\/nettiseitti.fi\\\/showroom\\\/tuote\\\/lenovo-thinkbook-14-2-in-1-g5-14-wuxga-intel-core-ultra-5-225u-16gb-ddr5-512gb-m-2-nvme-ssd-windows-11-pro-2y-yrityskannettava\\\/#primaryimage\",\"url\":\"https:\\\/\\\/nettiseitti.fi\\\/showroom\\\/wp-content\\\/uploads\\\/2025\\\/12\\\/lenovo_thinkbook_14_225_tab.jpg\",\"contentUrl\":\"https:\\\/\\\/nettiseitti.fi\\\/showroom\\\/wp-content\\\/uploads\\\/2025\\\/12\\\/lenovo_thinkbook_14_225_tab.jpg\",\"width\":866,\"height\":829},{\"@type\":\"BreadcrumbList\",\"@id\":\"https:\\\/\\\/nettiseitti.fi\\\/showroom\\\/tuote\\\/lenovo-thinkbook-14-2-in-1-g5-14-wuxga-intel-core-ultra-5-225u-16gb-ddr5-512gb-m-2-nvme-ssd-windows-11-pro-2y-yrityskannettava\\\/#breadcrumb\",\"itemListElement\":[{\"@type\":\"ListItem\",\"position\":1,\"name\":\"Etusivu\",\"item\":\"https:\\\/\\\/nettiseitti.fi\\\/showroom\\\/\"},{\"@type\":\"ListItem\",\"position\":2,\"name\":\"Tuotteet\",\"item\":\"https:\\\/\\\/nettiseitti.fi\\\/showroom\\\/tuotteet\\\/\"},{\"@type\":\"ListItem\",\"position\":3,\"name\":\"LENOVO ThinkBook 14 2-in-1 G5 14&#8243; WUXGA \\\/ Intel Core Ultra 5 225U \\\/ 16GB DDR5 \\\/ 512GB M.2 NVMe SSD \\\/ Windows 11 Pro \\\/ 2Y -yrityskannettava\"}]},{\"@type\":\"WebSite\",\"@id\":\"https:\\\/\\\/nettiseitti.fi\\\/showroom\\\/#website\",\"url\":\"https:\\\/\\\/nettiseitti.fi\\\/showroom\\\/\",\"name\":\"NettiSeitti\",\"description\":\"\",\"publisher\":{\"@id\":\"https:\\\/\\\/nettiseitti.fi\\\/showroom\\\/#organization\"},\"potentialAction\":[{\"@type\":\"SearchAction\",\"target\":{\"@type\":\"EntryPoint\",\"urlTemplate\":\"https:\\\/\\\/nettiseitti.fi\\\/showroom\\\/?s={search_term_string}\"},\"query-input\":{\"@type\":\"PropertyValueSpecification\",\"valueRequired\":true,\"valueName\":\"search_term_string\"}}],\"inLanguage\":\"fi\"},{\"@type\":\"Organization\",\"@id\":\"https:\\\/\\\/nettiseitti.fi\\\/showroom\\\/#organization\",\"name\":\"NettiSeitti\",\"url\":\"https:\\\/\\\/nettiseitti.fi\\\/showroom\\\/\",\"logo\":{\"@type\":\"ImageObject\",\"inLanguage\":\"fi\",\"@id\":\"https:\\\/\\\/nettiseitti.fi\\\/showroom\\\/#\\\/schema\\\/logo\\\/image\\\/\",\"url\":\"https:\\\/\\\/nettiseitti.fi\\\/showroom\\\/wp-content\\\/uploads\\\/2024\\\/03\\\/nettiseitti_lapinakyva_tausta.png\",\"contentUrl\":\"https:\\\/\\\/nettiseitti.fi\\\/showroom\\\/wp-content\\\/uploads\\\/2024\\\/03\\\/nettiseitti_lapinakyva_tausta.png\",\"width\":2176,\"height\":741,\"caption\":\"NettiSeitti\"},\"image\":{\"@id\":\"https:\\\/\\\/nettiseitti.fi\\\/showroom\\\/#\\\/schema\\\/logo\\\/image\\\/\"}}]}<\/script>\n<!-- \/ Yoast SEO plugin. -->","yoast_head_json":{"title":"LENOVO ThinkBook 14 2-in-1 G5 14\" WUXGA \/ Intel Core Ultra 5 225U \/ 16GB DDR5 \/ 512GB M.2 NVMe SSD \/ Windows 11 Pro \/ 2Y -yrityskannettava - NettiSeitti","description":"Tyylik\u00e4s ja monipuolinen 2-in-1-kannettava Intel Core Ultra -suorittimella toimisto- ja yritysk\u00e4ytt\u00f6\u00f6n. Pirkanmaa, Satakunta, Etel\u00e4-Pohjanmaa, Pohjanmaa.","robots":{"index":"index","follow":"follow","max-snippet":"max-snippet:-1","max-image-preview":"max-image-preview:large","max-video-preview":"max-video-preview:-1"},"canonical":"https:\/\/nettiseitti.fi\/showroom\/tuote\/lenovo-thinkbook-14-2-in-1-g5-14-wuxga-intel-core-ultra-5-225u-16gb-ddr5-512gb-m-2-nvme-ssd-windows-11-pro-2y-yrityskannettava\/","og_locale":"fi_FI","og_type":"article","og_title":"LENOVO ThinkBook 14 2-in-1 G5 14\" WUXGA \/ Intel Core Ultra 5 225U \/ 16GB DDR5 \/ 512GB M.2 NVMe SSD \/ Windows 11 Pro \/ 2Y -yrityskannettava - NettiSeitti","og_description":"Tyylik\u00e4s ja monipuolinen 2-in-1-kannettava Intel Core Ultra -suorittimella toimisto- ja yritysk\u00e4ytt\u00f6\u00f6n. Pirkanmaa, Satakunta, Etel\u00e4-Pohjanmaa, Pohjanmaa.","og_url":"https:\/\/nettiseitti.fi\/showroom\/tuote\/lenovo-thinkbook-14-2-in-1-g5-14-wuxga-intel-core-ultra-5-225u-16gb-ddr5-512gb-m-2-nvme-ssd-windows-11-pro-2y-yrityskannettava\/","og_site_name":"NettiSeitti","og_image":[{"width":866,"height":829,"url":"https:\/\/nettiseitti.fi\/showroom\/wp-content\/uploads\/2025\/12\/lenovo_thinkbook_14_225_tab.jpg","type":"image\/jpeg"}],"twitter_card":"summary_large_image","twitter_misc":{"Arvioitu lukuaika":"2 minuuttia"},"schema":{"@context":"https:\/\/schema.org","@graph":[{"@type":"WebPage","@id":"https:\/\/nettiseitti.fi\/showroom\/tuote\/lenovo-thinkbook-14-2-in-1-g5-14-wuxga-intel-core-ultra-5-225u-16gb-ddr5-512gb-m-2-nvme-ssd-windows-11-pro-2y-yrityskannettava\/","url":"https:\/\/nettiseitti.fi\/showroom\/tuote\/lenovo-thinkbook-14-2-in-1-g5-14-wuxga-intel-core-ultra-5-225u-16gb-ddr5-512gb-m-2-nvme-ssd-windows-11-pro-2y-yrityskannettava\/","name":"LENOVO ThinkBook 14 2-in-1 G5 14\" WUXGA \/ Intel Core Ultra 5 225U \/ 16GB DDR5 \/ 512GB M.2 NVMe SSD \/ Windows 11 Pro \/ 2Y -yrityskannettava - NettiSeitti","isPartOf":{"@id":"https:\/\/nettiseitti.fi\/showroom\/#website"},"primaryImageOfPage":{"@id":"https:\/\/nettiseitti.fi\/showroom\/tuote\/lenovo-thinkbook-14-2-in-1-g5-14-wuxga-intel-core-ultra-5-225u-16gb-ddr5-512gb-m-2-nvme-ssd-windows-11-pro-2y-yrityskannettava\/#primaryimage"},"image":{"@id":"https:\/\/nettiseitti.fi\/showroom\/tuote\/lenovo-thinkbook-14-2-in-1-g5-14-wuxga-intel-core-ultra-5-225u-16gb-ddr5-512gb-m-2-nvme-ssd-windows-11-pro-2y-yrityskannettava\/#primaryimage"},"thumbnailUrl":"https:\/\/nettiseitti.fi\/showroom\/wp-content\/uploads\/2025\/12\/lenovo_thinkbook_14_225_tab.jpg","datePublished":"2025-12-09T15:31:45+00:00","description":"Tyylik\u00e4s ja monipuolinen 2-in-1-kannettava Intel Core Ultra -suorittimella toimisto- ja yritysk\u00e4ytt\u00f6\u00f6n. Pirkanmaa, Satakunta, Etel\u00e4-Pohjanmaa, Pohjanmaa.","breadcrumb":{"@id":"https:\/\/nettiseitti.fi\/showroom\/tuote\/lenovo-thinkbook-14-2-in-1-g5-14-wuxga-intel-core-ultra-5-225u-16gb-ddr5-512gb-m-2-nvme-ssd-windows-11-pro-2y-yrityskannettava\/#breadcrumb"},"inLanguage":"fi","potentialAction":[{"@type":"ReadAction","target":["https:\/\/nettiseitti.fi\/showroom\/tuote\/lenovo-thinkbook-14-2-in-1-g5-14-wuxga-intel-core-ultra-5-225u-16gb-ddr5-512gb-m-2-nvme-ssd-windows-11-pro-2y-yrityskannettava\/"]}]},{"@type":"ImageObject","inLanguage":"fi","@id":"https:\/\/nettiseitti.fi\/showroom\/tuote\/lenovo-thinkbook-14-2-in-1-g5-14-wuxga-intel-core-ultra-5-225u-16gb-ddr5-512gb-m-2-nvme-ssd-windows-11-pro-2y-yrityskannettava\/#primaryimage","url":"https:\/\/nettiseitti.fi\/showroom\/wp-content\/uploads\/2025\/12\/lenovo_thinkbook_14_225_tab.jpg","contentUrl":"https:\/\/nettiseitti.fi\/showroom\/wp-content\/uploads\/2025\/12\/lenovo_thinkbook_14_225_tab.jpg","width":866,"height":829},{"@type":"BreadcrumbList","@id":"https:\/\/nettiseitti.fi\/showroom\/tuote\/lenovo-thinkbook-14-2-in-1-g5-14-wuxga-intel-core-ultra-5-225u-16gb-ddr5-512gb-m-2-nvme-ssd-windows-11-pro-2y-yrityskannettava\/#breadcrumb","itemListElement":[{"@type":"ListItem","position":1,"name":"Etusivu","item":"https:\/\/nettiseitti.fi\/showroom\/"},{"@type":"ListItem","position":2,"name":"Tuotteet","item":"https:\/\/nettiseitti.fi\/showroom\/tuotteet\/"},{"@type":"ListItem","position":3,"name":"LENOVO ThinkBook 14 2-in-1 G5 14&#8243; WUXGA \/ Intel Core Ultra 5 225U \/ 16GB DDR5 \/ 512GB M.2 NVMe SSD \/ Windows 11 Pro \/ 2Y -yrityskannettava"}]},{"@type":"WebSite","@id":"https:\/\/nettiseitti.fi\/showroom\/#website","url":"https:\/\/nettiseitti.fi\/showroom\/","name":"NettiSeitti","description":"","publisher":{"@id":"https:\/\/nettiseitti.fi\/showroom\/#organization"},"potentialAction":[{"@type":"SearchAction","target":{"@type":"EntryPoint","urlTemplate":"https:\/\/nettiseitti.fi\/showroom\/?s={search_term_string}"},"query-input":{"@type":"PropertyValueSpecification","valueRequired":true,"valueName":"search_term_string"}}],"inLanguage":"fi"},{"@type":"Organization","@id":"https:\/\/nettiseitti.fi\/showroom\/#organization","name":"NettiSeitti","url":"https:\/\/nettiseitti.fi\/showroom\/","logo":{"@type":"ImageObject","inLanguage":"fi","@id":"https:\/\/nettiseitti.fi\/showroom\/#\/schema\/logo\/image\/","url":"https:\/\/nettiseitti.fi\/showroom\/wp-content\/uploads\/2024\/03\/nettiseitti_lapinakyva_tausta.png","contentUrl":"https:\/\/nettiseitti.fi\/showroom\/wp-content\/uploads\/2024\/03\/nettiseitti_lapinakyva_tausta.png","width":2176,"height":741,"caption":"NettiSeitti"},"image":{"@id":"https:\/\/nettiseitti.fi\/showroom\/#\/schema\/logo\/image\/"}}]}},"_links":{"self":[{"href":"https:\/\/nettiseitti.fi\/showroom\/wp-json\/wp\/v2\/product\/14741","targetHints":{"allow":["GET"]}}],"collection":[{"href":"https:\/\/nettiseitti.fi\/showroom\/wp-json\/wp\/v2\/product"}],"about":[{"href":"https:\/\/nettiseitti.fi\/showroom\/wp-json\/wp\/v2\/types\/product"}],"wp:featuredmedia":[{"embeddable":true,"href":"https:\/\/nettiseitti.fi\/showroom\/wp-json\/wp\/v2\/media\/14742"}],"wp:attachment":[{"href":"https:\/\/nettiseitti.fi\/showroom\/wp-json\/wp\/v2\/media?parent=14741"}],"wp:term":[{"taxonomy":"product_brand","embeddable":true,"href":"https:\/\/nettiseitti.fi\/showroom\/wp-json\/wp\/v2\/product_brand?post=14741"},{"taxonomy":"product_cat","embeddable":true,"href":"https:\/\/nettiseitti.fi\/showroom\/wp-json\/wp\/v2\/product_cat?post=14741"},{"taxonomy":"product_tag","embeddable":true,"href":"https:\/\/nettiseitti.fi\/showroom\/wp-json\/wp\/v2\/product_tag?post=14741"}],"curies":[{"name":"wp","href":"https:\/\/api.w.org\/{rel}","templated":true}]}}