{"id":14757,"date":"2025-12-15T15:26:34","date_gmt":"2025-12-15T13:26:34","guid":{"rendered":"https:\/\/nettiseitti.fi\/showroom\/?post_type=product&#038;p=14757"},"modified":"2025-12-15T15:26:34","modified_gmt":"2025-12-15T13:26:34","slug":"chieftec-vega-m-ppg-1000-c-1000w-80-plus-gold-atx-3-1-modulaarinen-virtalahde","status":"publish","type":"product","link":"https:\/\/nettiseitti.fi\/showroom\/tuote\/chieftec-vega-m-ppg-1000-c-1000w-80-plus-gold-atx-3-1-modulaarinen-virtalahde\/","title":{"rendered":"CHIEFTEC VEGA M PPG-1000-C 1000W 80 PLUS Gold ATX 3.1 -modulaarinen virtal\u00e4hde"},"content":{"rendered":"<p>1000W:n tehoinen virtal\u00e4hde 80 PLUS Gold -sertifioinnilla.<\/p>\n<p>Ominaisuuksia:<\/p>\n<ul>\n<li>135mm tuuletin<\/li>\n<li>ATX12V versio: ATX 12V 3.1<\/li>\n<li>80 Plus Gold, parempi hy\u00f6tysuhde<\/li>\n<li>PFC-ominaisuus, joka nostaa virtal\u00e4hteen hy\u00f6tysuhdetta<\/li>\n<li>Modulaarinen<\/li>\n<li>Teho: 1000W<\/li>\n<li>Liit\u00e4nn\u00e4t: 1x 20+4 PIN ATX, 1x 8 PIN EPS (8), 1x 8 PIN EPS (4+4), 4x 8 PIN PCIe (6+2), 1x 16 PIN 12V \u2013 2 x 6, 6x SATA, 3x MOLEX<\/li>\n<\/ul>\n<p>Kauttamme my\u00f6s muut virtal\u00e4hteet ja komponentit, ota yhteytt\u00e4 !<\/p>\n<p>Kysy ajantasainen hinnasto ja lis\u00e4tietoja ottamalla meihin yhteytt\u00e4.<br \/>\nMy\u00f6s toimitus mahdollista riippuen tilatuista tuotteista sek\u00e4 sovittaessa laitteiden konfigurointi k\u00e4ytt\u00f6kuntoon asennettuna.<\/p>\n<p>Ota yhteytt\u00e4:<br \/>\nPuh. <a href=\"tel:0401523801\">040 1523801<\/a><br \/>\nS\u00e4hk\u00f6posti: myynti [at] nettiseitti.fi<\/p>\n","protected":false},"excerpt":{"rendered":"<p>Tehokas ATX 12V 3.1 -sertifioitu ATX-virtal\u00e4hde esim. pelik\u00e4ytt\u00f6\u00f6n.<\/p>\n","protected":false},"featured_media":14722,"template":"","meta":{"neve_meta_sidebar":"","neve_meta_container":"","neve_meta_enable_content_width":"off","neve_meta_content_width":100,"neve_meta_title_alignment":"","neve_meta_author_avatar":"","neve_post_elements_order":"","neve_meta_disable_header":"","neve_meta_disable_footer":"","neve_meta_disable_title":""},"product_brand":[],"product_cat":[526],"product_tag":[450,451,100,107,459,106,457,327,446,448,449,453,447,108,105,455,445,456,98,101,104,454,96,99,97,103,581,102,458,137,452],"class_list":{"0":"post-14757","1":"product","2":"type-product","3":"status-publish","4":"has-post-thumbnail","6":"product_cat-virtalahteet","7":"product_tag-ahtari","8":"product_tag-alavus","9":"product_tag-etela-pohjanmaa","10":"product_tag-etela-suomi","11":"product_tag-hameenlinna","12":"product_tag-huittinen","13":"product_tag-ikaalinen","14":"product_tag-jalasjarvi","15":"product_tag-kankaanpaa","16":"product_tag-karvia","17":"product_tag-kauhajoki","18":"product_tag-kauhava","19":"product_tag-kihnio","20":"product_tag-lansi-suomi","21":"product_tag-lapua","22":"product_tag-lempaala","23":"product_tag-nokia","24":"product_tag-parkano","25":"product_tag-pirkanmaa","26":"product_tag-pohjanmaa","27":"product_tag-pori","28":"product_tag-rauma","29":"product_tag-sastamala","30":"product_tag-satakunta","31":"product_tag-seinajoki","32":"product_tag-tampere","33":"product_tag-tietokone","34":"product_tag-vaasa","35":"product_tag-virrat","36":"product_tag-virtalahde","37":"product_tag-ylojarvi","39":"first","40":"instock","41":"shipping-taxable","42":"product-type-simple"},"yoast_head":"<!-- This site is optimized with the Yoast SEO plugin v27.4 - https:\/\/yoast.com\/product\/yoast-seo-wordpress\/ -->\n<title>CHIEFTEC VEGA M PPG-1000-C 1000W 80 PLUS Gold ATX 3.1 -modulaarinen virtal\u00e4hde - NettiSeitti<\/title>\n<meta name=\"description\" content=\"Tehokas ATX 12V 3.1 -sertifioitu ATX-virtal\u00e4hde esim. pelik\u00e4ytt\u00f6\u00f6n. Pirkanmaa, Satakunta, Etel\u00e4-Pohjanmaa, Pohjanmaa, Sein\u00e4joki, Sastamala, Tampere, Pori.\" \/>\n<meta name=\"robots\" content=\"index, follow, max-snippet:-1, max-image-preview:large, max-video-preview:-1\" \/>\n<link rel=\"canonical\" href=\"https:\/\/nettiseitti.fi\/showroom\/tuote\/chieftec-vega-m-ppg-1000-c-1000w-80-plus-gold-atx-3-1-modulaarinen-virtalahde\/\" \/>\n<meta property=\"og:locale\" content=\"fi_FI\" \/>\n<meta property=\"og:type\" content=\"article\" \/>\n<meta property=\"og:title\" content=\"CHIEFTEC VEGA M PPG-1000-C 1000W 80 PLUS Gold ATX 3.1 -modulaarinen virtal\u00e4hde - NettiSeitti\" \/>\n<meta property=\"og:description\" content=\"Tehokas ATX 12V 3.1 -sertifioitu ATX-virtal\u00e4hde esim. pelik\u00e4ytt\u00f6\u00f6n. Pirkanmaa, Satakunta, Etel\u00e4-Pohjanmaa, Pohjanmaa, Sein\u00e4joki, Sastamala, Tampere, Pori.\" \/>\n<meta property=\"og:url\" content=\"https:\/\/nettiseitti.fi\/showroom\/tuote\/chieftec-vega-m-ppg-1000-c-1000w-80-plus-gold-atx-3-1-modulaarinen-virtalahde\/\" \/>\n<meta property=\"og:site_name\" content=\"NettiSeitti\" \/>\n<meta property=\"og:image\" content=\"https:\/\/nettiseitti.fi\/showroom\/wp-content\/uploads\/2025\/12\/chieftec_vega-m_modulaarinen.jpg\" \/>\n\t<meta property=\"og:image:width\" content=\"580\" \/>\n\t<meta property=\"og:image:height\" content=\"551\" \/>\n\t<meta property=\"og:image:type\" content=\"image\/jpeg\" \/>\n<meta name=\"twitter:card\" content=\"summary_large_image\" \/>\n<meta name=\"twitter:label1\" content=\"Arvioitu lukuaika\" \/>\n\t<meta name=\"twitter:data1\" content=\"1 minuutti\" \/>\n<script type=\"application\/ld+json\" class=\"yoast-schema-graph\">{\"@context\":\"https:\\\/\\\/schema.org\",\"@graph\":[{\"@type\":\"WebPage\",\"@id\":\"https:\\\/\\\/nettiseitti.fi\\\/showroom\\\/tuote\\\/chieftec-vega-m-ppg-1000-c-1000w-80-plus-gold-atx-3-1-modulaarinen-virtalahde\\\/\",\"url\":\"https:\\\/\\\/nettiseitti.fi\\\/showroom\\\/tuote\\\/chieftec-vega-m-ppg-1000-c-1000w-80-plus-gold-atx-3-1-modulaarinen-virtalahde\\\/\",\"name\":\"CHIEFTEC VEGA M PPG-1000-C 1000W 80 PLUS Gold ATX 3.1 -modulaarinen virtal\u00e4hde - NettiSeitti\",\"isPartOf\":{\"@id\":\"https:\\\/\\\/nettiseitti.fi\\\/showroom\\\/#website\"},\"primaryImageOfPage\":{\"@id\":\"https:\\\/\\\/nettiseitti.fi\\\/showroom\\\/tuote\\\/chieftec-vega-m-ppg-1000-c-1000w-80-plus-gold-atx-3-1-modulaarinen-virtalahde\\\/#primaryimage\"},\"image\":{\"@id\":\"https:\\\/\\\/nettiseitti.fi\\\/showroom\\\/tuote\\\/chieftec-vega-m-ppg-1000-c-1000w-80-plus-gold-atx-3-1-modulaarinen-virtalahde\\\/#primaryimage\"},\"thumbnailUrl\":\"https:\\\/\\\/nettiseitti.fi\\\/showroom\\\/wp-content\\\/uploads\\\/2025\\\/12\\\/chieftec_vega-m_modulaarinen.jpg\",\"datePublished\":\"2025-12-15T13:26:34+00:00\",\"description\":\"Tehokas ATX 12V 3.1 -sertifioitu ATX-virtal\u00e4hde esim. pelik\u00e4ytt\u00f6\u00f6n. Pirkanmaa, Satakunta, Etel\u00e4-Pohjanmaa, Pohjanmaa, Sein\u00e4joki, Sastamala, Tampere, Pori.\",\"breadcrumb\":{\"@id\":\"https:\\\/\\\/nettiseitti.fi\\\/showroom\\\/tuote\\\/chieftec-vega-m-ppg-1000-c-1000w-80-plus-gold-atx-3-1-modulaarinen-virtalahde\\\/#breadcrumb\"},\"inLanguage\":\"fi\",\"potentialAction\":[{\"@type\":\"ReadAction\",\"target\":[\"https:\\\/\\\/nettiseitti.fi\\\/showroom\\\/tuote\\\/chieftec-vega-m-ppg-1000-c-1000w-80-plus-gold-atx-3-1-modulaarinen-virtalahde\\\/\"]}]},{\"@type\":\"ImageObject\",\"inLanguage\":\"fi\",\"@id\":\"https:\\\/\\\/nettiseitti.fi\\\/showroom\\\/tuote\\\/chieftec-vega-m-ppg-1000-c-1000w-80-plus-gold-atx-3-1-modulaarinen-virtalahde\\\/#primaryimage\",\"url\":\"https:\\\/\\\/nettiseitti.fi\\\/showroom\\\/wp-content\\\/uploads\\\/2025\\\/12\\\/chieftec_vega-m_modulaarinen.jpg\",\"contentUrl\":\"https:\\\/\\\/nettiseitti.fi\\\/showroom\\\/wp-content\\\/uploads\\\/2025\\\/12\\\/chieftec_vega-m_modulaarinen.jpg\",\"width\":580,\"height\":551},{\"@type\":\"BreadcrumbList\",\"@id\":\"https:\\\/\\\/nettiseitti.fi\\\/showroom\\\/tuote\\\/chieftec-vega-m-ppg-1000-c-1000w-80-plus-gold-atx-3-1-modulaarinen-virtalahde\\\/#breadcrumb\",\"itemListElement\":[{\"@type\":\"ListItem\",\"position\":1,\"name\":\"Etusivu\",\"item\":\"https:\\\/\\\/nettiseitti.fi\\\/showroom\\\/\"},{\"@type\":\"ListItem\",\"position\":2,\"name\":\"Tuotteet\",\"item\":\"https:\\\/\\\/nettiseitti.fi\\\/showroom\\\/tuotteet\\\/\"},{\"@type\":\"ListItem\",\"position\":3,\"name\":\"CHIEFTEC VEGA M PPG-1000-C 1000W 80 PLUS Gold ATX 3.1 -modulaarinen virtal\u00e4hde\"}]},{\"@type\":\"WebSite\",\"@id\":\"https:\\\/\\\/nettiseitti.fi\\\/showroom\\\/#website\",\"url\":\"https:\\\/\\\/nettiseitti.fi\\\/showroom\\\/\",\"name\":\"NettiSeitti\",\"description\":\"\",\"publisher\":{\"@id\":\"https:\\\/\\\/nettiseitti.fi\\\/showroom\\\/#organization\"},\"potentialAction\":[{\"@type\":\"SearchAction\",\"target\":{\"@type\":\"EntryPoint\",\"urlTemplate\":\"https:\\\/\\\/nettiseitti.fi\\\/showroom\\\/?s={search_term_string}\"},\"query-input\":{\"@type\":\"PropertyValueSpecification\",\"valueRequired\":true,\"valueName\":\"search_term_string\"}}],\"inLanguage\":\"fi\"},{\"@type\":\"Organization\",\"@id\":\"https:\\\/\\\/nettiseitti.fi\\\/showroom\\\/#organization\",\"name\":\"NettiSeitti\",\"url\":\"https:\\\/\\\/nettiseitti.fi\\\/showroom\\\/\",\"logo\":{\"@type\":\"ImageObject\",\"inLanguage\":\"fi\",\"@id\":\"https:\\\/\\\/nettiseitti.fi\\\/showroom\\\/#\\\/schema\\\/logo\\\/image\\\/\",\"url\":\"https:\\\/\\\/nettiseitti.fi\\\/showroom\\\/wp-content\\\/uploads\\\/2024\\\/03\\\/nettiseitti_lapinakyva_tausta.png\",\"contentUrl\":\"https:\\\/\\\/nettiseitti.fi\\\/showroom\\\/wp-content\\\/uploads\\\/2024\\\/03\\\/nettiseitti_lapinakyva_tausta.png\",\"width\":2176,\"height\":741,\"caption\":\"NettiSeitti\"},\"image\":{\"@id\":\"https:\\\/\\\/nettiseitti.fi\\\/showroom\\\/#\\\/schema\\\/logo\\\/image\\\/\"}}]}<\/script>\n<!-- \/ Yoast SEO plugin. -->","yoast_head_json":{"title":"CHIEFTEC VEGA M PPG-1000-C 1000W 80 PLUS Gold ATX 3.1 -modulaarinen virtal\u00e4hde - NettiSeitti","description":"Tehokas ATX 12V 3.1 -sertifioitu ATX-virtal\u00e4hde esim. pelik\u00e4ytt\u00f6\u00f6n. Pirkanmaa, Satakunta, Etel\u00e4-Pohjanmaa, Pohjanmaa, Sein\u00e4joki, Sastamala, Tampere, Pori.","robots":{"index":"index","follow":"follow","max-snippet":"max-snippet:-1","max-image-preview":"max-image-preview:large","max-video-preview":"max-video-preview:-1"},"canonical":"https:\/\/nettiseitti.fi\/showroom\/tuote\/chieftec-vega-m-ppg-1000-c-1000w-80-plus-gold-atx-3-1-modulaarinen-virtalahde\/","og_locale":"fi_FI","og_type":"article","og_title":"CHIEFTEC VEGA M PPG-1000-C 1000W 80 PLUS Gold ATX 3.1 -modulaarinen virtal\u00e4hde - NettiSeitti","og_description":"Tehokas ATX 12V 3.1 -sertifioitu ATX-virtal\u00e4hde esim. pelik\u00e4ytt\u00f6\u00f6n. Pirkanmaa, Satakunta, Etel\u00e4-Pohjanmaa, Pohjanmaa, Sein\u00e4joki, Sastamala, Tampere, Pori.","og_url":"https:\/\/nettiseitti.fi\/showroom\/tuote\/chieftec-vega-m-ppg-1000-c-1000w-80-plus-gold-atx-3-1-modulaarinen-virtalahde\/","og_site_name":"NettiSeitti","og_image":[{"width":580,"height":551,"url":"https:\/\/nettiseitti.fi\/showroom\/wp-content\/uploads\/2025\/12\/chieftec_vega-m_modulaarinen.jpg","type":"image\/jpeg"}],"twitter_card":"summary_large_image","twitter_misc":{"Arvioitu lukuaika":"1 minuutti"},"schema":{"@context":"https:\/\/schema.org","@graph":[{"@type":"WebPage","@id":"https:\/\/nettiseitti.fi\/showroom\/tuote\/chieftec-vega-m-ppg-1000-c-1000w-80-plus-gold-atx-3-1-modulaarinen-virtalahde\/","url":"https:\/\/nettiseitti.fi\/showroom\/tuote\/chieftec-vega-m-ppg-1000-c-1000w-80-plus-gold-atx-3-1-modulaarinen-virtalahde\/","name":"CHIEFTEC VEGA M PPG-1000-C 1000W 80 PLUS Gold ATX 3.1 -modulaarinen virtal\u00e4hde - NettiSeitti","isPartOf":{"@id":"https:\/\/nettiseitti.fi\/showroom\/#website"},"primaryImageOfPage":{"@id":"https:\/\/nettiseitti.fi\/showroom\/tuote\/chieftec-vega-m-ppg-1000-c-1000w-80-plus-gold-atx-3-1-modulaarinen-virtalahde\/#primaryimage"},"image":{"@id":"https:\/\/nettiseitti.fi\/showroom\/tuote\/chieftec-vega-m-ppg-1000-c-1000w-80-plus-gold-atx-3-1-modulaarinen-virtalahde\/#primaryimage"},"thumbnailUrl":"https:\/\/nettiseitti.fi\/showroom\/wp-content\/uploads\/2025\/12\/chieftec_vega-m_modulaarinen.jpg","datePublished":"2025-12-15T13:26:34+00:00","description":"Tehokas ATX 12V 3.1 -sertifioitu ATX-virtal\u00e4hde esim. pelik\u00e4ytt\u00f6\u00f6n. Pirkanmaa, Satakunta, Etel\u00e4-Pohjanmaa, Pohjanmaa, Sein\u00e4joki, Sastamala, Tampere, Pori.","breadcrumb":{"@id":"https:\/\/nettiseitti.fi\/showroom\/tuote\/chieftec-vega-m-ppg-1000-c-1000w-80-plus-gold-atx-3-1-modulaarinen-virtalahde\/#breadcrumb"},"inLanguage":"fi","potentialAction":[{"@type":"ReadAction","target":["https:\/\/nettiseitti.fi\/showroom\/tuote\/chieftec-vega-m-ppg-1000-c-1000w-80-plus-gold-atx-3-1-modulaarinen-virtalahde\/"]}]},{"@type":"ImageObject","inLanguage":"fi","@id":"https:\/\/nettiseitti.fi\/showroom\/tuote\/chieftec-vega-m-ppg-1000-c-1000w-80-plus-gold-atx-3-1-modulaarinen-virtalahde\/#primaryimage","url":"https:\/\/nettiseitti.fi\/showroom\/wp-content\/uploads\/2025\/12\/chieftec_vega-m_modulaarinen.jpg","contentUrl":"https:\/\/nettiseitti.fi\/showroom\/wp-content\/uploads\/2025\/12\/chieftec_vega-m_modulaarinen.jpg","width":580,"height":551},{"@type":"BreadcrumbList","@id":"https:\/\/nettiseitti.fi\/showroom\/tuote\/chieftec-vega-m-ppg-1000-c-1000w-80-plus-gold-atx-3-1-modulaarinen-virtalahde\/#breadcrumb","itemListElement":[{"@type":"ListItem","position":1,"name":"Etusivu","item":"https:\/\/nettiseitti.fi\/showroom\/"},{"@type":"ListItem","position":2,"name":"Tuotteet","item":"https:\/\/nettiseitti.fi\/showroom\/tuotteet\/"},{"@type":"ListItem","position":3,"name":"CHIEFTEC VEGA M PPG-1000-C 1000W 80 PLUS Gold ATX 3.1 -modulaarinen virtal\u00e4hde"}]},{"@type":"WebSite","@id":"https:\/\/nettiseitti.fi\/showroom\/#website","url":"https:\/\/nettiseitti.fi\/showroom\/","name":"NettiSeitti","description":"","publisher":{"@id":"https:\/\/nettiseitti.fi\/showroom\/#organization"},"potentialAction":[{"@type":"SearchAction","target":{"@type":"EntryPoint","urlTemplate":"https:\/\/nettiseitti.fi\/showroom\/?s={search_term_string}"},"query-input":{"@type":"PropertyValueSpecification","valueRequired":true,"valueName":"search_term_string"}}],"inLanguage":"fi"},{"@type":"Organization","@id":"https:\/\/nettiseitti.fi\/showroom\/#organization","name":"NettiSeitti","url":"https:\/\/nettiseitti.fi\/showroom\/","logo":{"@type":"ImageObject","inLanguage":"fi","@id":"https:\/\/nettiseitti.fi\/showroom\/#\/schema\/logo\/image\/","url":"https:\/\/nettiseitti.fi\/showroom\/wp-content\/uploads\/2024\/03\/nettiseitti_lapinakyva_tausta.png","contentUrl":"https:\/\/nettiseitti.fi\/showroom\/wp-content\/uploads\/2024\/03\/nettiseitti_lapinakyva_tausta.png","width":2176,"height":741,"caption":"NettiSeitti"},"image":{"@id":"https:\/\/nettiseitti.fi\/showroom\/#\/schema\/logo\/image\/"}}]}},"_links":{"self":[{"href":"https:\/\/nettiseitti.fi\/showroom\/wp-json\/wp\/v2\/product\/14757","targetHints":{"allow":["GET"]}}],"collection":[{"href":"https:\/\/nettiseitti.fi\/showroom\/wp-json\/wp\/v2\/product"}],"about":[{"href":"https:\/\/nettiseitti.fi\/showroom\/wp-json\/wp\/v2\/types\/product"}],"wp:featuredmedia":[{"embeddable":true,"href":"https:\/\/nettiseitti.fi\/showroom\/wp-json\/wp\/v2\/media\/14722"}],"wp:attachment":[{"href":"https:\/\/nettiseitti.fi\/showroom\/wp-json\/wp\/v2\/media?parent=14757"}],"wp:term":[{"taxonomy":"product_brand","embeddable":true,"href":"https:\/\/nettiseitti.fi\/showroom\/wp-json\/wp\/v2\/product_brand?post=14757"},{"taxonomy":"product_cat","embeddable":true,"href":"https:\/\/nettiseitti.fi\/showroom\/wp-json\/wp\/v2\/product_cat?post=14757"},{"taxonomy":"product_tag","embeddable":true,"href":"https:\/\/nettiseitti.fi\/showroom\/wp-json\/wp\/v2\/product_tag?post=14757"}],"curies":[{"name":"wp","href":"https:\/\/api.w.org\/{rel}","templated":true}]}}