{"id":14782,"date":"2025-12-27T19:05:19","date_gmt":"2025-12-27T17:05:19","guid":{"rendered":"https:\/\/nettiseitti.fi\/showroom\/?post_type=product&#038;p=14782"},"modified":"2025-12-27T19:05:20","modified_gmt":"2025-12-27T17:05:20","slug":"lenovo-thinkpad-l16-gen-2-16%e2%80%b3-wuxga-amd-ryzen-5-pro-215-16gb-ddr5-512gb-m-2-nvme-ssd-4g-lte-modeemi-windows-11-pro-3os-yrityskannettava","status":"publish","type":"product","link":"https:\/\/nettiseitti.fi\/showroom\/tuote\/lenovo-thinkpad-l16-gen-2-16%e2%80%b3-wuxga-amd-ryzen-5-pro-215-16gb-ddr5-512gb-m-2-nvme-ssd-4g-lte-modeemi-windows-11-pro-3os-yrityskannettava\/","title":{"rendered":"Lenovo ThinkPad L16 Gen 2 16\u2033 WUXGA \/ AMD Ryzen 5 PRO 215 \/ 16GB DDR5 \/ 512GB M.2 NVMe SSD \/ 4G LTE -modeemi \/ Windows 11 Pro \/ 3OS -yrityskannettava"},"content":{"rendered":"<p>Nopeiden vasteaikojen ansiosta se on ihanteellinen moniajoon.<br \/>\nTehosta tuottavuuttasi kattavilla ominaisuuksilla ja parannetulla k\u00e4ytt\u00f6kokemuksella.<\/p>\n<p>Ominaisuuksia:<\/p>\n<ul>\n<li>512GB M.2 NVMe SSD-levy<\/li>\n<li>AMD Ryzen 5 PRO 215 6-ydinprosessori (max 4.70GHz, 16MB v\u00e4limuisti)<\/li>\n<li>16GB DDR5 5600 Mhz (1x16GB) -muistia, max 64GB, yksi vapaa paikka<\/li>\n<li>Integroitu n\u00e4yt\u00f6nohjain: AMD Radeon 740M Graphics<\/li>\n<li>Akun kapasiteetti 57Wh<\/li>\n<li>16\u2033 WUXGA (1920\u00d71200) IPS-n\u00e4ytt\u00f6, kirkkaus: 400 cd\/m2, virkistystaajuus: 60Hz<\/li>\n<li>Infrapunakamera 5.0MP ja Privacy Shutter suoja<\/li>\n<li>Taustavalaistu ThinkPad n\u00e4pp\u00e4imist\u00f6<\/li>\n<li>N\u00e4pp\u00e4imist\u00f6ss\u00e4 erillinen numeron\u00e4pp\u00e4imist\u00f6<\/li>\n<li>Dolby Atmos 2x2W stereokaiuttimet<\/li>\n<li>Sis\u00e4\u00e4nrakennettu mikrofoni<\/li>\n<li>Windows 11 Pro -k\u00e4ytt\u00f6j\u00e4rjestelm\u00e4<\/li>\n<li>Integroitu 4G LTE -modeemi, Nano-SIM<\/li>\n<li>Kensington Nano turvalukkopaikka (2.5x6mm)<\/li>\n<li>Sormenj\u00e4lkilukija ja Smart Card Reader<\/li>\n<li>Wi-Fi 7 ja Bluetooth 5.4<\/li>\n<li>Liit\u00e4nn\u00e4t: 1x USB 2.0, 1x USB 3.2 Gen 1, 1x USB 3.2 Gen 1 (Always On), 2x USB4 (supports Thunderbolt 4, DisplayPort 1.4a Alt Mode) (Power Delivery 3.1), 1x HDMI (4K-tuki), 1x Kuuloke\/mikrofoni-yhdistelm\u00e4liitin (mini-phone 3,5 mm), 1x LAN (RJ-45)<\/li>\n<li>3 vuoden Onsite-takuu<\/li>\n<\/ul>\n<p>Kauttamme my\u00f6s muut kannettavat ja tarvikkeet, ota yhteytt\u00e4 !<\/p>\n<p>Kysy ajantasainen hinnasto ja lis\u00e4tietoja ottamalla meihin yhteytt\u00e4.<br \/>\nMy\u00f6s toimitus mahdollista riippuen tilatuista tuotteista sek\u00e4 sovittaessa laitteiden konfigurointi k\u00e4ytt\u00f6kuntoon asennettuna.<\/p>\n<p>Ota yhteytt\u00e4:<br \/>\nPuh. <a href=\"tel:0401523801\">040 1523801<\/a><br \/>\nS\u00e4hk\u00f6posti: myynti [at] nettiseitti.fi<\/p>\n","protected":false},"excerpt":{"rendered":"<p>Suorituskykyinen kannettava 4G LTE -modeemilla, joka helpottaa moniajoa ja lis\u00e4\u00e4 tuottavuutta.<\/p>\n","protected":false},"featured_media":14784,"template":"","meta":{"neve_meta_sidebar":"","neve_meta_container":"","neve_meta_enable_content_width":"off","neve_meta_content_width":100,"neve_meta_title_alignment":"","neve_meta_author_avatar":"","neve_post_elements_order":"","neve_meta_disable_header":"","neve_meta_disable_footer":"","neve_meta_disable_title":""},"product_brand":[],"product_cat":[480],"product_tag":[450,451,100,107,459,106,457,327,446,141,448,449,453,447,108,105,455,161,445,456,98,101,104,454,96,99,97,103,102,458,452,129],"class_list":{"0":"post-14782","1":"product","2":"type-product","3":"status-publish","4":"has-post-thumbnail","6":"product_cat-kannettavat","7":"product_tag-ahtari","8":"product_tag-alavus","9":"product_tag-etela-pohjanmaa","10":"product_tag-etela-suomi","11":"product_tag-hameenlinna","12":"product_tag-huittinen","13":"product_tag-ikaalinen","14":"product_tag-jalasjarvi","15":"product_tag-kankaanpaa","16":"product_tag-kannettava","17":"product_tag-karvia","18":"product_tag-kauhajoki","19":"product_tag-kauhava","20":"product_tag-kihnio","21":"product_tag-lansi-suomi","22":"product_tag-lapua","23":"product_tag-lempaala","24":"product_tag-lenovo","25":"product_tag-nokia","26":"product_tag-parkano","27":"product_tag-pirkanmaa","28":"product_tag-pohjanmaa","29":"product_tag-pori","30":"product_tag-rauma","31":"product_tag-sastamala","32":"product_tag-satakunta","33":"product_tag-seinajoki","34":"product_tag-tampere","35":"product_tag-vaasa","36":"product_tag-virrat","37":"product_tag-ylojarvi","38":"product_tag-yrityslappari","40":"first","41":"instock","42":"shipping-taxable","43":"product-type-simple"},"yoast_head":"<!-- This site is optimized with the Yoast SEO plugin v27.4 - https:\/\/yoast.com\/product\/yoast-seo-wordpress\/ -->\n<title>Lenovo ThinkPad L16 Gen 2 16\u2033 WUXGA \/ AMD Ryzen 5 PRO 215 \/ 16GB DDR5 \/ 512GB M.2 NVMe SSD \/ 4G LTE -modeemi \/ Windows 11 Pro \/ 3OS -yrityskannettava - NettiSeitti<\/title>\n<meta name=\"description\" content=\"Suorituskykyinen kannettava 4G LTE -modeemilla, joka helpottaa moniajoa ja lis\u00e4\u00e4 tuottavuutta. Pirkanmaa, Satakunta, Etel\u00e4-Pohjanmaa, Pohjanmaa, Sein\u00e4joki.\" \/>\n<meta name=\"robots\" content=\"index, follow, max-snippet:-1, max-image-preview:large, max-video-preview:-1\" \/>\n<link rel=\"canonical\" href=\"https:\/\/nettiseitti.fi\/showroom\/tuote\/lenovo-thinkpad-l16-gen-2-16\u2033-wuxga-amd-ryzen-5-pro-215-16gb-ddr5-512gb-m-2-nvme-ssd-4g-lte-modeemi-windows-11-pro-3os-yrityskannettava\/\" \/>\n<meta property=\"og:locale\" content=\"fi_FI\" \/>\n<meta property=\"og:type\" content=\"article\" \/>\n<meta property=\"og:title\" content=\"Lenovo ThinkPad L16 Gen 2 16\u2033 WUXGA \/ AMD Ryzen 5 PRO 215 \/ 16GB DDR5 \/ 512GB M.2 NVMe SSD \/ 4G LTE -modeemi \/ Windows 11 Pro \/ 3OS -yrityskannettava - NettiSeitti\" \/>\n<meta property=\"og:description\" content=\"Suorituskykyinen kannettava 4G LTE -modeemilla, joka helpottaa moniajoa ja lis\u00e4\u00e4 tuottavuutta. Pirkanmaa, Satakunta, Etel\u00e4-Pohjanmaa, Pohjanmaa, Sein\u00e4joki.\" \/>\n<meta property=\"og:url\" content=\"https:\/\/nettiseitti.fi\/showroom\/tuote\/lenovo-thinkpad-l16-gen-2-16\u2033-wuxga-amd-ryzen-5-pro-215-16gb-ddr5-512gb-m-2-nvme-ssd-4g-lte-modeemi-windows-11-pro-3os-yrityskannettava\/\" \/>\n<meta property=\"og:site_name\" content=\"NettiSeitti\" \/>\n<meta property=\"article:modified_time\" content=\"2025-12-27T17:05:20+00:00\" \/>\n<meta property=\"og:image\" content=\"https:\/\/nettiseitti.fi\/showroom\/wp-content\/uploads\/2025\/12\/lenovo_l16_r5pro_g2.jpg\" \/>\n\t<meta property=\"og:image:width\" content=\"881\" \/>\n\t<meta property=\"og:image:height\" content=\"733\" \/>\n\t<meta property=\"og:image:type\" content=\"image\/jpeg\" \/>\n<meta name=\"twitter:card\" content=\"summary_large_image\" \/>\n<meta name=\"twitter:label1\" content=\"Arvioitu lukuaika\" \/>\n\t<meta name=\"twitter:data1\" content=\"2 minuuttia\" \/>\n<script type=\"application\/ld+json\" class=\"yoast-schema-graph\">{\"@context\":\"https:\\\/\\\/schema.org\",\"@graph\":[{\"@type\":\"WebPage\",\"@id\":\"https:\\\/\\\/nettiseitti.fi\\\/showroom\\\/tuote\\\/lenovo-thinkpad-l16-gen-2-16%e2%80%b3-wuxga-amd-ryzen-5-pro-215-16gb-ddr5-512gb-m-2-nvme-ssd-4g-lte-modeemi-windows-11-pro-3os-yrityskannettava\\\/\",\"url\":\"https:\\\/\\\/nettiseitti.fi\\\/showroom\\\/tuote\\\/lenovo-thinkpad-l16-gen-2-16%e2%80%b3-wuxga-amd-ryzen-5-pro-215-16gb-ddr5-512gb-m-2-nvme-ssd-4g-lte-modeemi-windows-11-pro-3os-yrityskannettava\\\/\",\"name\":\"Lenovo ThinkPad L16 Gen 2 16\u2033 WUXGA \\\/ AMD Ryzen 5 PRO 215 \\\/ 16GB DDR5 \\\/ 512GB M.2 NVMe SSD \\\/ 4G LTE -modeemi \\\/ Windows 11 Pro \\\/ 3OS -yrityskannettava - NettiSeitti\",\"isPartOf\":{\"@id\":\"https:\\\/\\\/nettiseitti.fi\\\/showroom\\\/#website\"},\"primaryImageOfPage\":{\"@id\":\"https:\\\/\\\/nettiseitti.fi\\\/showroom\\\/tuote\\\/lenovo-thinkpad-l16-gen-2-16%e2%80%b3-wuxga-amd-ryzen-5-pro-215-16gb-ddr5-512gb-m-2-nvme-ssd-4g-lte-modeemi-windows-11-pro-3os-yrityskannettava\\\/#primaryimage\"},\"image\":{\"@id\":\"https:\\\/\\\/nettiseitti.fi\\\/showroom\\\/tuote\\\/lenovo-thinkpad-l16-gen-2-16%e2%80%b3-wuxga-amd-ryzen-5-pro-215-16gb-ddr5-512gb-m-2-nvme-ssd-4g-lte-modeemi-windows-11-pro-3os-yrityskannettava\\\/#primaryimage\"},\"thumbnailUrl\":\"https:\\\/\\\/nettiseitti.fi\\\/showroom\\\/wp-content\\\/uploads\\\/2025\\\/12\\\/lenovo_l16_r5pro_g2.jpg\",\"datePublished\":\"2025-12-27T17:05:19+00:00\",\"dateModified\":\"2025-12-27T17:05:20+00:00\",\"description\":\"Suorituskykyinen kannettava 4G LTE -modeemilla, joka helpottaa moniajoa ja lis\u00e4\u00e4 tuottavuutta. Pirkanmaa, Satakunta, Etel\u00e4-Pohjanmaa, Pohjanmaa, Sein\u00e4joki.\",\"breadcrumb\":{\"@id\":\"https:\\\/\\\/nettiseitti.fi\\\/showroom\\\/tuote\\\/lenovo-thinkpad-l16-gen-2-16%e2%80%b3-wuxga-amd-ryzen-5-pro-215-16gb-ddr5-512gb-m-2-nvme-ssd-4g-lte-modeemi-windows-11-pro-3os-yrityskannettava\\\/#breadcrumb\"},\"inLanguage\":\"fi\",\"potentialAction\":[{\"@type\":\"ReadAction\",\"target\":[\"https:\\\/\\\/nettiseitti.fi\\\/showroom\\\/tuote\\\/lenovo-thinkpad-l16-gen-2-16%e2%80%b3-wuxga-amd-ryzen-5-pro-215-16gb-ddr5-512gb-m-2-nvme-ssd-4g-lte-modeemi-windows-11-pro-3os-yrityskannettava\\\/\"]}]},{\"@type\":\"ImageObject\",\"inLanguage\":\"fi\",\"@id\":\"https:\\\/\\\/nettiseitti.fi\\\/showroom\\\/tuote\\\/lenovo-thinkpad-l16-gen-2-16%e2%80%b3-wuxga-amd-ryzen-5-pro-215-16gb-ddr5-512gb-m-2-nvme-ssd-4g-lte-modeemi-windows-11-pro-3os-yrityskannettava\\\/#primaryimage\",\"url\":\"https:\\\/\\\/nettiseitti.fi\\\/showroom\\\/wp-content\\\/uploads\\\/2025\\\/12\\\/lenovo_l16_r5pro_g2.jpg\",\"contentUrl\":\"https:\\\/\\\/nettiseitti.fi\\\/showroom\\\/wp-content\\\/uploads\\\/2025\\\/12\\\/lenovo_l16_r5pro_g2.jpg\",\"width\":881,\"height\":733},{\"@type\":\"BreadcrumbList\",\"@id\":\"https:\\\/\\\/nettiseitti.fi\\\/showroom\\\/tuote\\\/lenovo-thinkpad-l16-gen-2-16%e2%80%b3-wuxga-amd-ryzen-5-pro-215-16gb-ddr5-512gb-m-2-nvme-ssd-4g-lte-modeemi-windows-11-pro-3os-yrityskannettava\\\/#breadcrumb\",\"itemListElement\":[{\"@type\":\"ListItem\",\"position\":1,\"name\":\"Etusivu\",\"item\":\"https:\\\/\\\/nettiseitti.fi\\\/showroom\\\/\"},{\"@type\":\"ListItem\",\"position\":2,\"name\":\"Tuotteet\",\"item\":\"https:\\\/\\\/nettiseitti.fi\\\/showroom\\\/tuotteet\\\/\"},{\"@type\":\"ListItem\",\"position\":3,\"name\":\"Lenovo ThinkPad L16 Gen 2 16\u2033 WUXGA \\\/ AMD Ryzen 5 PRO 215 \\\/ 16GB DDR5 \\\/ 512GB M.2 NVMe SSD \\\/ 4G LTE -modeemi \\\/ Windows 11 Pro \\\/ 3OS -yrityskannettava\"}]},{\"@type\":\"WebSite\",\"@id\":\"https:\\\/\\\/nettiseitti.fi\\\/showroom\\\/#website\",\"url\":\"https:\\\/\\\/nettiseitti.fi\\\/showroom\\\/\",\"name\":\"NettiSeitti\",\"description\":\"\",\"publisher\":{\"@id\":\"https:\\\/\\\/nettiseitti.fi\\\/showroom\\\/#organization\"},\"potentialAction\":[{\"@type\":\"SearchAction\",\"target\":{\"@type\":\"EntryPoint\",\"urlTemplate\":\"https:\\\/\\\/nettiseitti.fi\\\/showroom\\\/?s={search_term_string}\"},\"query-input\":{\"@type\":\"PropertyValueSpecification\",\"valueRequired\":true,\"valueName\":\"search_term_string\"}}],\"inLanguage\":\"fi\"},{\"@type\":\"Organization\",\"@id\":\"https:\\\/\\\/nettiseitti.fi\\\/showroom\\\/#organization\",\"name\":\"NettiSeitti\",\"url\":\"https:\\\/\\\/nettiseitti.fi\\\/showroom\\\/\",\"logo\":{\"@type\":\"ImageObject\",\"inLanguage\":\"fi\",\"@id\":\"https:\\\/\\\/nettiseitti.fi\\\/showroom\\\/#\\\/schema\\\/logo\\\/image\\\/\",\"url\":\"https:\\\/\\\/nettiseitti.fi\\\/showroom\\\/wp-content\\\/uploads\\\/2024\\\/03\\\/nettiseitti_lapinakyva_tausta.png\",\"contentUrl\":\"https:\\\/\\\/nettiseitti.fi\\\/showroom\\\/wp-content\\\/uploads\\\/2024\\\/03\\\/nettiseitti_lapinakyva_tausta.png\",\"width\":2176,\"height\":741,\"caption\":\"NettiSeitti\"},\"image\":{\"@id\":\"https:\\\/\\\/nettiseitti.fi\\\/showroom\\\/#\\\/schema\\\/logo\\\/image\\\/\"}}]}<\/script>\n<!-- \/ Yoast SEO plugin. -->","yoast_head_json":{"title":"Lenovo ThinkPad L16 Gen 2 16\u2033 WUXGA \/ AMD Ryzen 5 PRO 215 \/ 16GB DDR5 \/ 512GB M.2 NVMe SSD \/ 4G LTE -modeemi \/ Windows 11 Pro \/ 3OS -yrityskannettava - NettiSeitti","description":"Suorituskykyinen kannettava 4G LTE -modeemilla, joka helpottaa moniajoa ja lis\u00e4\u00e4 tuottavuutta. Pirkanmaa, Satakunta, Etel\u00e4-Pohjanmaa, Pohjanmaa, Sein\u00e4joki.","robots":{"index":"index","follow":"follow","max-snippet":"max-snippet:-1","max-image-preview":"max-image-preview:large","max-video-preview":"max-video-preview:-1"},"canonical":"https:\/\/nettiseitti.fi\/showroom\/tuote\/lenovo-thinkpad-l16-gen-2-16\u2033-wuxga-amd-ryzen-5-pro-215-16gb-ddr5-512gb-m-2-nvme-ssd-4g-lte-modeemi-windows-11-pro-3os-yrityskannettava\/","og_locale":"fi_FI","og_type":"article","og_title":"Lenovo ThinkPad L16 Gen 2 16\u2033 WUXGA \/ AMD Ryzen 5 PRO 215 \/ 16GB DDR5 \/ 512GB M.2 NVMe SSD \/ 4G LTE -modeemi \/ Windows 11 Pro \/ 3OS -yrityskannettava - NettiSeitti","og_description":"Suorituskykyinen kannettava 4G LTE -modeemilla, joka helpottaa moniajoa ja lis\u00e4\u00e4 tuottavuutta. Pirkanmaa, Satakunta, Etel\u00e4-Pohjanmaa, Pohjanmaa, Sein\u00e4joki.","og_url":"https:\/\/nettiseitti.fi\/showroom\/tuote\/lenovo-thinkpad-l16-gen-2-16\u2033-wuxga-amd-ryzen-5-pro-215-16gb-ddr5-512gb-m-2-nvme-ssd-4g-lte-modeemi-windows-11-pro-3os-yrityskannettava\/","og_site_name":"NettiSeitti","article_modified_time":"2025-12-27T17:05:20+00:00","og_image":[{"width":881,"height":733,"url":"https:\/\/nettiseitti.fi\/showroom\/wp-content\/uploads\/2025\/12\/lenovo_l16_r5pro_g2.jpg","type":"image\/jpeg"}],"twitter_card":"summary_large_image","twitter_misc":{"Arvioitu lukuaika":"2 minuuttia"},"schema":{"@context":"https:\/\/schema.org","@graph":[{"@type":"WebPage","@id":"https:\/\/nettiseitti.fi\/showroom\/tuote\/lenovo-thinkpad-l16-gen-2-16%e2%80%b3-wuxga-amd-ryzen-5-pro-215-16gb-ddr5-512gb-m-2-nvme-ssd-4g-lte-modeemi-windows-11-pro-3os-yrityskannettava\/","url":"https:\/\/nettiseitti.fi\/showroom\/tuote\/lenovo-thinkpad-l16-gen-2-16%e2%80%b3-wuxga-amd-ryzen-5-pro-215-16gb-ddr5-512gb-m-2-nvme-ssd-4g-lte-modeemi-windows-11-pro-3os-yrityskannettava\/","name":"Lenovo ThinkPad L16 Gen 2 16\u2033 WUXGA \/ AMD Ryzen 5 PRO 215 \/ 16GB DDR5 \/ 512GB M.2 NVMe SSD \/ 4G LTE -modeemi \/ Windows 11 Pro \/ 3OS -yrityskannettava - NettiSeitti","isPartOf":{"@id":"https:\/\/nettiseitti.fi\/showroom\/#website"},"primaryImageOfPage":{"@id":"https:\/\/nettiseitti.fi\/showroom\/tuote\/lenovo-thinkpad-l16-gen-2-16%e2%80%b3-wuxga-amd-ryzen-5-pro-215-16gb-ddr5-512gb-m-2-nvme-ssd-4g-lte-modeemi-windows-11-pro-3os-yrityskannettava\/#primaryimage"},"image":{"@id":"https:\/\/nettiseitti.fi\/showroom\/tuote\/lenovo-thinkpad-l16-gen-2-16%e2%80%b3-wuxga-amd-ryzen-5-pro-215-16gb-ddr5-512gb-m-2-nvme-ssd-4g-lte-modeemi-windows-11-pro-3os-yrityskannettava\/#primaryimage"},"thumbnailUrl":"https:\/\/nettiseitti.fi\/showroom\/wp-content\/uploads\/2025\/12\/lenovo_l16_r5pro_g2.jpg","datePublished":"2025-12-27T17:05:19+00:00","dateModified":"2025-12-27T17:05:20+00:00","description":"Suorituskykyinen kannettava 4G LTE -modeemilla, joka helpottaa moniajoa ja lis\u00e4\u00e4 tuottavuutta. Pirkanmaa, Satakunta, Etel\u00e4-Pohjanmaa, Pohjanmaa, Sein\u00e4joki.","breadcrumb":{"@id":"https:\/\/nettiseitti.fi\/showroom\/tuote\/lenovo-thinkpad-l16-gen-2-16%e2%80%b3-wuxga-amd-ryzen-5-pro-215-16gb-ddr5-512gb-m-2-nvme-ssd-4g-lte-modeemi-windows-11-pro-3os-yrityskannettava\/#breadcrumb"},"inLanguage":"fi","potentialAction":[{"@type":"ReadAction","target":["https:\/\/nettiseitti.fi\/showroom\/tuote\/lenovo-thinkpad-l16-gen-2-16%e2%80%b3-wuxga-amd-ryzen-5-pro-215-16gb-ddr5-512gb-m-2-nvme-ssd-4g-lte-modeemi-windows-11-pro-3os-yrityskannettava\/"]}]},{"@type":"ImageObject","inLanguage":"fi","@id":"https:\/\/nettiseitti.fi\/showroom\/tuote\/lenovo-thinkpad-l16-gen-2-16%e2%80%b3-wuxga-amd-ryzen-5-pro-215-16gb-ddr5-512gb-m-2-nvme-ssd-4g-lte-modeemi-windows-11-pro-3os-yrityskannettava\/#primaryimage","url":"https:\/\/nettiseitti.fi\/showroom\/wp-content\/uploads\/2025\/12\/lenovo_l16_r5pro_g2.jpg","contentUrl":"https:\/\/nettiseitti.fi\/showroom\/wp-content\/uploads\/2025\/12\/lenovo_l16_r5pro_g2.jpg","width":881,"height":733},{"@type":"BreadcrumbList","@id":"https:\/\/nettiseitti.fi\/showroom\/tuote\/lenovo-thinkpad-l16-gen-2-16%e2%80%b3-wuxga-amd-ryzen-5-pro-215-16gb-ddr5-512gb-m-2-nvme-ssd-4g-lte-modeemi-windows-11-pro-3os-yrityskannettava\/#breadcrumb","itemListElement":[{"@type":"ListItem","position":1,"name":"Etusivu","item":"https:\/\/nettiseitti.fi\/showroom\/"},{"@type":"ListItem","position":2,"name":"Tuotteet","item":"https:\/\/nettiseitti.fi\/showroom\/tuotteet\/"},{"@type":"ListItem","position":3,"name":"Lenovo ThinkPad L16 Gen 2 16\u2033 WUXGA \/ AMD Ryzen 5 PRO 215 \/ 16GB DDR5 \/ 512GB M.2 NVMe SSD \/ 4G LTE -modeemi \/ Windows 11 Pro \/ 3OS -yrityskannettava"}]},{"@type":"WebSite","@id":"https:\/\/nettiseitti.fi\/showroom\/#website","url":"https:\/\/nettiseitti.fi\/showroom\/","name":"NettiSeitti","description":"","publisher":{"@id":"https:\/\/nettiseitti.fi\/showroom\/#organization"},"potentialAction":[{"@type":"SearchAction","target":{"@type":"EntryPoint","urlTemplate":"https:\/\/nettiseitti.fi\/showroom\/?s={search_term_string}"},"query-input":{"@type":"PropertyValueSpecification","valueRequired":true,"valueName":"search_term_string"}}],"inLanguage":"fi"},{"@type":"Organization","@id":"https:\/\/nettiseitti.fi\/showroom\/#organization","name":"NettiSeitti","url":"https:\/\/nettiseitti.fi\/showroom\/","logo":{"@type":"ImageObject","inLanguage":"fi","@id":"https:\/\/nettiseitti.fi\/showroom\/#\/schema\/logo\/image\/","url":"https:\/\/nettiseitti.fi\/showroom\/wp-content\/uploads\/2024\/03\/nettiseitti_lapinakyva_tausta.png","contentUrl":"https:\/\/nettiseitti.fi\/showroom\/wp-content\/uploads\/2024\/03\/nettiseitti_lapinakyva_tausta.png","width":2176,"height":741,"caption":"NettiSeitti"},"image":{"@id":"https:\/\/nettiseitti.fi\/showroom\/#\/schema\/logo\/image\/"}}]}},"_links":{"self":[{"href":"https:\/\/nettiseitti.fi\/showroom\/wp-json\/wp\/v2\/product\/14782","targetHints":{"allow":["GET"]}}],"collection":[{"href":"https:\/\/nettiseitti.fi\/showroom\/wp-json\/wp\/v2\/product"}],"about":[{"href":"https:\/\/nettiseitti.fi\/showroom\/wp-json\/wp\/v2\/types\/product"}],"wp:featuredmedia":[{"embeddable":true,"href":"https:\/\/nettiseitti.fi\/showroom\/wp-json\/wp\/v2\/media\/14784"}],"wp:attachment":[{"href":"https:\/\/nettiseitti.fi\/showroom\/wp-json\/wp\/v2\/media?parent=14782"}],"wp:term":[{"taxonomy":"product_brand","embeddable":true,"href":"https:\/\/nettiseitti.fi\/showroom\/wp-json\/wp\/v2\/product_brand?post=14782"},{"taxonomy":"product_cat","embeddable":true,"href":"https:\/\/nettiseitti.fi\/showroom\/wp-json\/wp\/v2\/product_cat?post=14782"},{"taxonomy":"product_tag","embeddable":true,"href":"https:\/\/nettiseitti.fi\/showroom\/wp-json\/wp\/v2\/product_tag?post=14782"}],"curies":[{"name":"wp","href":"https:\/\/api.w.org\/{rel}","templated":true}]}}