{"id":14788,"date":"2025-12-31T17:46:32","date_gmt":"2025-12-31T15:46:32","guid":{"rendered":"https:\/\/nettiseitti.fi\/showroom\/?post_type=product&#038;p=14788"},"modified":"2026-02-03T15:06:49","modified_gmt":"2026-02-03T13:06:49","slug":"dell-pro-max-16-mc16250-16-fhd-intel-core-ultra-7-265h-32gb-ddr5-5g-modeemi-nvidia-rtx-pro-1000-1tb-m-2-nvme-ssd-windows-11-pro-3os-yrityskannettava","status":"publish","type":"product","link":"https:\/\/nettiseitti.fi\/showroom\/tuote\/dell-pro-max-16-mc16250-16-fhd-intel-core-ultra-7-265h-32gb-ddr5-5g-modeemi-nvidia-rtx-pro-1000-1tb-m-2-nvme-ssd-windows-11-pro-3os-yrityskannettava\/","title":{"rendered":"DELL Pro Max 16 MC16250 16&#8243; FHD+ \/ Intel Core Ultra 7 265H \/ 32GB DDR5 \/ 5G-modeemi \/ NVIDIA RTX PRO 1000 \/ 1TB M.2 NVMe SSD \/ Windows 11 Pro \/ 3OS -yrityskannettava"},"content":{"rendered":"<p>Loistava vaihtoehto CAD- tai 3D-ty\u00f6h\u00f6n, jossa vaaditaan suorituskykyist\u00e4 laitteistoa my\u00f6s n\u00e4yt\u00f6nohjaimen puolelta.<\/p>\n<p>Ominaisuuksia:<\/p>\n<ul>\n<li>Suorituskykyinen 1TB M.2 NVMe SSD-levy<\/li>\n<li>Intel Core Ultra 7 265H 16-ydinprosessori (max 5.3GHz, 24MB v\u00e4limuisti)<\/li>\n<li>32GB DDR5 5600MHz SODIMM (2x16GB) -muistia<\/li>\n<li>Erillinen n\u00e4yt\u00f6nohjain: NVIDIA RTX PRO 1000 Blackwell<\/li>\n<li>Akun kapasiteetti 96 Wh<\/li>\n<li>16&#8243; Full HD+ (1920&#215;1200) WVA-n\u00e4ytt\u00f6, kirkkaus: 300 cd\/m2, kuvasuhde: 16:10<\/li>\n<li>FHD webkamera<\/li>\n<li>Stereokaiuttimet, mikrofoni<\/li>\n<li>\u00c4lykortinlukija<\/li>\n<li>Sormenj\u00e4lkilukija<\/li>\n<li>Windows 11 Pro -k\u00e4ytt\u00f6j\u00e4rjestelm\u00e4<\/li>\n<li>Wi-Fi 7 ja Bluetooth<\/li>\n<li>Integroitu 5G-modeemi, Nano-SIM<\/li>\n<li>Taustavalaistu n\u00e4pp\u00e4imist\u00f6 numeron\u00e4pp\u00e4imist\u00f6ll\u00e4<\/li>\n<li>Liit\u00e4nn\u00e4t: 1x HDMI, 2x USB4 (supports Thunderbolt 4, DisplayPort 2.1 Alt Mode) (Power Delivery), 1x USB 3.2 Gen 1, 1x USB 3.2 Gen 1 (PowerShare), 1x LAN (RJ-45), 1x Kuuloke\/mikrofoni-yhdistelm\u00e4liitin<\/li>\n<li>Takuu: 3 vuoden Basic Onsite<\/li>\n<\/ul>\n<p>Kauttamme my\u00f6s muut kannettavat ja tarvikkeet, ota yhteytt\u00e4 !<\/p>\n<p>Kysy ajantasainen hinnasto ja lis\u00e4tietoja ottamalla meihin yhteytt\u00e4.<br \/>\nMy\u00f6s toimitus mahdollista riippuen tilatuista tuotteista sek\u00e4 sovittaessa laitteiden konfigurointi k\u00e4ytt\u00f6kuntoon asennettuna.<\/p>\n<p>Ota yhteytt\u00e4:<br \/>\nPuh. <a href=\"tel:0401523801\">040 1523801<\/a><br \/>\nS\u00e4hk\u00f6posti: myynti [at] nettiseitti.fi<\/p>\n<p><img decoding=\"async\" class=\"alignnone  wp-image-14836\" src=\"https:\/\/nettiseitti.fi\/showroom\/wp-content\/uploads\/2025\/12\/dell_authorized_partner-300x87.jpg\" alt=\"\" width=\"176\" height=\"51\" srcset=\"https:\/\/nettiseitti.fi\/showroom\/wp-content\/uploads\/2025\/12\/dell_authorized_partner-300x87.jpg 300w, https:\/\/nettiseitti.fi\/showroom\/wp-content\/uploads\/2025\/12\/dell_authorized_partner-768x223.jpg 768w, https:\/\/nettiseitti.fi\/showroom\/wp-content\/uploads\/2025\/12\/dell_authorized_partner-600x174.jpg 600w, https:\/\/nettiseitti.fi\/showroom\/wp-content\/uploads\/2025\/12\/dell_authorized_partner.jpg 879w\" sizes=\"(max-width: 176px) 100vw, 176px\" \/><\/p>\n","protected":false},"excerpt":{"rendered":"<p>Kannettava, joka on suunniteltu parantamaan tuottavuutta ja liitett\u00e4vyytt\u00e4 mm. 5G-modeeminsa kautta.<\/p>\n","protected":false},"featured_media":14789,"template":"","meta":{"neve_meta_sidebar":"","neve_meta_container":"","neve_meta_enable_content_width":"off","neve_meta_content_width":100,"neve_meta_title_alignment":"","neve_meta_author_avatar":"","neve_post_elements_order":"","neve_meta_disable_header":"","neve_meta_disable_footer":"","neve_meta_disable_title":""},"product_brand":[],"product_cat":[480],"product_tag":[450,451,160,100,107,459,106,457,327,446,141,448,449,453,447,108,105,455,445,456,98,101,104,454,96,99,97,103,102,458,452,129],"class_list":{"0":"post-14788","1":"product","2":"type-product","3":"status-publish","4":"has-post-thumbnail","6":"product_cat-kannettavat","7":"product_tag-ahtari","8":"product_tag-alavus","9":"product_tag-dell","10":"product_tag-etela-pohjanmaa","11":"product_tag-etela-suomi","12":"product_tag-hameenlinna","13":"product_tag-huittinen","14":"product_tag-ikaalinen","15":"product_tag-jalasjarvi","16":"product_tag-kankaanpaa","17":"product_tag-kannettava","18":"product_tag-karvia","19":"product_tag-kauhajoki","20":"product_tag-kauhava","21":"product_tag-kihnio","22":"product_tag-lansi-suomi","23":"product_tag-lapua","24":"product_tag-lempaala","25":"product_tag-nokia","26":"product_tag-parkano","27":"product_tag-pirkanmaa","28":"product_tag-pohjanmaa","29":"product_tag-pori","30":"product_tag-rauma","31":"product_tag-sastamala","32":"product_tag-satakunta","33":"product_tag-seinajoki","34":"product_tag-tampere","35":"product_tag-vaasa","36":"product_tag-virrat","37":"product_tag-ylojarvi","38":"product_tag-yrityslappari","40":"first","41":"instock","42":"shipping-taxable","43":"product-type-simple"},"yoast_head":"<!-- This site is optimized with the Yoast SEO plugin v27.4 - https:\/\/yoast.com\/product\/yoast-seo-wordpress\/ -->\n<title>DELL Pro Max 16 MC16250 16&quot; FHD+ \/ Intel Core Ultra 7 265H \/ 32GB DDR5 \/ 5G-modeemi \/ NVIDIA RTX PRO 1000 \/ 1TB M.2 NVMe SSD \/ Windows 11 Pro \/ 3OS -yrityskannettava - NettiSeitti<\/title>\n<meta name=\"description\" content=\"Kannettava, joka on suunniteltu parantamaan tuottavuutta ja liitett\u00e4vyytt\u00e4 mm. 5G-modeeminsa kautta. Pirkanmaa, Satakunta, Etel\u00e4-Pohjanmaa, Pohjanmaa, Pori.\" \/>\n<meta name=\"robots\" content=\"index, follow, max-snippet:-1, max-image-preview:large, max-video-preview:-1\" \/>\n<link rel=\"canonical\" href=\"https:\/\/nettiseitti.fi\/showroom\/tuote\/dell-pro-max-16-mc16250-16-fhd-intel-core-ultra-7-265h-32gb-ddr5-5g-modeemi-nvidia-rtx-pro-1000-1tb-m-2-nvme-ssd-windows-11-pro-3os-yrityskannettava\/\" \/>\n<meta property=\"og:locale\" content=\"fi_FI\" \/>\n<meta property=\"og:type\" content=\"article\" \/>\n<meta property=\"og:title\" content=\"DELL Pro Max 16 MC16250 16&quot; FHD+ \/ Intel Core Ultra 7 265H \/ 32GB DDR5 \/ 5G-modeemi \/ NVIDIA RTX PRO 1000 \/ 1TB M.2 NVMe SSD \/ Windows 11 Pro \/ 3OS -yrityskannettava - NettiSeitti\" \/>\n<meta property=\"og:description\" content=\"Kannettava, joka on suunniteltu parantamaan tuottavuutta ja liitett\u00e4vyytt\u00e4 mm. 5G-modeeminsa kautta. Pirkanmaa, Satakunta, Etel\u00e4-Pohjanmaa, Pohjanmaa, Pori.\" \/>\n<meta property=\"og:url\" content=\"https:\/\/nettiseitti.fi\/showroom\/tuote\/dell-pro-max-16-mc16250-16-fhd-intel-core-ultra-7-265h-32gb-ddr5-5g-modeemi-nvidia-rtx-pro-1000-1tb-m-2-nvme-ssd-windows-11-pro-3os-yrityskannettava\/\" \/>\n<meta property=\"og:site_name\" content=\"NettiSeitti\" \/>\n<meta property=\"article:modified_time\" content=\"2026-02-03T13:06:49+00:00\" \/>\n<meta property=\"og:image\" content=\"https:\/\/nettiseitti.fi\/showroom\/wp-content\/uploads\/2025\/12\/dell_pro_max_16_u7.jpg\" \/>\n\t<meta property=\"og:image:width\" content=\"665\" \/>\n\t<meta property=\"og:image:height\" content=\"646\" \/>\n\t<meta property=\"og:image:type\" content=\"image\/jpeg\" \/>\n<meta name=\"twitter:card\" content=\"summary_large_image\" \/>\n<meta name=\"twitter:label1\" content=\"Arvioitu lukuaika\" \/>\n\t<meta name=\"twitter:data1\" content=\"2 minuuttia\" \/>\n<script type=\"application\/ld+json\" class=\"yoast-schema-graph\">{\"@context\":\"https:\\\/\\\/schema.org\",\"@graph\":[{\"@type\":\"WebPage\",\"@id\":\"https:\\\/\\\/nettiseitti.fi\\\/showroom\\\/tuote\\\/dell-pro-max-16-mc16250-16-fhd-intel-core-ultra-7-265h-32gb-ddr5-5g-modeemi-nvidia-rtx-pro-1000-1tb-m-2-nvme-ssd-windows-11-pro-3os-yrityskannettava\\\/\",\"url\":\"https:\\\/\\\/nettiseitti.fi\\\/showroom\\\/tuote\\\/dell-pro-max-16-mc16250-16-fhd-intel-core-ultra-7-265h-32gb-ddr5-5g-modeemi-nvidia-rtx-pro-1000-1tb-m-2-nvme-ssd-windows-11-pro-3os-yrityskannettava\\\/\",\"name\":\"DELL Pro Max 16 MC16250 16\\\" FHD+ \\\/ Intel Core Ultra 7 265H \\\/ 32GB DDR5 \\\/ 5G-modeemi \\\/ NVIDIA RTX PRO 1000 \\\/ 1TB M.2 NVMe SSD \\\/ Windows 11 Pro \\\/ 3OS -yrityskannettava - NettiSeitti\",\"isPartOf\":{\"@id\":\"https:\\\/\\\/nettiseitti.fi\\\/showroom\\\/#website\"},\"primaryImageOfPage\":{\"@id\":\"https:\\\/\\\/nettiseitti.fi\\\/showroom\\\/tuote\\\/dell-pro-max-16-mc16250-16-fhd-intel-core-ultra-7-265h-32gb-ddr5-5g-modeemi-nvidia-rtx-pro-1000-1tb-m-2-nvme-ssd-windows-11-pro-3os-yrityskannettava\\\/#primaryimage\"},\"image\":{\"@id\":\"https:\\\/\\\/nettiseitti.fi\\\/showroom\\\/tuote\\\/dell-pro-max-16-mc16250-16-fhd-intel-core-ultra-7-265h-32gb-ddr5-5g-modeemi-nvidia-rtx-pro-1000-1tb-m-2-nvme-ssd-windows-11-pro-3os-yrityskannettava\\\/#primaryimage\"},\"thumbnailUrl\":\"https:\\\/\\\/nettiseitti.fi\\\/showroom\\\/wp-content\\\/uploads\\\/2025\\\/12\\\/dell_pro_max_16_u7.jpg\",\"datePublished\":\"2025-12-31T15:46:32+00:00\",\"dateModified\":\"2026-02-03T13:06:49+00:00\",\"description\":\"Kannettava, joka on suunniteltu parantamaan tuottavuutta ja liitett\u00e4vyytt\u00e4 mm. 5G-modeeminsa kautta. Pirkanmaa, Satakunta, Etel\u00e4-Pohjanmaa, Pohjanmaa, Pori.\",\"breadcrumb\":{\"@id\":\"https:\\\/\\\/nettiseitti.fi\\\/showroom\\\/tuote\\\/dell-pro-max-16-mc16250-16-fhd-intel-core-ultra-7-265h-32gb-ddr5-5g-modeemi-nvidia-rtx-pro-1000-1tb-m-2-nvme-ssd-windows-11-pro-3os-yrityskannettava\\\/#breadcrumb\"},\"inLanguage\":\"fi\",\"potentialAction\":[{\"@type\":\"ReadAction\",\"target\":[\"https:\\\/\\\/nettiseitti.fi\\\/showroom\\\/tuote\\\/dell-pro-max-16-mc16250-16-fhd-intel-core-ultra-7-265h-32gb-ddr5-5g-modeemi-nvidia-rtx-pro-1000-1tb-m-2-nvme-ssd-windows-11-pro-3os-yrityskannettava\\\/\"]}]},{\"@type\":\"ImageObject\",\"inLanguage\":\"fi\",\"@id\":\"https:\\\/\\\/nettiseitti.fi\\\/showroom\\\/tuote\\\/dell-pro-max-16-mc16250-16-fhd-intel-core-ultra-7-265h-32gb-ddr5-5g-modeemi-nvidia-rtx-pro-1000-1tb-m-2-nvme-ssd-windows-11-pro-3os-yrityskannettava\\\/#primaryimage\",\"url\":\"https:\\\/\\\/nettiseitti.fi\\\/showroom\\\/wp-content\\\/uploads\\\/2025\\\/12\\\/dell_pro_max_16_u7.jpg\",\"contentUrl\":\"https:\\\/\\\/nettiseitti.fi\\\/showroom\\\/wp-content\\\/uploads\\\/2025\\\/12\\\/dell_pro_max_16_u7.jpg\",\"width\":665,\"height\":646},{\"@type\":\"BreadcrumbList\",\"@id\":\"https:\\\/\\\/nettiseitti.fi\\\/showroom\\\/tuote\\\/dell-pro-max-16-mc16250-16-fhd-intel-core-ultra-7-265h-32gb-ddr5-5g-modeemi-nvidia-rtx-pro-1000-1tb-m-2-nvme-ssd-windows-11-pro-3os-yrityskannettava\\\/#breadcrumb\",\"itemListElement\":[{\"@type\":\"ListItem\",\"position\":1,\"name\":\"Etusivu\",\"item\":\"https:\\\/\\\/nettiseitti.fi\\\/showroom\\\/\"},{\"@type\":\"ListItem\",\"position\":2,\"name\":\"Tuotteet\",\"item\":\"https:\\\/\\\/nettiseitti.fi\\\/showroom\\\/tuotteet\\\/\"},{\"@type\":\"ListItem\",\"position\":3,\"name\":\"DELL Pro Max 16 MC16250 16&#8243; FHD+ \\\/ Intel Core Ultra 7 265H \\\/ 32GB DDR5 \\\/ 5G-modeemi \\\/ NVIDIA RTX PRO 1000 \\\/ 1TB M.2 NVMe SSD \\\/ Windows 11 Pro \\\/ 3OS -yrityskannettava\"}]},{\"@type\":\"WebSite\",\"@id\":\"https:\\\/\\\/nettiseitti.fi\\\/showroom\\\/#website\",\"url\":\"https:\\\/\\\/nettiseitti.fi\\\/showroom\\\/\",\"name\":\"NettiSeitti\",\"description\":\"\",\"publisher\":{\"@id\":\"https:\\\/\\\/nettiseitti.fi\\\/showroom\\\/#organization\"},\"potentialAction\":[{\"@type\":\"SearchAction\",\"target\":{\"@type\":\"EntryPoint\",\"urlTemplate\":\"https:\\\/\\\/nettiseitti.fi\\\/showroom\\\/?s={search_term_string}\"},\"query-input\":{\"@type\":\"PropertyValueSpecification\",\"valueRequired\":true,\"valueName\":\"search_term_string\"}}],\"inLanguage\":\"fi\"},{\"@type\":\"Organization\",\"@id\":\"https:\\\/\\\/nettiseitti.fi\\\/showroom\\\/#organization\",\"name\":\"NettiSeitti\",\"url\":\"https:\\\/\\\/nettiseitti.fi\\\/showroom\\\/\",\"logo\":{\"@type\":\"ImageObject\",\"inLanguage\":\"fi\",\"@id\":\"https:\\\/\\\/nettiseitti.fi\\\/showroom\\\/#\\\/schema\\\/logo\\\/image\\\/\",\"url\":\"https:\\\/\\\/nettiseitti.fi\\\/showroom\\\/wp-content\\\/uploads\\\/2024\\\/03\\\/nettiseitti_lapinakyva_tausta.png\",\"contentUrl\":\"https:\\\/\\\/nettiseitti.fi\\\/showroom\\\/wp-content\\\/uploads\\\/2024\\\/03\\\/nettiseitti_lapinakyva_tausta.png\",\"width\":2176,\"height\":741,\"caption\":\"NettiSeitti\"},\"image\":{\"@id\":\"https:\\\/\\\/nettiseitti.fi\\\/showroom\\\/#\\\/schema\\\/logo\\\/image\\\/\"}}]}<\/script>\n<!-- \/ Yoast SEO plugin. -->","yoast_head_json":{"title":"DELL Pro Max 16 MC16250 16\" FHD+ \/ Intel Core Ultra 7 265H \/ 32GB DDR5 \/ 5G-modeemi \/ NVIDIA RTX PRO 1000 \/ 1TB M.2 NVMe SSD \/ Windows 11 Pro \/ 3OS -yrityskannettava - NettiSeitti","description":"Kannettava, joka on suunniteltu parantamaan tuottavuutta ja liitett\u00e4vyytt\u00e4 mm. 5G-modeeminsa kautta. Pirkanmaa, Satakunta, Etel\u00e4-Pohjanmaa, Pohjanmaa, Pori.","robots":{"index":"index","follow":"follow","max-snippet":"max-snippet:-1","max-image-preview":"max-image-preview:large","max-video-preview":"max-video-preview:-1"},"canonical":"https:\/\/nettiseitti.fi\/showroom\/tuote\/dell-pro-max-16-mc16250-16-fhd-intel-core-ultra-7-265h-32gb-ddr5-5g-modeemi-nvidia-rtx-pro-1000-1tb-m-2-nvme-ssd-windows-11-pro-3os-yrityskannettava\/","og_locale":"fi_FI","og_type":"article","og_title":"DELL Pro Max 16 MC16250 16\" FHD+ \/ Intel Core Ultra 7 265H \/ 32GB DDR5 \/ 5G-modeemi \/ NVIDIA RTX PRO 1000 \/ 1TB M.2 NVMe SSD \/ Windows 11 Pro \/ 3OS -yrityskannettava - NettiSeitti","og_description":"Kannettava, joka on suunniteltu parantamaan tuottavuutta ja liitett\u00e4vyytt\u00e4 mm. 5G-modeeminsa kautta. Pirkanmaa, Satakunta, Etel\u00e4-Pohjanmaa, Pohjanmaa, Pori.","og_url":"https:\/\/nettiseitti.fi\/showroom\/tuote\/dell-pro-max-16-mc16250-16-fhd-intel-core-ultra-7-265h-32gb-ddr5-5g-modeemi-nvidia-rtx-pro-1000-1tb-m-2-nvme-ssd-windows-11-pro-3os-yrityskannettava\/","og_site_name":"NettiSeitti","article_modified_time":"2026-02-03T13:06:49+00:00","og_image":[{"width":665,"height":646,"url":"https:\/\/nettiseitti.fi\/showroom\/wp-content\/uploads\/2025\/12\/dell_pro_max_16_u7.jpg","type":"image\/jpeg"}],"twitter_card":"summary_large_image","twitter_misc":{"Arvioitu lukuaika":"2 minuuttia"},"schema":{"@context":"https:\/\/schema.org","@graph":[{"@type":"WebPage","@id":"https:\/\/nettiseitti.fi\/showroom\/tuote\/dell-pro-max-16-mc16250-16-fhd-intel-core-ultra-7-265h-32gb-ddr5-5g-modeemi-nvidia-rtx-pro-1000-1tb-m-2-nvme-ssd-windows-11-pro-3os-yrityskannettava\/","url":"https:\/\/nettiseitti.fi\/showroom\/tuote\/dell-pro-max-16-mc16250-16-fhd-intel-core-ultra-7-265h-32gb-ddr5-5g-modeemi-nvidia-rtx-pro-1000-1tb-m-2-nvme-ssd-windows-11-pro-3os-yrityskannettava\/","name":"DELL Pro Max 16 MC16250 16\" FHD+ \/ Intel Core Ultra 7 265H \/ 32GB DDR5 \/ 5G-modeemi \/ NVIDIA RTX PRO 1000 \/ 1TB M.2 NVMe SSD \/ Windows 11 Pro \/ 3OS -yrityskannettava - NettiSeitti","isPartOf":{"@id":"https:\/\/nettiseitti.fi\/showroom\/#website"},"primaryImageOfPage":{"@id":"https:\/\/nettiseitti.fi\/showroom\/tuote\/dell-pro-max-16-mc16250-16-fhd-intel-core-ultra-7-265h-32gb-ddr5-5g-modeemi-nvidia-rtx-pro-1000-1tb-m-2-nvme-ssd-windows-11-pro-3os-yrityskannettava\/#primaryimage"},"image":{"@id":"https:\/\/nettiseitti.fi\/showroom\/tuote\/dell-pro-max-16-mc16250-16-fhd-intel-core-ultra-7-265h-32gb-ddr5-5g-modeemi-nvidia-rtx-pro-1000-1tb-m-2-nvme-ssd-windows-11-pro-3os-yrityskannettava\/#primaryimage"},"thumbnailUrl":"https:\/\/nettiseitti.fi\/showroom\/wp-content\/uploads\/2025\/12\/dell_pro_max_16_u7.jpg","datePublished":"2025-12-31T15:46:32+00:00","dateModified":"2026-02-03T13:06:49+00:00","description":"Kannettava, joka on suunniteltu parantamaan tuottavuutta ja liitett\u00e4vyytt\u00e4 mm. 5G-modeeminsa kautta. Pirkanmaa, Satakunta, Etel\u00e4-Pohjanmaa, Pohjanmaa, Pori.","breadcrumb":{"@id":"https:\/\/nettiseitti.fi\/showroom\/tuote\/dell-pro-max-16-mc16250-16-fhd-intel-core-ultra-7-265h-32gb-ddr5-5g-modeemi-nvidia-rtx-pro-1000-1tb-m-2-nvme-ssd-windows-11-pro-3os-yrityskannettava\/#breadcrumb"},"inLanguage":"fi","potentialAction":[{"@type":"ReadAction","target":["https:\/\/nettiseitti.fi\/showroom\/tuote\/dell-pro-max-16-mc16250-16-fhd-intel-core-ultra-7-265h-32gb-ddr5-5g-modeemi-nvidia-rtx-pro-1000-1tb-m-2-nvme-ssd-windows-11-pro-3os-yrityskannettava\/"]}]},{"@type":"ImageObject","inLanguage":"fi","@id":"https:\/\/nettiseitti.fi\/showroom\/tuote\/dell-pro-max-16-mc16250-16-fhd-intel-core-ultra-7-265h-32gb-ddr5-5g-modeemi-nvidia-rtx-pro-1000-1tb-m-2-nvme-ssd-windows-11-pro-3os-yrityskannettava\/#primaryimage","url":"https:\/\/nettiseitti.fi\/showroom\/wp-content\/uploads\/2025\/12\/dell_pro_max_16_u7.jpg","contentUrl":"https:\/\/nettiseitti.fi\/showroom\/wp-content\/uploads\/2025\/12\/dell_pro_max_16_u7.jpg","width":665,"height":646},{"@type":"BreadcrumbList","@id":"https:\/\/nettiseitti.fi\/showroom\/tuote\/dell-pro-max-16-mc16250-16-fhd-intel-core-ultra-7-265h-32gb-ddr5-5g-modeemi-nvidia-rtx-pro-1000-1tb-m-2-nvme-ssd-windows-11-pro-3os-yrityskannettava\/#breadcrumb","itemListElement":[{"@type":"ListItem","position":1,"name":"Etusivu","item":"https:\/\/nettiseitti.fi\/showroom\/"},{"@type":"ListItem","position":2,"name":"Tuotteet","item":"https:\/\/nettiseitti.fi\/showroom\/tuotteet\/"},{"@type":"ListItem","position":3,"name":"DELL Pro Max 16 MC16250 16&#8243; FHD+ \/ Intel Core Ultra 7 265H \/ 32GB DDR5 \/ 5G-modeemi \/ NVIDIA RTX PRO 1000 \/ 1TB M.2 NVMe SSD \/ Windows 11 Pro \/ 3OS -yrityskannettava"}]},{"@type":"WebSite","@id":"https:\/\/nettiseitti.fi\/showroom\/#website","url":"https:\/\/nettiseitti.fi\/showroom\/","name":"NettiSeitti","description":"","publisher":{"@id":"https:\/\/nettiseitti.fi\/showroom\/#organization"},"potentialAction":[{"@type":"SearchAction","target":{"@type":"EntryPoint","urlTemplate":"https:\/\/nettiseitti.fi\/showroom\/?s={search_term_string}"},"query-input":{"@type":"PropertyValueSpecification","valueRequired":true,"valueName":"search_term_string"}}],"inLanguage":"fi"},{"@type":"Organization","@id":"https:\/\/nettiseitti.fi\/showroom\/#organization","name":"NettiSeitti","url":"https:\/\/nettiseitti.fi\/showroom\/","logo":{"@type":"ImageObject","inLanguage":"fi","@id":"https:\/\/nettiseitti.fi\/showroom\/#\/schema\/logo\/image\/","url":"https:\/\/nettiseitti.fi\/showroom\/wp-content\/uploads\/2024\/03\/nettiseitti_lapinakyva_tausta.png","contentUrl":"https:\/\/nettiseitti.fi\/showroom\/wp-content\/uploads\/2024\/03\/nettiseitti_lapinakyva_tausta.png","width":2176,"height":741,"caption":"NettiSeitti"},"image":{"@id":"https:\/\/nettiseitti.fi\/showroom\/#\/schema\/logo\/image\/"}}]}},"_links":{"self":[{"href":"https:\/\/nettiseitti.fi\/showroom\/wp-json\/wp\/v2\/product\/14788","targetHints":{"allow":["GET"]}}],"collection":[{"href":"https:\/\/nettiseitti.fi\/showroom\/wp-json\/wp\/v2\/product"}],"about":[{"href":"https:\/\/nettiseitti.fi\/showroom\/wp-json\/wp\/v2\/types\/product"}],"wp:featuredmedia":[{"embeddable":true,"href":"https:\/\/nettiseitti.fi\/showroom\/wp-json\/wp\/v2\/media\/14789"}],"wp:attachment":[{"href":"https:\/\/nettiseitti.fi\/showroom\/wp-json\/wp\/v2\/media?parent=14788"}],"wp:term":[{"taxonomy":"product_brand","embeddable":true,"href":"https:\/\/nettiseitti.fi\/showroom\/wp-json\/wp\/v2\/product_brand?post=14788"},{"taxonomy":"product_cat","embeddable":true,"href":"https:\/\/nettiseitti.fi\/showroom\/wp-json\/wp\/v2\/product_cat?post=14788"},{"taxonomy":"product_tag","embeddable":true,"href":"https:\/\/nettiseitti.fi\/showroom\/wp-json\/wp\/v2\/product_tag?post=14788"}],"curies":[{"name":"wp","href":"https:\/\/api.w.org\/{rel}","templated":true}]}}