{"id":14790,"date":"2025-12-31T22:00:34","date_gmt":"2025-12-31T20:00:34","guid":{"rendered":"https:\/\/nettiseitti.fi\/showroom\/?post_type=product&#038;p=14790"},"modified":"2026-01-01T16:24:02","modified_gmt":"2026-01-01T14:24:02","slug":"hp-zbook-power-g11-16%e2%80%b3-wuxga-intel-core-ultra-7-155h-32gb-ddr5-4g-lte-modeemi-nvidia-rtx-2000-1tb-m-2-nvme-ssd-windows-11-pro-3y-yrityskannettava","status":"publish","type":"product","link":"https:\/\/nettiseitti.fi\/showroom\/tuote\/hp-zbook-power-g11-16%e2%80%b3-wuxga-intel-core-ultra-7-155h-32gb-ddr5-4g-lte-modeemi-nvidia-rtx-2000-1tb-m-2-nvme-ssd-windows-11-pro-3y-yrityskannettava\/","title":{"rendered":"HP ZBook Power G11 16\u2033 WUXGA \/ Intel Core Ultra 7 155H \/ 32GB DDR5 \/ 4G LTE -modeemi \/ NVIDIA RTX 2000 \/ 1TB M.2 NVMe SSD \/ Windows 11 Pro \/ 3Y -yrityskannettava"},"content":{"rendered":"<p>Eritt\u00e4in suorituskykyinen kannettava, joka kulkee k\u00e4tev\u00e4sti mukana ja mahdollistaa esim. CAD-, 3D- ja editointity\u00f6t.<\/p>\n<p>Ominaisuuksia:<\/p>\n<ul>\n<li>Suorituskykyinen 1TB M.2 NVMe SSD-levy<\/li>\n<li>Intel Core Ultra 7 155H 16-ydinprosessori (max 4.8GHz, 24MB v\u00e4limuisti)<\/li>\n<li>32GB DDR5 5600MHz SODIMM (1x32GB) -muistia<\/li>\n<li>Erillinen n\u00e4yt\u00f6nohjain: NVIDIA RTX 2000 Ada<\/li>\n<li>Akun kapasiteetti 83 Wh<\/li>\n<li>16&#8243; WUXGA (1920\u00d71200) IPS-n\u00e4ytt\u00f6, kirkkaus: 400 cd\/m2, kuvasuhde: 16:10<\/li>\n<li>5 megapikselin IR-kamera<\/li>\n<li>Kaksi stereokaiutinta, mikrofoni<\/li>\n<li>Sormenj\u00e4lkilukija<\/li>\n<li>Windows 11 Pro -k\u00e4ytt\u00f6j\u00e4rjestelm\u00e4<\/li>\n<li>Wi-Fi 6E ja Bluetooth 5.3<\/li>\n<li>Integroitu 4G LTE -modeemi, Nano-SIM<\/li>\n<li>Taustavalaistu ja roiskesuojattu n\u00e4pp\u00e4imist\u00f6 numeron\u00e4pp\u00e4imist\u00f6ll\u00e4<\/li>\n<li>Liit\u00e4nn\u00e4t: 2x USB4 (supports Thunderbolt 4, DisplayPort 2.1 Alt Mode) (Power Delivery), 1x USB 3.2 Gen 1 (lataus), 1x USB 3.2 Gen 1, 1x HDMI, 1x Kuuloke\/mikrofoni-yhdistelm\u00e4liitin, 1x LAN (RJ-45), muistikortinlukija<\/li>\n<li>Takuu: 3v On-site<\/li>\n<\/ul>\n<p>Kauttamme my\u00f6s muut kannettavat ja tarvikkeet, ota yhteytt\u00e4 !<\/p>\n<p>Kysy ajantasainen hinnasto ja lis\u00e4tietoja ottamalla meihin yhteytt\u00e4.<br \/>\nMy\u00f6s toimitus mahdollista riippuen tilatuista tuotteista sek\u00e4 sovittaessa laitteiden konfigurointi k\u00e4ytt\u00f6kuntoon asennettuna.<\/p>\n<p>Ota yhteytt\u00e4:<br \/>\nPuh. <a href=\"tel:0401523801\">040 1523801<\/a><br \/>\nS\u00e4hk\u00f6posti: myynti [at] nettiseitti.fi<\/p>\n<p><img decoding=\"async\" class=\"alignnone wp-image-12074\" src=\"https:\/\/nettiseitti.fi\/showroom\/wp-content\/uploads\/2024\/03\/hp-300x148.png\" alt=\"\" width=\"156\" height=\"77\" srcset=\"https:\/\/nettiseitti.fi\/showroom\/wp-content\/uploads\/2024\/03\/hp-300x148.png 300w, https:\/\/nettiseitti.fi\/showroom\/wp-content\/uploads\/2024\/03\/hp-600x295.png 600w, https:\/\/nettiseitti.fi\/showroom\/wp-content\/uploads\/2024\/03\/hp.png 638w\" sizes=\"(max-width: 156px) 100vw, 156px\" \/><\/p>\n","protected":false},"excerpt":{"rendered":"<p>Suorituskykyinen mobiilitehoty\u00f6asema 4G LTE -modeemilla ja erillisell\u00e4 n\u00e4yt\u00f6nohjaimella.<\/p>\n","protected":false},"featured_media":14792,"template":"","meta":{"neve_meta_sidebar":"","neve_meta_container":"","neve_meta_enable_content_width":"off","neve_meta_content_width":100,"neve_meta_title_alignment":"","neve_meta_author_avatar":"","neve_post_elements_order":"","neve_meta_disable_header":"","neve_meta_disable_footer":"","neve_meta_disable_title":""},"product_brand":[],"product_cat":[480],"product_tag":[450,451,100,107,459,135,106,457,327,446,141,448,449,453,447,108,105,455,445,456,98,101,104,454,96,99,97,103,102,458,452,129],"class_list":{"0":"post-14790","1":"product","2":"type-product","3":"status-publish","4":"has-post-thumbnail","6":"product_cat-kannettavat","7":"product_tag-ahtari","8":"product_tag-alavus","9":"product_tag-etela-pohjanmaa","10":"product_tag-etela-suomi","11":"product_tag-hameenlinna","12":"product_tag-hp","13":"product_tag-huittinen","14":"product_tag-ikaalinen","15":"product_tag-jalasjarvi","16":"product_tag-kankaanpaa","17":"product_tag-kannettava","18":"product_tag-karvia","19":"product_tag-kauhajoki","20":"product_tag-kauhava","21":"product_tag-kihnio","22":"product_tag-lansi-suomi","23":"product_tag-lapua","24":"product_tag-lempaala","25":"product_tag-nokia","26":"product_tag-parkano","27":"product_tag-pirkanmaa","28":"product_tag-pohjanmaa","29":"product_tag-pori","30":"product_tag-rauma","31":"product_tag-sastamala","32":"product_tag-satakunta","33":"product_tag-seinajoki","34":"product_tag-tampere","35":"product_tag-vaasa","36":"product_tag-virrat","37":"product_tag-ylojarvi","38":"product_tag-yrityslappari","40":"first","41":"instock","42":"shipping-taxable","43":"product-type-simple"},"yoast_head":"<!-- This site is optimized with the Yoast SEO plugin v27.4 - https:\/\/yoast.com\/product\/yoast-seo-wordpress\/ -->\n<title>HP ZBook Power G11 16\u2033 WUXGA \/ Intel Core Ultra 7 155H \/ 32GB DDR5 \/ 4G LTE -modeemi \/ NVIDIA RTX 2000 \/ 1TB M.2 NVMe SSD \/ Windows 11 Pro \/ 3Y -yrityskannettava - NettiSeitti<\/title>\n<meta name=\"description\" content=\"Suorituskykyinen mobiilitehoty\u00f6asema 4G LTE -modeemilla ja erillisell\u00e4 n\u00e4yt\u00f6nohjaimella. Pirkanmaa, Satakunta, Etel\u00e4-Pohjanmaa, Pohjanmaa, Sein\u00e4joki, Pori.\" \/>\n<meta name=\"robots\" content=\"index, follow, max-snippet:-1, max-image-preview:large, max-video-preview:-1\" \/>\n<link rel=\"canonical\" href=\"https:\/\/nettiseitti.fi\/showroom\/tuote\/hp-zbook-power-g11-16\u2033-wuxga-intel-core-ultra-7-155h-32gb-ddr5-4g-lte-modeemi-nvidia-rtx-2000-1tb-m-2-nvme-ssd-windows-11-pro-3y-yrityskannettava\/\" \/>\n<meta property=\"og:locale\" content=\"fi_FI\" \/>\n<meta property=\"og:type\" content=\"article\" \/>\n<meta property=\"og:title\" content=\"HP ZBook Power G11 16\u2033 WUXGA \/ Intel Core Ultra 7 155H \/ 32GB DDR5 \/ 4G LTE -modeemi \/ NVIDIA RTX 2000 \/ 1TB M.2 NVMe SSD \/ Windows 11 Pro \/ 3Y -yrityskannettava - NettiSeitti\" \/>\n<meta property=\"og:description\" content=\"Suorituskykyinen mobiilitehoty\u00f6asema 4G LTE -modeemilla ja erillisell\u00e4 n\u00e4yt\u00f6nohjaimella. Pirkanmaa, Satakunta, Etel\u00e4-Pohjanmaa, Pohjanmaa, Sein\u00e4joki, Pori.\" \/>\n<meta property=\"og:url\" content=\"https:\/\/nettiseitti.fi\/showroom\/tuote\/hp-zbook-power-g11-16\u2033-wuxga-intel-core-ultra-7-155h-32gb-ddr5-4g-lte-modeemi-nvidia-rtx-2000-1tb-m-2-nvme-ssd-windows-11-pro-3y-yrityskannettava\/\" \/>\n<meta property=\"og:site_name\" content=\"NettiSeitti\" \/>\n<meta property=\"article:modified_time\" content=\"2026-01-01T14:24:02+00:00\" \/>\n<meta property=\"og:image\" content=\"https:\/\/nettiseitti.fi\/showroom\/wp-content\/uploads\/2025\/12\/hp_zbook_g11_u7.jpg\" \/>\n\t<meta property=\"og:image:width\" content=\"721\" \/>\n\t<meta property=\"og:image:height\" content=\"578\" \/>\n\t<meta property=\"og:image:type\" content=\"image\/jpeg\" \/>\n<meta name=\"twitter:card\" content=\"summary_large_image\" \/>\n<meta name=\"twitter:label1\" content=\"Arvioitu lukuaika\" \/>\n\t<meta name=\"twitter:data1\" content=\"2 minuuttia\" \/>\n<script type=\"application\/ld+json\" class=\"yoast-schema-graph\">{\"@context\":\"https:\\\/\\\/schema.org\",\"@graph\":[{\"@type\":\"WebPage\",\"@id\":\"https:\\\/\\\/nettiseitti.fi\\\/showroom\\\/tuote\\\/hp-zbook-power-g11-16%e2%80%b3-wuxga-intel-core-ultra-7-155h-32gb-ddr5-4g-lte-modeemi-nvidia-rtx-2000-1tb-m-2-nvme-ssd-windows-11-pro-3y-yrityskannettava\\\/\",\"url\":\"https:\\\/\\\/nettiseitti.fi\\\/showroom\\\/tuote\\\/hp-zbook-power-g11-16%e2%80%b3-wuxga-intel-core-ultra-7-155h-32gb-ddr5-4g-lte-modeemi-nvidia-rtx-2000-1tb-m-2-nvme-ssd-windows-11-pro-3y-yrityskannettava\\\/\",\"name\":\"HP ZBook Power G11 16\u2033 WUXGA \\\/ Intel Core Ultra 7 155H \\\/ 32GB DDR5 \\\/ 4G LTE -modeemi \\\/ NVIDIA RTX 2000 \\\/ 1TB M.2 NVMe SSD \\\/ Windows 11 Pro \\\/ 3Y -yrityskannettava - NettiSeitti\",\"isPartOf\":{\"@id\":\"https:\\\/\\\/nettiseitti.fi\\\/showroom\\\/#website\"},\"primaryImageOfPage\":{\"@id\":\"https:\\\/\\\/nettiseitti.fi\\\/showroom\\\/tuote\\\/hp-zbook-power-g11-16%e2%80%b3-wuxga-intel-core-ultra-7-155h-32gb-ddr5-4g-lte-modeemi-nvidia-rtx-2000-1tb-m-2-nvme-ssd-windows-11-pro-3y-yrityskannettava\\\/#primaryimage\"},\"image\":{\"@id\":\"https:\\\/\\\/nettiseitti.fi\\\/showroom\\\/tuote\\\/hp-zbook-power-g11-16%e2%80%b3-wuxga-intel-core-ultra-7-155h-32gb-ddr5-4g-lte-modeemi-nvidia-rtx-2000-1tb-m-2-nvme-ssd-windows-11-pro-3y-yrityskannettava\\\/#primaryimage\"},\"thumbnailUrl\":\"https:\\\/\\\/nettiseitti.fi\\\/showroom\\\/wp-content\\\/uploads\\\/2025\\\/12\\\/hp_zbook_g11_u7.jpg\",\"datePublished\":\"2025-12-31T20:00:34+00:00\",\"dateModified\":\"2026-01-01T14:24:02+00:00\",\"description\":\"Suorituskykyinen mobiilitehoty\u00f6asema 4G LTE -modeemilla ja erillisell\u00e4 n\u00e4yt\u00f6nohjaimella. Pirkanmaa, Satakunta, Etel\u00e4-Pohjanmaa, Pohjanmaa, Sein\u00e4joki, Pori.\",\"breadcrumb\":{\"@id\":\"https:\\\/\\\/nettiseitti.fi\\\/showroom\\\/tuote\\\/hp-zbook-power-g11-16%e2%80%b3-wuxga-intel-core-ultra-7-155h-32gb-ddr5-4g-lte-modeemi-nvidia-rtx-2000-1tb-m-2-nvme-ssd-windows-11-pro-3y-yrityskannettava\\\/#breadcrumb\"},\"inLanguage\":\"fi\",\"potentialAction\":[{\"@type\":\"ReadAction\",\"target\":[\"https:\\\/\\\/nettiseitti.fi\\\/showroom\\\/tuote\\\/hp-zbook-power-g11-16%e2%80%b3-wuxga-intel-core-ultra-7-155h-32gb-ddr5-4g-lte-modeemi-nvidia-rtx-2000-1tb-m-2-nvme-ssd-windows-11-pro-3y-yrityskannettava\\\/\"]}]},{\"@type\":\"ImageObject\",\"inLanguage\":\"fi\",\"@id\":\"https:\\\/\\\/nettiseitti.fi\\\/showroom\\\/tuote\\\/hp-zbook-power-g11-16%e2%80%b3-wuxga-intel-core-ultra-7-155h-32gb-ddr5-4g-lte-modeemi-nvidia-rtx-2000-1tb-m-2-nvme-ssd-windows-11-pro-3y-yrityskannettava\\\/#primaryimage\",\"url\":\"https:\\\/\\\/nettiseitti.fi\\\/showroom\\\/wp-content\\\/uploads\\\/2025\\\/12\\\/hp_zbook_g11_u7.jpg\",\"contentUrl\":\"https:\\\/\\\/nettiseitti.fi\\\/showroom\\\/wp-content\\\/uploads\\\/2025\\\/12\\\/hp_zbook_g11_u7.jpg\",\"width\":721,\"height\":578},{\"@type\":\"BreadcrumbList\",\"@id\":\"https:\\\/\\\/nettiseitti.fi\\\/showroom\\\/tuote\\\/hp-zbook-power-g11-16%e2%80%b3-wuxga-intel-core-ultra-7-155h-32gb-ddr5-4g-lte-modeemi-nvidia-rtx-2000-1tb-m-2-nvme-ssd-windows-11-pro-3y-yrityskannettava\\\/#breadcrumb\",\"itemListElement\":[{\"@type\":\"ListItem\",\"position\":1,\"name\":\"Etusivu\",\"item\":\"https:\\\/\\\/nettiseitti.fi\\\/showroom\\\/\"},{\"@type\":\"ListItem\",\"position\":2,\"name\":\"Tuotteet\",\"item\":\"https:\\\/\\\/nettiseitti.fi\\\/showroom\\\/tuotteet\\\/\"},{\"@type\":\"ListItem\",\"position\":3,\"name\":\"HP ZBook Power G11 16\u2033 WUXGA \\\/ Intel Core Ultra 7 155H \\\/ 32GB DDR5 \\\/ 4G LTE -modeemi \\\/ NVIDIA RTX 2000 \\\/ 1TB M.2 NVMe SSD \\\/ Windows 11 Pro \\\/ 3Y -yrityskannettava\"}]},{\"@type\":\"WebSite\",\"@id\":\"https:\\\/\\\/nettiseitti.fi\\\/showroom\\\/#website\",\"url\":\"https:\\\/\\\/nettiseitti.fi\\\/showroom\\\/\",\"name\":\"NettiSeitti\",\"description\":\"\",\"publisher\":{\"@id\":\"https:\\\/\\\/nettiseitti.fi\\\/showroom\\\/#organization\"},\"potentialAction\":[{\"@type\":\"SearchAction\",\"target\":{\"@type\":\"EntryPoint\",\"urlTemplate\":\"https:\\\/\\\/nettiseitti.fi\\\/showroom\\\/?s={search_term_string}\"},\"query-input\":{\"@type\":\"PropertyValueSpecification\",\"valueRequired\":true,\"valueName\":\"search_term_string\"}}],\"inLanguage\":\"fi\"},{\"@type\":\"Organization\",\"@id\":\"https:\\\/\\\/nettiseitti.fi\\\/showroom\\\/#organization\",\"name\":\"NettiSeitti\",\"url\":\"https:\\\/\\\/nettiseitti.fi\\\/showroom\\\/\",\"logo\":{\"@type\":\"ImageObject\",\"inLanguage\":\"fi\",\"@id\":\"https:\\\/\\\/nettiseitti.fi\\\/showroom\\\/#\\\/schema\\\/logo\\\/image\\\/\",\"url\":\"https:\\\/\\\/nettiseitti.fi\\\/showroom\\\/wp-content\\\/uploads\\\/2024\\\/03\\\/nettiseitti_lapinakyva_tausta.png\",\"contentUrl\":\"https:\\\/\\\/nettiseitti.fi\\\/showroom\\\/wp-content\\\/uploads\\\/2024\\\/03\\\/nettiseitti_lapinakyva_tausta.png\",\"width\":2176,\"height\":741,\"caption\":\"NettiSeitti\"},\"image\":{\"@id\":\"https:\\\/\\\/nettiseitti.fi\\\/showroom\\\/#\\\/schema\\\/logo\\\/image\\\/\"}}]}<\/script>\n<!-- \/ Yoast SEO plugin. -->","yoast_head_json":{"title":"HP ZBook Power G11 16\u2033 WUXGA \/ Intel Core Ultra 7 155H \/ 32GB DDR5 \/ 4G LTE -modeemi \/ NVIDIA RTX 2000 \/ 1TB M.2 NVMe SSD \/ Windows 11 Pro \/ 3Y -yrityskannettava - NettiSeitti","description":"Suorituskykyinen mobiilitehoty\u00f6asema 4G LTE -modeemilla ja erillisell\u00e4 n\u00e4yt\u00f6nohjaimella. Pirkanmaa, Satakunta, Etel\u00e4-Pohjanmaa, Pohjanmaa, Sein\u00e4joki, Pori.","robots":{"index":"index","follow":"follow","max-snippet":"max-snippet:-1","max-image-preview":"max-image-preview:large","max-video-preview":"max-video-preview:-1"},"canonical":"https:\/\/nettiseitti.fi\/showroom\/tuote\/hp-zbook-power-g11-16\u2033-wuxga-intel-core-ultra-7-155h-32gb-ddr5-4g-lte-modeemi-nvidia-rtx-2000-1tb-m-2-nvme-ssd-windows-11-pro-3y-yrityskannettava\/","og_locale":"fi_FI","og_type":"article","og_title":"HP ZBook Power G11 16\u2033 WUXGA \/ Intel Core Ultra 7 155H \/ 32GB DDR5 \/ 4G LTE -modeemi \/ NVIDIA RTX 2000 \/ 1TB M.2 NVMe SSD \/ Windows 11 Pro \/ 3Y -yrityskannettava - NettiSeitti","og_description":"Suorituskykyinen mobiilitehoty\u00f6asema 4G LTE -modeemilla ja erillisell\u00e4 n\u00e4yt\u00f6nohjaimella. Pirkanmaa, Satakunta, Etel\u00e4-Pohjanmaa, Pohjanmaa, Sein\u00e4joki, Pori.","og_url":"https:\/\/nettiseitti.fi\/showroom\/tuote\/hp-zbook-power-g11-16\u2033-wuxga-intel-core-ultra-7-155h-32gb-ddr5-4g-lte-modeemi-nvidia-rtx-2000-1tb-m-2-nvme-ssd-windows-11-pro-3y-yrityskannettava\/","og_site_name":"NettiSeitti","article_modified_time":"2026-01-01T14:24:02+00:00","og_image":[{"width":721,"height":578,"url":"https:\/\/nettiseitti.fi\/showroom\/wp-content\/uploads\/2025\/12\/hp_zbook_g11_u7.jpg","type":"image\/jpeg"}],"twitter_card":"summary_large_image","twitter_misc":{"Arvioitu lukuaika":"2 minuuttia"},"schema":{"@context":"https:\/\/schema.org","@graph":[{"@type":"WebPage","@id":"https:\/\/nettiseitti.fi\/showroom\/tuote\/hp-zbook-power-g11-16%e2%80%b3-wuxga-intel-core-ultra-7-155h-32gb-ddr5-4g-lte-modeemi-nvidia-rtx-2000-1tb-m-2-nvme-ssd-windows-11-pro-3y-yrityskannettava\/","url":"https:\/\/nettiseitti.fi\/showroom\/tuote\/hp-zbook-power-g11-16%e2%80%b3-wuxga-intel-core-ultra-7-155h-32gb-ddr5-4g-lte-modeemi-nvidia-rtx-2000-1tb-m-2-nvme-ssd-windows-11-pro-3y-yrityskannettava\/","name":"HP ZBook Power G11 16\u2033 WUXGA \/ Intel Core Ultra 7 155H \/ 32GB DDR5 \/ 4G LTE -modeemi \/ NVIDIA RTX 2000 \/ 1TB M.2 NVMe SSD \/ Windows 11 Pro \/ 3Y -yrityskannettava - NettiSeitti","isPartOf":{"@id":"https:\/\/nettiseitti.fi\/showroom\/#website"},"primaryImageOfPage":{"@id":"https:\/\/nettiseitti.fi\/showroom\/tuote\/hp-zbook-power-g11-16%e2%80%b3-wuxga-intel-core-ultra-7-155h-32gb-ddr5-4g-lte-modeemi-nvidia-rtx-2000-1tb-m-2-nvme-ssd-windows-11-pro-3y-yrityskannettava\/#primaryimage"},"image":{"@id":"https:\/\/nettiseitti.fi\/showroom\/tuote\/hp-zbook-power-g11-16%e2%80%b3-wuxga-intel-core-ultra-7-155h-32gb-ddr5-4g-lte-modeemi-nvidia-rtx-2000-1tb-m-2-nvme-ssd-windows-11-pro-3y-yrityskannettava\/#primaryimage"},"thumbnailUrl":"https:\/\/nettiseitti.fi\/showroom\/wp-content\/uploads\/2025\/12\/hp_zbook_g11_u7.jpg","datePublished":"2025-12-31T20:00:34+00:00","dateModified":"2026-01-01T14:24:02+00:00","description":"Suorituskykyinen mobiilitehoty\u00f6asema 4G LTE -modeemilla ja erillisell\u00e4 n\u00e4yt\u00f6nohjaimella. Pirkanmaa, Satakunta, Etel\u00e4-Pohjanmaa, Pohjanmaa, Sein\u00e4joki, Pori.","breadcrumb":{"@id":"https:\/\/nettiseitti.fi\/showroom\/tuote\/hp-zbook-power-g11-16%e2%80%b3-wuxga-intel-core-ultra-7-155h-32gb-ddr5-4g-lte-modeemi-nvidia-rtx-2000-1tb-m-2-nvme-ssd-windows-11-pro-3y-yrityskannettava\/#breadcrumb"},"inLanguage":"fi","potentialAction":[{"@type":"ReadAction","target":["https:\/\/nettiseitti.fi\/showroom\/tuote\/hp-zbook-power-g11-16%e2%80%b3-wuxga-intel-core-ultra-7-155h-32gb-ddr5-4g-lte-modeemi-nvidia-rtx-2000-1tb-m-2-nvme-ssd-windows-11-pro-3y-yrityskannettava\/"]}]},{"@type":"ImageObject","inLanguage":"fi","@id":"https:\/\/nettiseitti.fi\/showroom\/tuote\/hp-zbook-power-g11-16%e2%80%b3-wuxga-intel-core-ultra-7-155h-32gb-ddr5-4g-lte-modeemi-nvidia-rtx-2000-1tb-m-2-nvme-ssd-windows-11-pro-3y-yrityskannettava\/#primaryimage","url":"https:\/\/nettiseitti.fi\/showroom\/wp-content\/uploads\/2025\/12\/hp_zbook_g11_u7.jpg","contentUrl":"https:\/\/nettiseitti.fi\/showroom\/wp-content\/uploads\/2025\/12\/hp_zbook_g11_u7.jpg","width":721,"height":578},{"@type":"BreadcrumbList","@id":"https:\/\/nettiseitti.fi\/showroom\/tuote\/hp-zbook-power-g11-16%e2%80%b3-wuxga-intel-core-ultra-7-155h-32gb-ddr5-4g-lte-modeemi-nvidia-rtx-2000-1tb-m-2-nvme-ssd-windows-11-pro-3y-yrityskannettava\/#breadcrumb","itemListElement":[{"@type":"ListItem","position":1,"name":"Etusivu","item":"https:\/\/nettiseitti.fi\/showroom\/"},{"@type":"ListItem","position":2,"name":"Tuotteet","item":"https:\/\/nettiseitti.fi\/showroom\/tuotteet\/"},{"@type":"ListItem","position":3,"name":"HP ZBook Power G11 16\u2033 WUXGA \/ Intel Core Ultra 7 155H \/ 32GB DDR5 \/ 4G LTE -modeemi \/ NVIDIA RTX 2000 \/ 1TB M.2 NVMe SSD \/ Windows 11 Pro \/ 3Y -yrityskannettava"}]},{"@type":"WebSite","@id":"https:\/\/nettiseitti.fi\/showroom\/#website","url":"https:\/\/nettiseitti.fi\/showroom\/","name":"NettiSeitti","description":"","publisher":{"@id":"https:\/\/nettiseitti.fi\/showroom\/#organization"},"potentialAction":[{"@type":"SearchAction","target":{"@type":"EntryPoint","urlTemplate":"https:\/\/nettiseitti.fi\/showroom\/?s={search_term_string}"},"query-input":{"@type":"PropertyValueSpecification","valueRequired":true,"valueName":"search_term_string"}}],"inLanguage":"fi"},{"@type":"Organization","@id":"https:\/\/nettiseitti.fi\/showroom\/#organization","name":"NettiSeitti","url":"https:\/\/nettiseitti.fi\/showroom\/","logo":{"@type":"ImageObject","inLanguage":"fi","@id":"https:\/\/nettiseitti.fi\/showroom\/#\/schema\/logo\/image\/","url":"https:\/\/nettiseitti.fi\/showroom\/wp-content\/uploads\/2024\/03\/nettiseitti_lapinakyva_tausta.png","contentUrl":"https:\/\/nettiseitti.fi\/showroom\/wp-content\/uploads\/2024\/03\/nettiseitti_lapinakyva_tausta.png","width":2176,"height":741,"caption":"NettiSeitti"},"image":{"@id":"https:\/\/nettiseitti.fi\/showroom\/#\/schema\/logo\/image\/"}}]}},"_links":{"self":[{"href":"https:\/\/nettiseitti.fi\/showroom\/wp-json\/wp\/v2\/product\/14790","targetHints":{"allow":["GET"]}}],"collection":[{"href":"https:\/\/nettiseitti.fi\/showroom\/wp-json\/wp\/v2\/product"}],"about":[{"href":"https:\/\/nettiseitti.fi\/showroom\/wp-json\/wp\/v2\/types\/product"}],"wp:featuredmedia":[{"embeddable":true,"href":"https:\/\/nettiseitti.fi\/showroom\/wp-json\/wp\/v2\/media\/14792"}],"wp:attachment":[{"href":"https:\/\/nettiseitti.fi\/showroom\/wp-json\/wp\/v2\/media?parent=14790"}],"wp:term":[{"taxonomy":"product_brand","embeddable":true,"href":"https:\/\/nettiseitti.fi\/showroom\/wp-json\/wp\/v2\/product_brand?post=14790"},{"taxonomy":"product_cat","embeddable":true,"href":"https:\/\/nettiseitti.fi\/showroom\/wp-json\/wp\/v2\/product_cat?post=14790"},{"taxonomy":"product_tag","embeddable":true,"href":"https:\/\/nettiseitti.fi\/showroom\/wp-json\/wp\/v2\/product_tag?post=14790"}],"curies":[{"name":"wp","href":"https:\/\/api.w.org\/{rel}","templated":true}]}}