{"id":14810,"date":"2026-01-11T16:10:50","date_gmt":"2026-01-11T14:10:50","guid":{"rendered":"https:\/\/nettiseitti.fi\/showroom\/?post_type=product&#038;p=14810"},"modified":"2026-01-12T20:07:22","modified_gmt":"2026-01-12T18:07:22","slug":"hyro-1400-hd-dvb-s2-usb-tallennus-satelliittidigiboksi","status":"publish","type":"product","link":"https:\/\/nettiseitti.fi\/showroom\/tuote\/hyro-1400-hd-dvb-s2-usb-tallennus-satelliittidigiboksi\/","title":{"rendered":"Hyro 1400 HD DVB-S2 USB-tallennus -satelliittidigiboksi"},"content":{"rendered":"<p>DVB-S2 -virittimell\u00e4 varustettu satelliittidigiboksi USB-tallennuksella ja DiSEqC-ohjaustuella.<\/p>\n<p>Ominaisuuksia:<\/p>\n<ul>\n<li>Satelliittivirittimet (DVB-S2\/S)<\/li>\n<li>Tukee tallennusta USB-portin kautta (FAT, FAT32, NTFS)<\/li>\n<li>Tukee Full HD resoluutiota<\/li>\n<li>Liit\u00e4nn\u00e4t: HDMI, USB, SCART, COAX, antenniliitin<\/li>\n<li>FAT32- ja NTFS-tiedostoj\u00e4rjestelmien tuki<\/li>\n<li>22KHz DiSEqC 1.0 \/ 1.2 -tuki<\/li>\n<li>Yhden HD-kanavan tallennus yht\u00e4 aikaa<\/li>\n<\/ul>\n<p>Kauttamme my\u00f6s muut digiboksit ja tarvikkeet, ota yhteytt\u00e4 !<\/p>\n<p>Kysy ajantasainen hinnasto ja lis\u00e4tietoja ottamalla meihin yhteytt\u00e4.<br \/>\nMy\u00f6s toimitus mahdollista riippuen tilatuista tuotteista sek\u00e4 sovittaessa laitteiden konfigurointi k\u00e4ytt\u00f6kuntoon asennettuna.<\/p>\n<p>Ota yhteytt\u00e4:<br \/>\nPuh. <a href=\"tel:0401523801\">040 1523801<\/a><br \/>\nS\u00e4hk\u00f6posti: myynti [at] nettiseitti.fi<\/p>\n","protected":false},"excerpt":{"rendered":"<p>Kustannustehokas ja toimiva vaihtoehto satelliittikanavien vastaanottoon USB-tallennuksella.<\/p>\n","protected":false},"featured_media":14811,"template":"","meta":{"neve_meta_sidebar":"","neve_meta_container":"","neve_meta_enable_content_width":"off","neve_meta_content_width":100,"neve_meta_title_alignment":"","neve_meta_author_avatar":"","neve_post_elements_order":"","neve_meta_disable_header":"","neve_meta_disable_footer":"","neve_meta_disable_title":""},"product_brand":[],"product_cat":[558],"product_tag":[450,451,215,100,107,459,106,457,327,446,448,449,453,447,108,105,455,445,456,98,101,104,454,96,99,345,97,103,102,458,452],"class_list":{"0":"post-14810","1":"product","2":"type-product","3":"status-publish","4":"has-post-thumbnail","6":"product_cat-digiboksit-ja-tarvikkeet","7":"product_tag-ahtari","8":"product_tag-alavus","9":"product_tag-digiboksi","10":"product_tag-etela-pohjanmaa","11":"product_tag-etela-suomi","12":"product_tag-hameenlinna","13":"product_tag-huittinen","14":"product_tag-ikaalinen","15":"product_tag-jalasjarvi","16":"product_tag-kankaanpaa","17":"product_tag-karvia","18":"product_tag-kauhajoki","19":"product_tag-kauhava","20":"product_tag-kihnio","21":"product_tag-lansi-suomi","22":"product_tag-lapua","23":"product_tag-lempaala","24":"product_tag-nokia","25":"product_tag-parkano","26":"product_tag-pirkanmaa","27":"product_tag-pohjanmaa","28":"product_tag-pori","29":"product_tag-rauma","30":"product_tag-sastamala","31":"product_tag-satakunta","32":"product_tag-satelliitti","33":"product_tag-seinajoki","34":"product_tag-tampere","35":"product_tag-vaasa","36":"product_tag-virrat","37":"product_tag-ylojarvi","39":"first","40":"instock","41":"shipping-taxable","42":"product-type-simple"},"yoast_head":"<!-- This site is optimized with the Yoast SEO plugin v27.4 - https:\/\/yoast.com\/product\/yoast-seo-wordpress\/ -->\n<title>Hyro 1400 HD DVB-S2 USB-tallennus -satelliittidigiboksi - NettiSeitti<\/title>\n<meta name=\"description\" content=\"Kustannustehokas ja toimiva vaihtoehto satelliittikanavien vastaanottoon USB-tallennuksella. Pirkanmaa, Satakunta, Etel\u00e4-Pohjanmaa, Pohjanmaa, Sein\u00e4joki.\" \/>\n<meta name=\"robots\" content=\"index, follow, max-snippet:-1, max-image-preview:large, max-video-preview:-1\" \/>\n<link rel=\"canonical\" href=\"https:\/\/nettiseitti.fi\/showroom\/tuote\/hyro-1400-hd-dvb-s2-usb-tallennus-satelliittidigiboksi\/\" \/>\n<meta property=\"og:locale\" content=\"fi_FI\" \/>\n<meta property=\"og:type\" content=\"article\" \/>\n<meta property=\"og:title\" content=\"Hyro 1400 HD DVB-S2 USB-tallennus -satelliittidigiboksi - NettiSeitti\" \/>\n<meta property=\"og:description\" content=\"Kustannustehokas ja toimiva vaihtoehto satelliittikanavien vastaanottoon USB-tallennuksella. Pirkanmaa, Satakunta, Etel\u00e4-Pohjanmaa, Pohjanmaa, Sein\u00e4joki.\" \/>\n<meta property=\"og:url\" content=\"https:\/\/nettiseitti.fi\/showroom\/tuote\/hyro-1400-hd-dvb-s2-usb-tallennus-satelliittidigiboksi\/\" \/>\n<meta property=\"og:site_name\" content=\"NettiSeitti\" \/>\n<meta property=\"article:modified_time\" content=\"2026-01-12T18:07:22+00:00\" \/>\n<meta property=\"og:image\" content=\"https:\/\/nettiseitti.fi\/showroom\/wp-content\/uploads\/2026\/01\/hyro_1400.jpg\" \/>\n\t<meta property=\"og:image:width\" content=\"686\" \/>\n\t<meta property=\"og:image:height\" content=\"588\" \/>\n\t<meta property=\"og:image:type\" content=\"image\/jpeg\" \/>\n<meta name=\"twitter:card\" content=\"summary_large_image\" \/>\n<meta name=\"twitter:label1\" content=\"Arvioitu lukuaika\" \/>\n\t<meta name=\"twitter:data1\" content=\"1 minuutti\" \/>\n<script type=\"application\/ld+json\" class=\"yoast-schema-graph\">{\"@context\":\"https:\\\/\\\/schema.org\",\"@graph\":[{\"@type\":\"WebPage\",\"@id\":\"https:\\\/\\\/nettiseitti.fi\\\/showroom\\\/tuote\\\/hyro-1400-hd-dvb-s2-usb-tallennus-satelliittidigiboksi\\\/\",\"url\":\"https:\\\/\\\/nettiseitti.fi\\\/showroom\\\/tuote\\\/hyro-1400-hd-dvb-s2-usb-tallennus-satelliittidigiboksi\\\/\",\"name\":\"Hyro 1400 HD DVB-S2 USB-tallennus -satelliittidigiboksi - NettiSeitti\",\"isPartOf\":{\"@id\":\"https:\\\/\\\/nettiseitti.fi\\\/showroom\\\/#website\"},\"primaryImageOfPage\":{\"@id\":\"https:\\\/\\\/nettiseitti.fi\\\/showroom\\\/tuote\\\/hyro-1400-hd-dvb-s2-usb-tallennus-satelliittidigiboksi\\\/#primaryimage\"},\"image\":{\"@id\":\"https:\\\/\\\/nettiseitti.fi\\\/showroom\\\/tuote\\\/hyro-1400-hd-dvb-s2-usb-tallennus-satelliittidigiboksi\\\/#primaryimage\"},\"thumbnailUrl\":\"https:\\\/\\\/nettiseitti.fi\\\/showroom\\\/wp-content\\\/uploads\\\/2026\\\/01\\\/hyro_1400.jpg\",\"datePublished\":\"2026-01-11T14:10:50+00:00\",\"dateModified\":\"2026-01-12T18:07:22+00:00\",\"description\":\"Kustannustehokas ja toimiva vaihtoehto satelliittikanavien vastaanottoon USB-tallennuksella. Pirkanmaa, Satakunta, Etel\u00e4-Pohjanmaa, Pohjanmaa, Sein\u00e4joki.\",\"breadcrumb\":{\"@id\":\"https:\\\/\\\/nettiseitti.fi\\\/showroom\\\/tuote\\\/hyro-1400-hd-dvb-s2-usb-tallennus-satelliittidigiboksi\\\/#breadcrumb\"},\"inLanguage\":\"fi\",\"potentialAction\":[{\"@type\":\"ReadAction\",\"target\":[\"https:\\\/\\\/nettiseitti.fi\\\/showroom\\\/tuote\\\/hyro-1400-hd-dvb-s2-usb-tallennus-satelliittidigiboksi\\\/\"]}]},{\"@type\":\"ImageObject\",\"inLanguage\":\"fi\",\"@id\":\"https:\\\/\\\/nettiseitti.fi\\\/showroom\\\/tuote\\\/hyro-1400-hd-dvb-s2-usb-tallennus-satelliittidigiboksi\\\/#primaryimage\",\"url\":\"https:\\\/\\\/nettiseitti.fi\\\/showroom\\\/wp-content\\\/uploads\\\/2026\\\/01\\\/hyro_1400.jpg\",\"contentUrl\":\"https:\\\/\\\/nettiseitti.fi\\\/showroom\\\/wp-content\\\/uploads\\\/2026\\\/01\\\/hyro_1400.jpg\",\"width\":686,\"height\":588},{\"@type\":\"BreadcrumbList\",\"@id\":\"https:\\\/\\\/nettiseitti.fi\\\/showroom\\\/tuote\\\/hyro-1400-hd-dvb-s2-usb-tallennus-satelliittidigiboksi\\\/#breadcrumb\",\"itemListElement\":[{\"@type\":\"ListItem\",\"position\":1,\"name\":\"Etusivu\",\"item\":\"https:\\\/\\\/nettiseitti.fi\\\/showroom\\\/\"},{\"@type\":\"ListItem\",\"position\":2,\"name\":\"Tuotteet\",\"item\":\"https:\\\/\\\/nettiseitti.fi\\\/showroom\\\/tuotteet\\\/\"},{\"@type\":\"ListItem\",\"position\":3,\"name\":\"Hyro 1400 HD DVB-S2 USB-tallennus -satelliittidigiboksi\"}]},{\"@type\":\"WebSite\",\"@id\":\"https:\\\/\\\/nettiseitti.fi\\\/showroom\\\/#website\",\"url\":\"https:\\\/\\\/nettiseitti.fi\\\/showroom\\\/\",\"name\":\"NettiSeitti\",\"description\":\"\",\"publisher\":{\"@id\":\"https:\\\/\\\/nettiseitti.fi\\\/showroom\\\/#organization\"},\"potentialAction\":[{\"@type\":\"SearchAction\",\"target\":{\"@type\":\"EntryPoint\",\"urlTemplate\":\"https:\\\/\\\/nettiseitti.fi\\\/showroom\\\/?s={search_term_string}\"},\"query-input\":{\"@type\":\"PropertyValueSpecification\",\"valueRequired\":true,\"valueName\":\"search_term_string\"}}],\"inLanguage\":\"fi\"},{\"@type\":\"Organization\",\"@id\":\"https:\\\/\\\/nettiseitti.fi\\\/showroom\\\/#organization\",\"name\":\"NettiSeitti\",\"url\":\"https:\\\/\\\/nettiseitti.fi\\\/showroom\\\/\",\"logo\":{\"@type\":\"ImageObject\",\"inLanguage\":\"fi\",\"@id\":\"https:\\\/\\\/nettiseitti.fi\\\/showroom\\\/#\\\/schema\\\/logo\\\/image\\\/\",\"url\":\"https:\\\/\\\/nettiseitti.fi\\\/showroom\\\/wp-content\\\/uploads\\\/2024\\\/03\\\/nettiseitti_lapinakyva_tausta.png\",\"contentUrl\":\"https:\\\/\\\/nettiseitti.fi\\\/showroom\\\/wp-content\\\/uploads\\\/2024\\\/03\\\/nettiseitti_lapinakyva_tausta.png\",\"width\":2176,\"height\":741,\"caption\":\"NettiSeitti\"},\"image\":{\"@id\":\"https:\\\/\\\/nettiseitti.fi\\\/showroom\\\/#\\\/schema\\\/logo\\\/image\\\/\"}}]}<\/script>\n<!-- \/ Yoast SEO plugin. -->","yoast_head_json":{"title":"Hyro 1400 HD DVB-S2 USB-tallennus -satelliittidigiboksi - NettiSeitti","description":"Kustannustehokas ja toimiva vaihtoehto satelliittikanavien vastaanottoon USB-tallennuksella. Pirkanmaa, Satakunta, Etel\u00e4-Pohjanmaa, Pohjanmaa, Sein\u00e4joki.","robots":{"index":"index","follow":"follow","max-snippet":"max-snippet:-1","max-image-preview":"max-image-preview:large","max-video-preview":"max-video-preview:-1"},"canonical":"https:\/\/nettiseitti.fi\/showroom\/tuote\/hyro-1400-hd-dvb-s2-usb-tallennus-satelliittidigiboksi\/","og_locale":"fi_FI","og_type":"article","og_title":"Hyro 1400 HD DVB-S2 USB-tallennus -satelliittidigiboksi - NettiSeitti","og_description":"Kustannustehokas ja toimiva vaihtoehto satelliittikanavien vastaanottoon USB-tallennuksella. Pirkanmaa, Satakunta, Etel\u00e4-Pohjanmaa, Pohjanmaa, Sein\u00e4joki.","og_url":"https:\/\/nettiseitti.fi\/showroom\/tuote\/hyro-1400-hd-dvb-s2-usb-tallennus-satelliittidigiboksi\/","og_site_name":"NettiSeitti","article_modified_time":"2026-01-12T18:07:22+00:00","og_image":[{"width":686,"height":588,"url":"https:\/\/nettiseitti.fi\/showroom\/wp-content\/uploads\/2026\/01\/hyro_1400.jpg","type":"image\/jpeg"}],"twitter_card":"summary_large_image","twitter_misc":{"Arvioitu lukuaika":"1 minuutti"},"schema":{"@context":"https:\/\/schema.org","@graph":[{"@type":"WebPage","@id":"https:\/\/nettiseitti.fi\/showroom\/tuote\/hyro-1400-hd-dvb-s2-usb-tallennus-satelliittidigiboksi\/","url":"https:\/\/nettiseitti.fi\/showroom\/tuote\/hyro-1400-hd-dvb-s2-usb-tallennus-satelliittidigiboksi\/","name":"Hyro 1400 HD DVB-S2 USB-tallennus -satelliittidigiboksi - NettiSeitti","isPartOf":{"@id":"https:\/\/nettiseitti.fi\/showroom\/#website"},"primaryImageOfPage":{"@id":"https:\/\/nettiseitti.fi\/showroom\/tuote\/hyro-1400-hd-dvb-s2-usb-tallennus-satelliittidigiboksi\/#primaryimage"},"image":{"@id":"https:\/\/nettiseitti.fi\/showroom\/tuote\/hyro-1400-hd-dvb-s2-usb-tallennus-satelliittidigiboksi\/#primaryimage"},"thumbnailUrl":"https:\/\/nettiseitti.fi\/showroom\/wp-content\/uploads\/2026\/01\/hyro_1400.jpg","datePublished":"2026-01-11T14:10:50+00:00","dateModified":"2026-01-12T18:07:22+00:00","description":"Kustannustehokas ja toimiva vaihtoehto satelliittikanavien vastaanottoon USB-tallennuksella. Pirkanmaa, Satakunta, Etel\u00e4-Pohjanmaa, Pohjanmaa, Sein\u00e4joki.","breadcrumb":{"@id":"https:\/\/nettiseitti.fi\/showroom\/tuote\/hyro-1400-hd-dvb-s2-usb-tallennus-satelliittidigiboksi\/#breadcrumb"},"inLanguage":"fi","potentialAction":[{"@type":"ReadAction","target":["https:\/\/nettiseitti.fi\/showroom\/tuote\/hyro-1400-hd-dvb-s2-usb-tallennus-satelliittidigiboksi\/"]}]},{"@type":"ImageObject","inLanguage":"fi","@id":"https:\/\/nettiseitti.fi\/showroom\/tuote\/hyro-1400-hd-dvb-s2-usb-tallennus-satelliittidigiboksi\/#primaryimage","url":"https:\/\/nettiseitti.fi\/showroom\/wp-content\/uploads\/2026\/01\/hyro_1400.jpg","contentUrl":"https:\/\/nettiseitti.fi\/showroom\/wp-content\/uploads\/2026\/01\/hyro_1400.jpg","width":686,"height":588},{"@type":"BreadcrumbList","@id":"https:\/\/nettiseitti.fi\/showroom\/tuote\/hyro-1400-hd-dvb-s2-usb-tallennus-satelliittidigiboksi\/#breadcrumb","itemListElement":[{"@type":"ListItem","position":1,"name":"Etusivu","item":"https:\/\/nettiseitti.fi\/showroom\/"},{"@type":"ListItem","position":2,"name":"Tuotteet","item":"https:\/\/nettiseitti.fi\/showroom\/tuotteet\/"},{"@type":"ListItem","position":3,"name":"Hyro 1400 HD DVB-S2 USB-tallennus -satelliittidigiboksi"}]},{"@type":"WebSite","@id":"https:\/\/nettiseitti.fi\/showroom\/#website","url":"https:\/\/nettiseitti.fi\/showroom\/","name":"NettiSeitti","description":"","publisher":{"@id":"https:\/\/nettiseitti.fi\/showroom\/#organization"},"potentialAction":[{"@type":"SearchAction","target":{"@type":"EntryPoint","urlTemplate":"https:\/\/nettiseitti.fi\/showroom\/?s={search_term_string}"},"query-input":{"@type":"PropertyValueSpecification","valueRequired":true,"valueName":"search_term_string"}}],"inLanguage":"fi"},{"@type":"Organization","@id":"https:\/\/nettiseitti.fi\/showroom\/#organization","name":"NettiSeitti","url":"https:\/\/nettiseitti.fi\/showroom\/","logo":{"@type":"ImageObject","inLanguage":"fi","@id":"https:\/\/nettiseitti.fi\/showroom\/#\/schema\/logo\/image\/","url":"https:\/\/nettiseitti.fi\/showroom\/wp-content\/uploads\/2024\/03\/nettiseitti_lapinakyva_tausta.png","contentUrl":"https:\/\/nettiseitti.fi\/showroom\/wp-content\/uploads\/2024\/03\/nettiseitti_lapinakyva_tausta.png","width":2176,"height":741,"caption":"NettiSeitti"},"image":{"@id":"https:\/\/nettiseitti.fi\/showroom\/#\/schema\/logo\/image\/"}}]}},"_links":{"self":[{"href":"https:\/\/nettiseitti.fi\/showroom\/wp-json\/wp\/v2\/product\/14810","targetHints":{"allow":["GET"]}}],"collection":[{"href":"https:\/\/nettiseitti.fi\/showroom\/wp-json\/wp\/v2\/product"}],"about":[{"href":"https:\/\/nettiseitti.fi\/showroom\/wp-json\/wp\/v2\/types\/product"}],"wp:featuredmedia":[{"embeddable":true,"href":"https:\/\/nettiseitti.fi\/showroom\/wp-json\/wp\/v2\/media\/14811"}],"wp:attachment":[{"href":"https:\/\/nettiseitti.fi\/showroom\/wp-json\/wp\/v2\/media?parent=14810"}],"wp:term":[{"taxonomy":"product_brand","embeddable":true,"href":"https:\/\/nettiseitti.fi\/showroom\/wp-json\/wp\/v2\/product_brand?post=14810"},{"taxonomy":"product_cat","embeddable":true,"href":"https:\/\/nettiseitti.fi\/showroom\/wp-json\/wp\/v2\/product_cat?post=14810"},{"taxonomy":"product_tag","embeddable":true,"href":"https:\/\/nettiseitti.fi\/showroom\/wp-json\/wp\/v2\/product_tag?post=14810"}],"curies":[{"name":"wp","href":"https:\/\/api.w.org\/{rel}","templated":true}]}}