{"id":14848,"date":"2026-02-11T22:01:02","date_gmt":"2026-02-11T20:01:02","guid":{"rendered":"https:\/\/nettiseitti.fi\/showroom\/?post_type=product&#038;p=14848"},"modified":"2026-02-11T22:01:02","modified_gmt":"2026-02-11T20:01:02","slug":"zyxel-nebula-fwa505-5g-4g-lte-reititin","status":"publish","type":"product","link":"https:\/\/nettiseitti.fi\/showroom\/tuote\/zyxel-nebula-fwa505-5g-4g-lte-reititin\/","title":{"rendered":"ZYXEL Nebula FWA505 5G\/4G\/LTE -reititin"},"content":{"rendered":"<p>Nauti 5G ja Wi-Fi 6 nopeuksista, siirrett\u00e4vyytens\u00e4 ansiosta se on t\u00e4ydellinen ratkaisu esimerkiksi rakennusty\u00f6maille, messuille ja pop-up-myym\u00e4l\u00f6ihin yms.<\/p>\n<p>Ominaisuuksia:<\/p>\n<ul>\n<li>5G taajuudet: n1\/n3\/n7\/n38\/n40\/n41\/n77\/n78<\/li>\n<li>4G LTE taajuudet: B1\/B3\/B7\/B38\/B40\/B41\/B42\/B43<\/li>\n<li>2x ulkoista 4G LTE antennia ja 2x sis\u00e4ist\u00e4 WiFi-antennia<\/li>\n<li>Wi-Fi 6<\/li>\n<li>Tukee Nebula-pilvihallintaa<\/li>\n<li>CLI\/SSH -tuki<\/li>\n<li>Tuki ulkoisille antenneille (2x TS9-liitint\u00e4)<\/li>\n<li>Liit\u00e4nn\u00e4t: 2x 100\/1000 Mbps Ethernet RJ-45, 2x erillisen antennin liitint\u00e4 (TS9), 1x Micro SIM-korttipaikka, 1x USB 2.0<\/li>\n<li>IPv4 ja IPv6 tuki<\/li>\n<li>SPI-tuki, DoS-hy\u00f6kk\u00e4yksen tunnistus, LAN MAC\/IP filter<\/li>\n<li>WiFi-taajuus: 2.4\/5GHz<\/li>\n<\/ul>\n<p>Kauttamme my\u00f6s muut reitittimet ja tarvikkeet, ota yhteytt\u00e4 !<\/p>\n<p>Kysy ajantasainen hinnasto ja lis\u00e4tietoja ottamalla meihin yhteytt\u00e4.<br \/>\nMy\u00f6s toimitus mahdollista riippuen tilatuista tuotteista sek\u00e4 sovittaessa laitteiden konfigurointi k\u00e4ytt\u00f6kuntoon asennettuna.<\/p>\n<p>Ota yhteytt\u00e4:<br \/>\nPuh. <a href=\"tel:0401523801\">040 1523801<\/a><br \/>\nS\u00e4hk\u00f6posti: myynti [at] nettiseitti.fi<\/p>\n","protected":false},"excerpt":{"rendered":"<p>Plug-and-play -tyyppinen 5G-reititin ratkaisu tuo viiveett\u00f6m\u00e4n suorituskyvyn et\u00e4t\u00f6ihin, suoratoistoon ja liiketoiminnan tarpeisiin.<\/p>\n","protected":false},"featured_media":14849,"template":"","meta":{"neve_meta_sidebar":"","neve_meta_container":"","neve_meta_enable_content_width":"off","neve_meta_content_width":100,"neve_meta_title_alignment":"","neve_meta_author_avatar":"","neve_post_elements_order":"","neve_meta_disable_header":"","neve_meta_disable_footer":"","neve_meta_disable_title":""},"product_brand":[],"product_cat":[481],"product_tag":[164,450,451,100,107,459,106,457,327,446,448,449,453,447,108,105,455,445,456,98,101,104,454,83,96,99,97,103,102,458,452],"class_list":{"0":"post-14848","1":"product","2":"type-product","3":"status-publish","4":"has-post-thumbnail","6":"product_cat-reitittimet","7":"product_tag-5g-reititin","8":"product_tag-ahtari","9":"product_tag-alavus","10":"product_tag-etela-pohjanmaa","11":"product_tag-etela-suomi","12":"product_tag-hameenlinna","13":"product_tag-huittinen","14":"product_tag-ikaalinen","15":"product_tag-jalasjarvi","16":"product_tag-kankaanpaa","17":"product_tag-karvia","18":"product_tag-kauhajoki","19":"product_tag-kauhava","20":"product_tag-kihnio","21":"product_tag-lansi-suomi","22":"product_tag-lapua","23":"product_tag-lempaala","24":"product_tag-nokia","25":"product_tag-parkano","26":"product_tag-pirkanmaa","27":"product_tag-pohjanmaa","28":"product_tag-pori","29":"product_tag-rauma","30":"product_tag-reititin","31":"product_tag-sastamala","32":"product_tag-satakunta","33":"product_tag-seinajoki","34":"product_tag-tampere","35":"product_tag-vaasa","36":"product_tag-virrat","37":"product_tag-ylojarvi","39":"first","40":"instock","41":"shipping-taxable","42":"product-type-simple"},"yoast_head":"<!-- This site is optimized with the Yoast SEO plugin v27.4 - https:\/\/yoast.com\/product\/yoast-seo-wordpress\/ -->\n<title>ZYXEL Nebula FWA505 5G\/4G\/LTE -reititin - NettiSeitti<\/title>\n<meta name=\"description\" content=\"Plug-and-play -tyyppinen 5G-reititin ratkaisu tuo viiveett\u00f6m\u00e4n suorituskyvyn et\u00e4t\u00f6ihin, suoratoistoon ja liiketoiminnan tarpeisiin. Pirkanmaa, Satakunta.\" \/>\n<meta name=\"robots\" content=\"index, follow, max-snippet:-1, max-image-preview:large, max-video-preview:-1\" \/>\n<link rel=\"canonical\" href=\"https:\/\/nettiseitti.fi\/showroom\/tuote\/zyxel-nebula-fwa505-5g-4g-lte-reititin\/\" \/>\n<meta property=\"og:locale\" content=\"fi_FI\" \/>\n<meta property=\"og:type\" content=\"article\" \/>\n<meta property=\"og:title\" content=\"ZYXEL Nebula FWA505 5G\/4G\/LTE -reititin - NettiSeitti\" \/>\n<meta property=\"og:description\" content=\"Plug-and-play -tyyppinen 5G-reititin ratkaisu tuo viiveett\u00f6m\u00e4n suorituskyvyn et\u00e4t\u00f6ihin, suoratoistoon ja liiketoiminnan tarpeisiin. Pirkanmaa, Satakunta.\" \/>\n<meta property=\"og:url\" content=\"https:\/\/nettiseitti.fi\/showroom\/tuote\/zyxel-nebula-fwa505-5g-4g-lte-reititin\/\" \/>\n<meta property=\"og:site_name\" content=\"NettiSeitti\" \/>\n<meta property=\"og:image\" content=\"https:\/\/nettiseitti.fi\/showroom\/wp-content\/uploads\/2026\/02\/zyxel_fwa505.jpg\" \/>\n\t<meta property=\"og:image:width\" content=\"412\" \/>\n\t<meta property=\"og:image:height\" content=\"422\" \/>\n\t<meta property=\"og:image:type\" content=\"image\/jpeg\" \/>\n<meta name=\"twitter:card\" content=\"summary_large_image\" \/>\n<meta name=\"twitter:label1\" content=\"Arvioitu lukuaika\" \/>\n\t<meta name=\"twitter:data1\" content=\"1 minuutti\" \/>\n<script type=\"application\/ld+json\" class=\"yoast-schema-graph\">{\"@context\":\"https:\\\/\\\/schema.org\",\"@graph\":[{\"@type\":\"WebPage\",\"@id\":\"https:\\\/\\\/nettiseitti.fi\\\/showroom\\\/tuote\\\/zyxel-nebula-fwa505-5g-4g-lte-reititin\\\/\",\"url\":\"https:\\\/\\\/nettiseitti.fi\\\/showroom\\\/tuote\\\/zyxel-nebula-fwa505-5g-4g-lte-reititin\\\/\",\"name\":\"ZYXEL Nebula FWA505 5G\\\/4G\\\/LTE -reititin - NettiSeitti\",\"isPartOf\":{\"@id\":\"https:\\\/\\\/nettiseitti.fi\\\/showroom\\\/#website\"},\"primaryImageOfPage\":{\"@id\":\"https:\\\/\\\/nettiseitti.fi\\\/showroom\\\/tuote\\\/zyxel-nebula-fwa505-5g-4g-lte-reititin\\\/#primaryimage\"},\"image\":{\"@id\":\"https:\\\/\\\/nettiseitti.fi\\\/showroom\\\/tuote\\\/zyxel-nebula-fwa505-5g-4g-lte-reititin\\\/#primaryimage\"},\"thumbnailUrl\":\"https:\\\/\\\/nettiseitti.fi\\\/showroom\\\/wp-content\\\/uploads\\\/2026\\\/02\\\/zyxel_fwa505.jpg\",\"datePublished\":\"2026-02-11T20:01:02+00:00\",\"description\":\"Plug-and-play -tyyppinen 5G-reititin ratkaisu tuo viiveett\u00f6m\u00e4n suorituskyvyn et\u00e4t\u00f6ihin, suoratoistoon ja liiketoiminnan tarpeisiin. Pirkanmaa, Satakunta.\",\"breadcrumb\":{\"@id\":\"https:\\\/\\\/nettiseitti.fi\\\/showroom\\\/tuote\\\/zyxel-nebula-fwa505-5g-4g-lte-reititin\\\/#breadcrumb\"},\"inLanguage\":\"fi\",\"potentialAction\":[{\"@type\":\"ReadAction\",\"target\":[\"https:\\\/\\\/nettiseitti.fi\\\/showroom\\\/tuote\\\/zyxel-nebula-fwa505-5g-4g-lte-reititin\\\/\"]}]},{\"@type\":\"ImageObject\",\"inLanguage\":\"fi\",\"@id\":\"https:\\\/\\\/nettiseitti.fi\\\/showroom\\\/tuote\\\/zyxel-nebula-fwa505-5g-4g-lte-reititin\\\/#primaryimage\",\"url\":\"https:\\\/\\\/nettiseitti.fi\\\/showroom\\\/wp-content\\\/uploads\\\/2026\\\/02\\\/zyxel_fwa505.jpg\",\"contentUrl\":\"https:\\\/\\\/nettiseitti.fi\\\/showroom\\\/wp-content\\\/uploads\\\/2026\\\/02\\\/zyxel_fwa505.jpg\",\"width\":412,\"height\":422},{\"@type\":\"BreadcrumbList\",\"@id\":\"https:\\\/\\\/nettiseitti.fi\\\/showroom\\\/tuote\\\/zyxel-nebula-fwa505-5g-4g-lte-reititin\\\/#breadcrumb\",\"itemListElement\":[{\"@type\":\"ListItem\",\"position\":1,\"name\":\"Etusivu\",\"item\":\"https:\\\/\\\/nettiseitti.fi\\\/showroom\\\/\"},{\"@type\":\"ListItem\",\"position\":2,\"name\":\"Tuotteet\",\"item\":\"https:\\\/\\\/nettiseitti.fi\\\/showroom\\\/tuotteet\\\/\"},{\"@type\":\"ListItem\",\"position\":3,\"name\":\"ZYXEL Nebula FWA505 5G\\\/4G\\\/LTE -reititin\"}]},{\"@type\":\"WebSite\",\"@id\":\"https:\\\/\\\/nettiseitti.fi\\\/showroom\\\/#website\",\"url\":\"https:\\\/\\\/nettiseitti.fi\\\/showroom\\\/\",\"name\":\"NettiSeitti\",\"description\":\"\",\"publisher\":{\"@id\":\"https:\\\/\\\/nettiseitti.fi\\\/showroom\\\/#organization\"},\"potentialAction\":[{\"@type\":\"SearchAction\",\"target\":{\"@type\":\"EntryPoint\",\"urlTemplate\":\"https:\\\/\\\/nettiseitti.fi\\\/showroom\\\/?s={search_term_string}\"},\"query-input\":{\"@type\":\"PropertyValueSpecification\",\"valueRequired\":true,\"valueName\":\"search_term_string\"}}],\"inLanguage\":\"fi\"},{\"@type\":\"Organization\",\"@id\":\"https:\\\/\\\/nettiseitti.fi\\\/showroom\\\/#organization\",\"name\":\"NettiSeitti\",\"url\":\"https:\\\/\\\/nettiseitti.fi\\\/showroom\\\/\",\"logo\":{\"@type\":\"ImageObject\",\"inLanguage\":\"fi\",\"@id\":\"https:\\\/\\\/nettiseitti.fi\\\/showroom\\\/#\\\/schema\\\/logo\\\/image\\\/\",\"url\":\"https:\\\/\\\/nettiseitti.fi\\\/showroom\\\/wp-content\\\/uploads\\\/2024\\\/03\\\/nettiseitti_lapinakyva_tausta.png\",\"contentUrl\":\"https:\\\/\\\/nettiseitti.fi\\\/showroom\\\/wp-content\\\/uploads\\\/2024\\\/03\\\/nettiseitti_lapinakyva_tausta.png\",\"width\":2176,\"height\":741,\"caption\":\"NettiSeitti\"},\"image\":{\"@id\":\"https:\\\/\\\/nettiseitti.fi\\\/showroom\\\/#\\\/schema\\\/logo\\\/image\\\/\"}}]}<\/script>\n<!-- \/ Yoast SEO plugin. -->","yoast_head_json":{"title":"ZYXEL Nebula FWA505 5G\/4G\/LTE -reititin - NettiSeitti","description":"Plug-and-play -tyyppinen 5G-reititin ratkaisu tuo viiveett\u00f6m\u00e4n suorituskyvyn et\u00e4t\u00f6ihin, suoratoistoon ja liiketoiminnan tarpeisiin. Pirkanmaa, Satakunta.","robots":{"index":"index","follow":"follow","max-snippet":"max-snippet:-1","max-image-preview":"max-image-preview:large","max-video-preview":"max-video-preview:-1"},"canonical":"https:\/\/nettiseitti.fi\/showroom\/tuote\/zyxel-nebula-fwa505-5g-4g-lte-reititin\/","og_locale":"fi_FI","og_type":"article","og_title":"ZYXEL Nebula FWA505 5G\/4G\/LTE -reititin - NettiSeitti","og_description":"Plug-and-play -tyyppinen 5G-reititin ratkaisu tuo viiveett\u00f6m\u00e4n suorituskyvyn et\u00e4t\u00f6ihin, suoratoistoon ja liiketoiminnan tarpeisiin. Pirkanmaa, Satakunta.","og_url":"https:\/\/nettiseitti.fi\/showroom\/tuote\/zyxel-nebula-fwa505-5g-4g-lte-reititin\/","og_site_name":"NettiSeitti","og_image":[{"width":412,"height":422,"url":"https:\/\/nettiseitti.fi\/showroom\/wp-content\/uploads\/2026\/02\/zyxel_fwa505.jpg","type":"image\/jpeg"}],"twitter_card":"summary_large_image","twitter_misc":{"Arvioitu lukuaika":"1 minuutti"},"schema":{"@context":"https:\/\/schema.org","@graph":[{"@type":"WebPage","@id":"https:\/\/nettiseitti.fi\/showroom\/tuote\/zyxel-nebula-fwa505-5g-4g-lte-reititin\/","url":"https:\/\/nettiseitti.fi\/showroom\/tuote\/zyxel-nebula-fwa505-5g-4g-lte-reititin\/","name":"ZYXEL Nebula FWA505 5G\/4G\/LTE -reititin - NettiSeitti","isPartOf":{"@id":"https:\/\/nettiseitti.fi\/showroom\/#website"},"primaryImageOfPage":{"@id":"https:\/\/nettiseitti.fi\/showroom\/tuote\/zyxel-nebula-fwa505-5g-4g-lte-reititin\/#primaryimage"},"image":{"@id":"https:\/\/nettiseitti.fi\/showroom\/tuote\/zyxel-nebula-fwa505-5g-4g-lte-reititin\/#primaryimage"},"thumbnailUrl":"https:\/\/nettiseitti.fi\/showroom\/wp-content\/uploads\/2026\/02\/zyxel_fwa505.jpg","datePublished":"2026-02-11T20:01:02+00:00","description":"Plug-and-play -tyyppinen 5G-reititin ratkaisu tuo viiveett\u00f6m\u00e4n suorituskyvyn et\u00e4t\u00f6ihin, suoratoistoon ja liiketoiminnan tarpeisiin. Pirkanmaa, Satakunta.","breadcrumb":{"@id":"https:\/\/nettiseitti.fi\/showroom\/tuote\/zyxel-nebula-fwa505-5g-4g-lte-reititin\/#breadcrumb"},"inLanguage":"fi","potentialAction":[{"@type":"ReadAction","target":["https:\/\/nettiseitti.fi\/showroom\/tuote\/zyxel-nebula-fwa505-5g-4g-lte-reititin\/"]}]},{"@type":"ImageObject","inLanguage":"fi","@id":"https:\/\/nettiseitti.fi\/showroom\/tuote\/zyxel-nebula-fwa505-5g-4g-lte-reititin\/#primaryimage","url":"https:\/\/nettiseitti.fi\/showroom\/wp-content\/uploads\/2026\/02\/zyxel_fwa505.jpg","contentUrl":"https:\/\/nettiseitti.fi\/showroom\/wp-content\/uploads\/2026\/02\/zyxel_fwa505.jpg","width":412,"height":422},{"@type":"BreadcrumbList","@id":"https:\/\/nettiseitti.fi\/showroom\/tuote\/zyxel-nebula-fwa505-5g-4g-lte-reititin\/#breadcrumb","itemListElement":[{"@type":"ListItem","position":1,"name":"Etusivu","item":"https:\/\/nettiseitti.fi\/showroom\/"},{"@type":"ListItem","position":2,"name":"Tuotteet","item":"https:\/\/nettiseitti.fi\/showroom\/tuotteet\/"},{"@type":"ListItem","position":3,"name":"ZYXEL Nebula FWA505 5G\/4G\/LTE -reititin"}]},{"@type":"WebSite","@id":"https:\/\/nettiseitti.fi\/showroom\/#website","url":"https:\/\/nettiseitti.fi\/showroom\/","name":"NettiSeitti","description":"","publisher":{"@id":"https:\/\/nettiseitti.fi\/showroom\/#organization"},"potentialAction":[{"@type":"SearchAction","target":{"@type":"EntryPoint","urlTemplate":"https:\/\/nettiseitti.fi\/showroom\/?s={search_term_string}"},"query-input":{"@type":"PropertyValueSpecification","valueRequired":true,"valueName":"search_term_string"}}],"inLanguage":"fi"},{"@type":"Organization","@id":"https:\/\/nettiseitti.fi\/showroom\/#organization","name":"NettiSeitti","url":"https:\/\/nettiseitti.fi\/showroom\/","logo":{"@type":"ImageObject","inLanguage":"fi","@id":"https:\/\/nettiseitti.fi\/showroom\/#\/schema\/logo\/image\/","url":"https:\/\/nettiseitti.fi\/showroom\/wp-content\/uploads\/2024\/03\/nettiseitti_lapinakyva_tausta.png","contentUrl":"https:\/\/nettiseitti.fi\/showroom\/wp-content\/uploads\/2024\/03\/nettiseitti_lapinakyva_tausta.png","width":2176,"height":741,"caption":"NettiSeitti"},"image":{"@id":"https:\/\/nettiseitti.fi\/showroom\/#\/schema\/logo\/image\/"}}]}},"_links":{"self":[{"href":"https:\/\/nettiseitti.fi\/showroom\/wp-json\/wp\/v2\/product\/14848","targetHints":{"allow":["GET"]}}],"collection":[{"href":"https:\/\/nettiseitti.fi\/showroom\/wp-json\/wp\/v2\/product"}],"about":[{"href":"https:\/\/nettiseitti.fi\/showroom\/wp-json\/wp\/v2\/types\/product"}],"wp:featuredmedia":[{"embeddable":true,"href":"https:\/\/nettiseitti.fi\/showroom\/wp-json\/wp\/v2\/media\/14849"}],"wp:attachment":[{"href":"https:\/\/nettiseitti.fi\/showroom\/wp-json\/wp\/v2\/media?parent=14848"}],"wp:term":[{"taxonomy":"product_brand","embeddable":true,"href":"https:\/\/nettiseitti.fi\/showroom\/wp-json\/wp\/v2\/product_brand?post=14848"},{"taxonomy":"product_cat","embeddable":true,"href":"https:\/\/nettiseitti.fi\/showroom\/wp-json\/wp\/v2\/product_cat?post=14848"},{"taxonomy":"product_tag","embeddable":true,"href":"https:\/\/nettiseitti.fi\/showroom\/wp-json\/wp\/v2\/product_tag?post=14848"}],"curies":[{"name":"wp","href":"https:\/\/api.w.org\/{rel}","templated":true}]}}