{"id":14857,"date":"2026-02-17T00:30:19","date_gmt":"2026-02-16T22:30:19","guid":{"rendered":"https:\/\/nettiseitti.fi\/showroom\/?post_type=product&#038;p=14857"},"modified":"2026-02-17T00:30:19","modified_gmt":"2026-02-16T22:30:19","slug":"dji-mavic-4-pro-dji-rc-2-drone","status":"publish","type":"product","link":"https:\/\/nettiseitti.fi\/showroom\/tuote\/dji-mavic-4-pro-dji-rc-2-drone\/","title":{"rendered":"DJI Mavic 4 Pro DJI RC 2 -drone"},"content":{"rendered":"<p>Ammattitason drone vaativaan kuvausk\u00e4ytt\u00f6\u00f6n kolmoiskameralla.<\/p>\n<p>Ominaisuuksia:<\/p>\n<ul>\n<li>Kamera: Hasselblad p\u00e4\u00e4kamera: 4\/3 CMOS 100 MP FOV: 72\u00b0; Keskitason telekamera: 1\/1.3-inch CMOS 48 MP FOV: 35\u00b0; Telekamera: 1\/1.5-inch CMOS 50 MP FOV: 15\u00b0<\/li>\n<li>Videokuvaus: Hasselblad p\u00e4\u00e4kamera: 6K: 6016\u00d73384@24\/25\/30\/48\/50\/60fps; Keskitason telekamera: 4K: 3840\u00d72160@24\/25\/30\/48\/50\/60; Telekamera: 4K: 3840\u00d72160@24\/25\/30\/48\/50\/60<\/li>\n<li>Esteentunnistus moniin suuntiin<\/li>\n<li>3-akselinen gimbal vakauttaa kuvat ja videot<\/li>\n<li>Mukana toimitetaan DJI RC2 -ohjain<\/li>\n<li>Paino: n. 1063g, C2-sertifioitu (EU), A2-kategoria<\/li>\n<li>Mitat avattuna valmistajan mukaan (P\u00d7L\u00d7K): n. 328.7 \u00d7 390.5 \u00d7 135.2 mm<\/li>\n<li>Tallennus: 64 GB sis\u00e4inen tallennustila, muistikortinlukija: microSD (max. 1TB)<\/li>\n<\/ul>\n<p>Kauttamme my\u00f6s muut dronet ja tarvikkeet, ota yhteytt\u00e4 !<\/p>\n<p>Kysy ajantasainen hinnasto ja lis\u00e4tietoja ottamalla meihin yhteytt\u00e4.<br \/>\nMy\u00f6s toimitus mahdollista riippuen tilatuista tuotteista sek\u00e4 sovittaessa laitteiden konfigurointi k\u00e4ytt\u00f6kuntoon asennettuna.<\/p>\n<p>Tarvittaessa pystymme tarjoamaan my\u00f6s k\u00e4ytt\u00f6\u00f6nottokoulutusta \/ opastusta laitteen k\u00e4ytt\u00f6\u00f6n, kysy tarjous !<\/p>\n<p>Ota yhteytt\u00e4:<br \/>\nPuh. <a href=\"tel:0401523801\">040 1523801<\/a><br \/>\nS\u00e4hk\u00f6posti: myynti [at] nettiseitti.fi<\/p>\n","protected":false},"excerpt":{"rendered":"<p>Kolmoiskameraj\u00e4rjestelm\u00e4ll\u00e4 varusteltu A2-luokan ammattitason drone esteentunnistuksella.<\/p>\n","protected":false},"featured_media":14858,"template":"","meta":{"neve_meta_sidebar":"","neve_meta_container":"","neve_meta_enable_content_width":"off","neve_meta_content_width":100,"neve_meta_title_alignment":"","neve_meta_author_avatar":"","neve_post_elements_order":"","neve_meta_disable_header":"","neve_meta_disable_footer":"","neve_meta_disable_title":""},"product_brand":[],"product_cat":[573],"product_tag":[450,451,351,186,100,107,459,106,457,327,446,448,449,453,447,349,108,105,455,445,456,98,101,104,454,96,99,97,103,102,458,452],"class_list":{"0":"post-14857","1":"product","2":"type-product","3":"status-publish","4":"has-post-thumbnail","6":"product_cat-dronet","7":"product_tag-ahtari","8":"product_tag-alavus","9":"product_tag-dji","10":"product_tag-drone","11":"product_tag-etela-pohjanmaa","12":"product_tag-etela-suomi","13":"product_tag-hameenlinna","14":"product_tag-huittinen","15":"product_tag-ikaalinen","16":"product_tag-jalasjarvi","17":"product_tag-kankaanpaa","18":"product_tag-karvia","19":"product_tag-kauhajoki","20":"product_tag-kauhava","21":"product_tag-kihnio","22":"product_tag-kuvauskopteri","23":"product_tag-lansi-suomi","24":"product_tag-lapua","25":"product_tag-lempaala","26":"product_tag-nokia","27":"product_tag-parkano","28":"product_tag-pirkanmaa","29":"product_tag-pohjanmaa","30":"product_tag-pori","31":"product_tag-rauma","32":"product_tag-sastamala","33":"product_tag-satakunta","34":"product_tag-seinajoki","35":"product_tag-tampere","36":"product_tag-vaasa","37":"product_tag-virrat","38":"product_tag-ylojarvi","40":"first","41":"instock","42":"shipping-taxable","43":"product-type-simple"},"yoast_head":"<!-- This site is optimized with the Yoast SEO plugin v27.4 - https:\/\/yoast.com\/product\/yoast-seo-wordpress\/ -->\n<title>DJI Mavic 4 Pro DJI RC 2 -drone - NettiSeitti<\/title>\n<meta name=\"description\" content=\"Kolmoiskameraj\u00e4rjestelm\u00e4ll\u00e4 varusteltu A2-luokan ammattitason drone esteentunnistuksella. Pirkanmaa, Satakunta, Etel\u00e4-Pohjanmaa, Pohjanmaa, Sein\u00e4joki, Pori.\" \/>\n<meta name=\"robots\" content=\"index, follow, max-snippet:-1, max-image-preview:large, max-video-preview:-1\" \/>\n<link rel=\"canonical\" href=\"https:\/\/nettiseitti.fi\/showroom\/tuote\/dji-mavic-4-pro-dji-rc-2-drone\/\" \/>\n<meta property=\"og:locale\" content=\"fi_FI\" \/>\n<meta property=\"og:type\" content=\"article\" \/>\n<meta property=\"og:title\" content=\"DJI Mavic 4 Pro DJI RC 2 -drone - NettiSeitti\" \/>\n<meta property=\"og:description\" content=\"Kolmoiskameraj\u00e4rjestelm\u00e4ll\u00e4 varusteltu A2-luokan ammattitason drone esteentunnistuksella. Pirkanmaa, Satakunta, Etel\u00e4-Pohjanmaa, Pohjanmaa, Sein\u00e4joki, Pori.\" \/>\n<meta property=\"og:url\" content=\"https:\/\/nettiseitti.fi\/showroom\/tuote\/dji-mavic-4-pro-dji-rc-2-drone\/\" \/>\n<meta property=\"og:site_name\" content=\"NettiSeitti\" \/>\n<meta property=\"og:image\" content=\"https:\/\/nettiseitti.fi\/showroom\/wp-content\/uploads\/2026\/02\/dji_mavic_4_pro.jpg\" \/>\n\t<meta property=\"og:image:width\" content=\"343\" \/>\n\t<meta property=\"og:image:height\" content=\"343\" \/>\n\t<meta property=\"og:image:type\" content=\"image\/jpeg\" \/>\n<meta name=\"twitter:card\" content=\"summary_large_image\" \/>\n<meta name=\"twitter:label1\" content=\"Arvioitu lukuaika\" \/>\n\t<meta name=\"twitter:data1\" content=\"1 minuutti\" \/>\n<script type=\"application\/ld+json\" class=\"yoast-schema-graph\">{\"@context\":\"https:\\\/\\\/schema.org\",\"@graph\":[{\"@type\":\"WebPage\",\"@id\":\"https:\\\/\\\/nettiseitti.fi\\\/showroom\\\/tuote\\\/dji-mavic-4-pro-dji-rc-2-drone\\\/\",\"url\":\"https:\\\/\\\/nettiseitti.fi\\\/showroom\\\/tuote\\\/dji-mavic-4-pro-dji-rc-2-drone\\\/\",\"name\":\"DJI Mavic 4 Pro DJI RC 2 -drone - NettiSeitti\",\"isPartOf\":{\"@id\":\"https:\\\/\\\/nettiseitti.fi\\\/showroom\\\/#website\"},\"primaryImageOfPage\":{\"@id\":\"https:\\\/\\\/nettiseitti.fi\\\/showroom\\\/tuote\\\/dji-mavic-4-pro-dji-rc-2-drone\\\/#primaryimage\"},\"image\":{\"@id\":\"https:\\\/\\\/nettiseitti.fi\\\/showroom\\\/tuote\\\/dji-mavic-4-pro-dji-rc-2-drone\\\/#primaryimage\"},\"thumbnailUrl\":\"https:\\\/\\\/nettiseitti.fi\\\/showroom\\\/wp-content\\\/uploads\\\/2026\\\/02\\\/dji_mavic_4_pro.jpg\",\"datePublished\":\"2026-02-16T22:30:19+00:00\",\"description\":\"Kolmoiskameraj\u00e4rjestelm\u00e4ll\u00e4 varusteltu A2-luokan ammattitason drone esteentunnistuksella. Pirkanmaa, Satakunta, Etel\u00e4-Pohjanmaa, Pohjanmaa, Sein\u00e4joki, Pori.\",\"breadcrumb\":{\"@id\":\"https:\\\/\\\/nettiseitti.fi\\\/showroom\\\/tuote\\\/dji-mavic-4-pro-dji-rc-2-drone\\\/#breadcrumb\"},\"inLanguage\":\"fi\",\"potentialAction\":[{\"@type\":\"ReadAction\",\"target\":[\"https:\\\/\\\/nettiseitti.fi\\\/showroom\\\/tuote\\\/dji-mavic-4-pro-dji-rc-2-drone\\\/\"]}]},{\"@type\":\"ImageObject\",\"inLanguage\":\"fi\",\"@id\":\"https:\\\/\\\/nettiseitti.fi\\\/showroom\\\/tuote\\\/dji-mavic-4-pro-dji-rc-2-drone\\\/#primaryimage\",\"url\":\"https:\\\/\\\/nettiseitti.fi\\\/showroom\\\/wp-content\\\/uploads\\\/2026\\\/02\\\/dji_mavic_4_pro.jpg\",\"contentUrl\":\"https:\\\/\\\/nettiseitti.fi\\\/showroom\\\/wp-content\\\/uploads\\\/2026\\\/02\\\/dji_mavic_4_pro.jpg\",\"width\":343,\"height\":343},{\"@type\":\"BreadcrumbList\",\"@id\":\"https:\\\/\\\/nettiseitti.fi\\\/showroom\\\/tuote\\\/dji-mavic-4-pro-dji-rc-2-drone\\\/#breadcrumb\",\"itemListElement\":[{\"@type\":\"ListItem\",\"position\":1,\"name\":\"Etusivu\",\"item\":\"https:\\\/\\\/nettiseitti.fi\\\/showroom\\\/\"},{\"@type\":\"ListItem\",\"position\":2,\"name\":\"Tuotteet\",\"item\":\"https:\\\/\\\/nettiseitti.fi\\\/showroom\\\/tuotteet\\\/\"},{\"@type\":\"ListItem\",\"position\":3,\"name\":\"DJI Mavic 4 Pro DJI RC 2 -drone\"}]},{\"@type\":\"WebSite\",\"@id\":\"https:\\\/\\\/nettiseitti.fi\\\/showroom\\\/#website\",\"url\":\"https:\\\/\\\/nettiseitti.fi\\\/showroom\\\/\",\"name\":\"NettiSeitti\",\"description\":\"\",\"publisher\":{\"@id\":\"https:\\\/\\\/nettiseitti.fi\\\/showroom\\\/#organization\"},\"potentialAction\":[{\"@type\":\"SearchAction\",\"target\":{\"@type\":\"EntryPoint\",\"urlTemplate\":\"https:\\\/\\\/nettiseitti.fi\\\/showroom\\\/?s={search_term_string}\"},\"query-input\":{\"@type\":\"PropertyValueSpecification\",\"valueRequired\":true,\"valueName\":\"search_term_string\"}}],\"inLanguage\":\"fi\"},{\"@type\":\"Organization\",\"@id\":\"https:\\\/\\\/nettiseitti.fi\\\/showroom\\\/#organization\",\"name\":\"NettiSeitti\",\"url\":\"https:\\\/\\\/nettiseitti.fi\\\/showroom\\\/\",\"logo\":{\"@type\":\"ImageObject\",\"inLanguage\":\"fi\",\"@id\":\"https:\\\/\\\/nettiseitti.fi\\\/showroom\\\/#\\\/schema\\\/logo\\\/image\\\/\",\"url\":\"https:\\\/\\\/nettiseitti.fi\\\/showroom\\\/wp-content\\\/uploads\\\/2024\\\/03\\\/nettiseitti_lapinakyva_tausta.png\",\"contentUrl\":\"https:\\\/\\\/nettiseitti.fi\\\/showroom\\\/wp-content\\\/uploads\\\/2024\\\/03\\\/nettiseitti_lapinakyva_tausta.png\",\"width\":2176,\"height\":741,\"caption\":\"NettiSeitti\"},\"image\":{\"@id\":\"https:\\\/\\\/nettiseitti.fi\\\/showroom\\\/#\\\/schema\\\/logo\\\/image\\\/\"}}]}<\/script>\n<!-- \/ Yoast SEO plugin. -->","yoast_head_json":{"title":"DJI Mavic 4 Pro DJI RC 2 -drone - NettiSeitti","description":"Kolmoiskameraj\u00e4rjestelm\u00e4ll\u00e4 varusteltu A2-luokan ammattitason drone esteentunnistuksella. Pirkanmaa, Satakunta, Etel\u00e4-Pohjanmaa, Pohjanmaa, Sein\u00e4joki, Pori.","robots":{"index":"index","follow":"follow","max-snippet":"max-snippet:-1","max-image-preview":"max-image-preview:large","max-video-preview":"max-video-preview:-1"},"canonical":"https:\/\/nettiseitti.fi\/showroom\/tuote\/dji-mavic-4-pro-dji-rc-2-drone\/","og_locale":"fi_FI","og_type":"article","og_title":"DJI Mavic 4 Pro DJI RC 2 -drone - NettiSeitti","og_description":"Kolmoiskameraj\u00e4rjestelm\u00e4ll\u00e4 varusteltu A2-luokan ammattitason drone esteentunnistuksella. Pirkanmaa, Satakunta, Etel\u00e4-Pohjanmaa, Pohjanmaa, Sein\u00e4joki, Pori.","og_url":"https:\/\/nettiseitti.fi\/showroom\/tuote\/dji-mavic-4-pro-dji-rc-2-drone\/","og_site_name":"NettiSeitti","og_image":[{"width":343,"height":343,"url":"https:\/\/nettiseitti.fi\/showroom\/wp-content\/uploads\/2026\/02\/dji_mavic_4_pro.jpg","type":"image\/jpeg"}],"twitter_card":"summary_large_image","twitter_misc":{"Arvioitu lukuaika":"1 minuutti"},"schema":{"@context":"https:\/\/schema.org","@graph":[{"@type":"WebPage","@id":"https:\/\/nettiseitti.fi\/showroom\/tuote\/dji-mavic-4-pro-dji-rc-2-drone\/","url":"https:\/\/nettiseitti.fi\/showroom\/tuote\/dji-mavic-4-pro-dji-rc-2-drone\/","name":"DJI Mavic 4 Pro DJI RC 2 -drone - NettiSeitti","isPartOf":{"@id":"https:\/\/nettiseitti.fi\/showroom\/#website"},"primaryImageOfPage":{"@id":"https:\/\/nettiseitti.fi\/showroom\/tuote\/dji-mavic-4-pro-dji-rc-2-drone\/#primaryimage"},"image":{"@id":"https:\/\/nettiseitti.fi\/showroom\/tuote\/dji-mavic-4-pro-dji-rc-2-drone\/#primaryimage"},"thumbnailUrl":"https:\/\/nettiseitti.fi\/showroom\/wp-content\/uploads\/2026\/02\/dji_mavic_4_pro.jpg","datePublished":"2026-02-16T22:30:19+00:00","description":"Kolmoiskameraj\u00e4rjestelm\u00e4ll\u00e4 varusteltu A2-luokan ammattitason drone esteentunnistuksella. Pirkanmaa, Satakunta, Etel\u00e4-Pohjanmaa, Pohjanmaa, Sein\u00e4joki, Pori.","breadcrumb":{"@id":"https:\/\/nettiseitti.fi\/showroom\/tuote\/dji-mavic-4-pro-dji-rc-2-drone\/#breadcrumb"},"inLanguage":"fi","potentialAction":[{"@type":"ReadAction","target":["https:\/\/nettiseitti.fi\/showroom\/tuote\/dji-mavic-4-pro-dji-rc-2-drone\/"]}]},{"@type":"ImageObject","inLanguage":"fi","@id":"https:\/\/nettiseitti.fi\/showroom\/tuote\/dji-mavic-4-pro-dji-rc-2-drone\/#primaryimage","url":"https:\/\/nettiseitti.fi\/showroom\/wp-content\/uploads\/2026\/02\/dji_mavic_4_pro.jpg","contentUrl":"https:\/\/nettiseitti.fi\/showroom\/wp-content\/uploads\/2026\/02\/dji_mavic_4_pro.jpg","width":343,"height":343},{"@type":"BreadcrumbList","@id":"https:\/\/nettiseitti.fi\/showroom\/tuote\/dji-mavic-4-pro-dji-rc-2-drone\/#breadcrumb","itemListElement":[{"@type":"ListItem","position":1,"name":"Etusivu","item":"https:\/\/nettiseitti.fi\/showroom\/"},{"@type":"ListItem","position":2,"name":"Tuotteet","item":"https:\/\/nettiseitti.fi\/showroom\/tuotteet\/"},{"@type":"ListItem","position":3,"name":"DJI Mavic 4 Pro DJI RC 2 -drone"}]},{"@type":"WebSite","@id":"https:\/\/nettiseitti.fi\/showroom\/#website","url":"https:\/\/nettiseitti.fi\/showroom\/","name":"NettiSeitti","description":"","publisher":{"@id":"https:\/\/nettiseitti.fi\/showroom\/#organization"},"potentialAction":[{"@type":"SearchAction","target":{"@type":"EntryPoint","urlTemplate":"https:\/\/nettiseitti.fi\/showroom\/?s={search_term_string}"},"query-input":{"@type":"PropertyValueSpecification","valueRequired":true,"valueName":"search_term_string"}}],"inLanguage":"fi"},{"@type":"Organization","@id":"https:\/\/nettiseitti.fi\/showroom\/#organization","name":"NettiSeitti","url":"https:\/\/nettiseitti.fi\/showroom\/","logo":{"@type":"ImageObject","inLanguage":"fi","@id":"https:\/\/nettiseitti.fi\/showroom\/#\/schema\/logo\/image\/","url":"https:\/\/nettiseitti.fi\/showroom\/wp-content\/uploads\/2024\/03\/nettiseitti_lapinakyva_tausta.png","contentUrl":"https:\/\/nettiseitti.fi\/showroom\/wp-content\/uploads\/2024\/03\/nettiseitti_lapinakyva_tausta.png","width":2176,"height":741,"caption":"NettiSeitti"},"image":{"@id":"https:\/\/nettiseitti.fi\/showroom\/#\/schema\/logo\/image\/"}}]}},"_links":{"self":[{"href":"https:\/\/nettiseitti.fi\/showroom\/wp-json\/wp\/v2\/product\/14857","targetHints":{"allow":["GET"]}}],"collection":[{"href":"https:\/\/nettiseitti.fi\/showroom\/wp-json\/wp\/v2\/product"}],"about":[{"href":"https:\/\/nettiseitti.fi\/showroom\/wp-json\/wp\/v2\/types\/product"}],"wp:featuredmedia":[{"embeddable":true,"href":"https:\/\/nettiseitti.fi\/showroom\/wp-json\/wp\/v2\/media\/14858"}],"wp:attachment":[{"href":"https:\/\/nettiseitti.fi\/showroom\/wp-json\/wp\/v2\/media?parent=14857"}],"wp:term":[{"taxonomy":"product_brand","embeddable":true,"href":"https:\/\/nettiseitti.fi\/showroom\/wp-json\/wp\/v2\/product_brand?post=14857"},{"taxonomy":"product_cat","embeddable":true,"href":"https:\/\/nettiseitti.fi\/showroom\/wp-json\/wp\/v2\/product_cat?post=14857"},{"taxonomy":"product_tag","embeddable":true,"href":"https:\/\/nettiseitti.fi\/showroom\/wp-json\/wp\/v2\/product_tag?post=14857"}],"curies":[{"name":"wp","href":"https:\/\/api.w.org\/{rel}","templated":true}]}}