{"id":14875,"date":"2026-02-26T21:39:44","date_gmt":"2026-02-26T19:39:44","guid":{"rendered":"https:\/\/nettiseitti.fi\/showroom\/?post_type=product&#038;p=14875"},"modified":"2026-03-01T14:27:24","modified_gmt":"2026-03-01T12:27:24","slug":"epson-eb-994f-full-hd-4100ansi-projektori","status":"publish","type":"product","link":"https:\/\/nettiseitti.fi\/showroom\/tuote\/epson-eb-994f-full-hd-4100ansi-projektori\/","title":{"rendered":"EPSON EB-994F FULL HD 4100ANSI -projektori"},"content":{"rendered":"<p>Muunna mik\u00e4 tahansa huone eloisaksi katseluymp\u00e4rist\u00f6ksi jopa 304 tuuman skaalautuvan kuvakoon ansiosta.<br \/>\nHeijasta kirkkaita ja laadukkaita kuvia Full HD 1080p -resoluutiolla ja 240 Hz:n virkistystaajuudella.<br \/>\nKuvanlaatua tehostaa kohteeseen mukautuva gammakorjaus, joka takaa optimaalisen kirkkauden ja kontrastin, sek\u00e4 poikkeuksellinen v\u00e4ritarkkuus, joka tuottaa eloisat, luonnolliset kuvat ilman h\u00e4iritsevi\u00e4 sateenkaariefektej\u00e4.<\/p>\n<p>Ominaisuuksia:<\/p>\n<ul>\n<li>ANSI-valoteho: 4100 lumenia<\/li>\n<li>Resoluutio: Full HD (1920&#215;1080)<\/li>\n<li>Kontrastisuhde: 16.000 : 1<\/li>\n<li>Valol\u00e4hde: lamppu<\/li>\n<li>Lampun arvioitu k\u00e4ytt\u00f6ik\u00e4 n. 6500 tuntia<\/li>\n<li>Kuvasuhde: 16:9<\/li>\n<li>Keystone korjaus, pystysuunta: \u00b130\u00b0<\/li>\n<li>Heijastuset\u00e4isyys &#8211; laajakulma: 0,9 m &#8211; 8,9 m<\/li>\n<li>Heijastuset\u00e4isyys &#8211; tele: 1,4 m &#8211; 14,3 m<\/li>\n<li>Heijastuset\u00e4isyys laajakuva\/tele: 0,88 m &#8211; 14,29 m<\/li>\n<li>Kuvakoko: 31 tuumaa &#8211; 304 tuumaa<\/li>\n<li>16W:n kaiutin<\/li>\n<li>Zoom: manuaalinen, <span class=\"technical-specifications__specification-value\">1 &#8211; 1.62<\/span><\/li>\n<li>Miracast ja Apple AirPlay 2<\/li>\n<li>Liit\u00e4nn\u00e4t: USB 2.0-A, USB 2.0, RS-232C, Ethernet-liit\u00e4nt\u00e4 (100 Base-TX \/ 10 Base-T), Langaton LAN IEEE 802.11a\/b\/g\/n\/ac, VGA-tulo (2x), VGA-l\u00e4ht\u00f6, HDMI-tulo (2x), Komposiittitulo, Miracast, Jakkiliitin l\u00e4ht\u00f6, Jakkiliitin tulo, RCA-\u00e4\u00e4nitulo, tuloliit\u00e4nt\u00e4 mikrofonille, Apple AirPlay 2<\/li>\n<\/ul>\n<p>Kauttamme my\u00f6s muut projektorit ja tarvikkeet, ota yhteytt\u00e4 !<\/p>\n<p>Kysy my\u00f6s projektoritelineit\u00e4, l\u00f6ytyy useita erilaisia vaihtoehtoja erilaisilla ominaisuuksilla !<\/p>\n<p>Kysy ajantasainen hinnasto ja lis\u00e4tietoja ottamalla meihin yhteytt\u00e4.<br \/>\nMy\u00f6s toimitus mahdollista riippuen tilatuista tuotteista sek\u00e4 sovittaessa laitteiden konfigurointi k\u00e4ytt\u00f6kuntoon asennettuna.<\/p>\n<p>Ota yhteytt\u00e4:<br \/>\nPuh. <a href=\"tel:0401523801\">040 1523801<\/a><br \/>\nS\u00e4hk\u00f6posti: myynti [at] nettiseitti.fi<\/p>\n","protected":false},"excerpt":{"rendered":"<p>T\u00e4ydellinen yhdistelm\u00e4 korkeaa laatua ja suorituskyky\u00e4 tarjoten jopa 4 100 lumenin kirkkauden.<\/p>\n","protected":false},"featured_media":14876,"template":"","meta":{"neve_meta_sidebar":"","neve_meta_container":"","neve_meta_enable_content_width":"off","neve_meta_content_width":100,"neve_meta_title_alignment":"","neve_meta_author_avatar":"","neve_post_elements_order":"","neve_meta_disable_header":"","neve_meta_disable_footer":"","neve_meta_disable_title":""},"product_brand":[],"product_cat":[567],"product_tag":[450,451,100,107,459,106,457,327,446,448,449,453,447,108,105,455,445,88,456,98,101,104,398,454,96,99,97,103,102,458,452],"class_list":{"0":"post-14875","1":"product","2":"type-product","3":"status-publish","4":"has-post-thumbnail","6":"product_cat-projektorit","7":"product_tag-ahtari","8":"product_tag-alavus","9":"product_tag-etela-pohjanmaa","10":"product_tag-etela-suomi","11":"product_tag-hameenlinna","12":"product_tag-huittinen","13":"product_tag-ikaalinen","14":"product_tag-jalasjarvi","15":"product_tag-kankaanpaa","16":"product_tag-karvia","17":"product_tag-kauhajoki","18":"product_tag-kauhava","19":"product_tag-kihnio","20":"product_tag-lansi-suomi","21":"product_tag-lapua","22":"product_tag-lempaala","23":"product_tag-nokia","24":"product_tag-oheislaite","25":"product_tag-parkano","26":"product_tag-pirkanmaa","27":"product_tag-pohjanmaa","28":"product_tag-pori","29":"product_tag-projektori","30":"product_tag-rauma","31":"product_tag-sastamala","32":"product_tag-satakunta","33":"product_tag-seinajoki","34":"product_tag-tampere","35":"product_tag-vaasa","36":"product_tag-virrat","37":"product_tag-ylojarvi","39":"first","40":"instock","41":"shipping-taxable","42":"product-type-simple"},"yoast_head":"<!-- This site is optimized with the Yoast SEO plugin v27.4 - https:\/\/yoast.com\/product\/yoast-seo-wordpress\/ -->\n<title>EPSON EB-994F FULL HD 4100ANSI -projektori - NettiSeitti<\/title>\n<meta name=\"description\" content=\"T\u00e4ydellinen yhdistelm\u00e4 korkeaa laatua ja suorituskyky\u00e4 tarjoten jopa 4 100 lumenin kirkkauden. Pirkanmaa, Satakunta, Etel\u00e4-Pohjanmaa, Pohjanmaa, Sein\u00e4joki.\" \/>\n<meta name=\"robots\" content=\"index, follow, max-snippet:-1, max-image-preview:large, max-video-preview:-1\" \/>\n<link rel=\"canonical\" href=\"https:\/\/nettiseitti.fi\/showroom\/tuote\/epson-eb-994f-full-hd-4100ansi-projektori\/\" \/>\n<meta property=\"og:locale\" content=\"fi_FI\" \/>\n<meta property=\"og:type\" content=\"article\" \/>\n<meta property=\"og:title\" content=\"EPSON EB-994F FULL HD 4100ANSI -projektori - NettiSeitti\" \/>\n<meta property=\"og:description\" content=\"T\u00e4ydellinen yhdistelm\u00e4 korkeaa laatua ja suorituskyky\u00e4 tarjoten jopa 4 100 lumenin kirkkauden. Pirkanmaa, Satakunta, Etel\u00e4-Pohjanmaa, Pohjanmaa, Sein\u00e4joki.\" \/>\n<meta property=\"og:url\" content=\"https:\/\/nettiseitti.fi\/showroom\/tuote\/epson-eb-994f-full-hd-4100ansi-projektori\/\" \/>\n<meta property=\"og:site_name\" content=\"NettiSeitti\" \/>\n<meta property=\"article:modified_time\" content=\"2026-03-01T12:27:24+00:00\" \/>\n<meta property=\"og:image\" content=\"https:\/\/nettiseitti.fi\/showroom\/wp-content\/uploads\/2026\/02\/epson_eb-994f.jpg\" \/>\n\t<meta property=\"og:image:width\" content=\"626\" \/>\n\t<meta property=\"og:image:height\" content=\"642\" \/>\n\t<meta property=\"og:image:type\" content=\"image\/jpeg\" \/>\n<meta name=\"twitter:card\" content=\"summary_large_image\" \/>\n<meta name=\"twitter:label1\" content=\"Arvioitu lukuaika\" \/>\n\t<meta name=\"twitter:data1\" content=\"2 minuuttia\" \/>\n<script type=\"application\/ld+json\" class=\"yoast-schema-graph\">{\"@context\":\"https:\\\/\\\/schema.org\",\"@graph\":[{\"@type\":\"WebPage\",\"@id\":\"https:\\\/\\\/nettiseitti.fi\\\/showroom\\\/tuote\\\/epson-eb-994f-full-hd-4100ansi-projektori\\\/\",\"url\":\"https:\\\/\\\/nettiseitti.fi\\\/showroom\\\/tuote\\\/epson-eb-994f-full-hd-4100ansi-projektori\\\/\",\"name\":\"EPSON EB-994F FULL HD 4100ANSI -projektori - NettiSeitti\",\"isPartOf\":{\"@id\":\"https:\\\/\\\/nettiseitti.fi\\\/showroom\\\/#website\"},\"primaryImageOfPage\":{\"@id\":\"https:\\\/\\\/nettiseitti.fi\\\/showroom\\\/tuote\\\/epson-eb-994f-full-hd-4100ansi-projektori\\\/#primaryimage\"},\"image\":{\"@id\":\"https:\\\/\\\/nettiseitti.fi\\\/showroom\\\/tuote\\\/epson-eb-994f-full-hd-4100ansi-projektori\\\/#primaryimage\"},\"thumbnailUrl\":\"https:\\\/\\\/nettiseitti.fi\\\/showroom\\\/wp-content\\\/uploads\\\/2026\\\/02\\\/epson_eb-994f.jpg\",\"datePublished\":\"2026-02-26T19:39:44+00:00\",\"dateModified\":\"2026-03-01T12:27:24+00:00\",\"description\":\"T\u00e4ydellinen yhdistelm\u00e4 korkeaa laatua ja suorituskyky\u00e4 tarjoten jopa 4 100 lumenin kirkkauden. Pirkanmaa, Satakunta, Etel\u00e4-Pohjanmaa, Pohjanmaa, Sein\u00e4joki.\",\"breadcrumb\":{\"@id\":\"https:\\\/\\\/nettiseitti.fi\\\/showroom\\\/tuote\\\/epson-eb-994f-full-hd-4100ansi-projektori\\\/#breadcrumb\"},\"inLanguage\":\"fi\",\"potentialAction\":[{\"@type\":\"ReadAction\",\"target\":[\"https:\\\/\\\/nettiseitti.fi\\\/showroom\\\/tuote\\\/epson-eb-994f-full-hd-4100ansi-projektori\\\/\"]}]},{\"@type\":\"ImageObject\",\"inLanguage\":\"fi\",\"@id\":\"https:\\\/\\\/nettiseitti.fi\\\/showroom\\\/tuote\\\/epson-eb-994f-full-hd-4100ansi-projektori\\\/#primaryimage\",\"url\":\"https:\\\/\\\/nettiseitti.fi\\\/showroom\\\/wp-content\\\/uploads\\\/2026\\\/02\\\/epson_eb-994f.jpg\",\"contentUrl\":\"https:\\\/\\\/nettiseitti.fi\\\/showroom\\\/wp-content\\\/uploads\\\/2026\\\/02\\\/epson_eb-994f.jpg\",\"width\":626,\"height\":642},{\"@type\":\"BreadcrumbList\",\"@id\":\"https:\\\/\\\/nettiseitti.fi\\\/showroom\\\/tuote\\\/epson-eb-994f-full-hd-4100ansi-projektori\\\/#breadcrumb\",\"itemListElement\":[{\"@type\":\"ListItem\",\"position\":1,\"name\":\"Etusivu\",\"item\":\"https:\\\/\\\/nettiseitti.fi\\\/showroom\\\/\"},{\"@type\":\"ListItem\",\"position\":2,\"name\":\"Tuotteet\",\"item\":\"https:\\\/\\\/nettiseitti.fi\\\/showroom\\\/tuotteet\\\/\"},{\"@type\":\"ListItem\",\"position\":3,\"name\":\"EPSON EB-994F FULL HD 4100ANSI -projektori\"}]},{\"@type\":\"WebSite\",\"@id\":\"https:\\\/\\\/nettiseitti.fi\\\/showroom\\\/#website\",\"url\":\"https:\\\/\\\/nettiseitti.fi\\\/showroom\\\/\",\"name\":\"NettiSeitti\",\"description\":\"\",\"publisher\":{\"@id\":\"https:\\\/\\\/nettiseitti.fi\\\/showroom\\\/#organization\"},\"potentialAction\":[{\"@type\":\"SearchAction\",\"target\":{\"@type\":\"EntryPoint\",\"urlTemplate\":\"https:\\\/\\\/nettiseitti.fi\\\/showroom\\\/?s={search_term_string}\"},\"query-input\":{\"@type\":\"PropertyValueSpecification\",\"valueRequired\":true,\"valueName\":\"search_term_string\"}}],\"inLanguage\":\"fi\"},{\"@type\":\"Organization\",\"@id\":\"https:\\\/\\\/nettiseitti.fi\\\/showroom\\\/#organization\",\"name\":\"NettiSeitti\",\"url\":\"https:\\\/\\\/nettiseitti.fi\\\/showroom\\\/\",\"logo\":{\"@type\":\"ImageObject\",\"inLanguage\":\"fi\",\"@id\":\"https:\\\/\\\/nettiseitti.fi\\\/showroom\\\/#\\\/schema\\\/logo\\\/image\\\/\",\"url\":\"https:\\\/\\\/nettiseitti.fi\\\/showroom\\\/wp-content\\\/uploads\\\/2024\\\/03\\\/nettiseitti_lapinakyva_tausta.png\",\"contentUrl\":\"https:\\\/\\\/nettiseitti.fi\\\/showroom\\\/wp-content\\\/uploads\\\/2024\\\/03\\\/nettiseitti_lapinakyva_tausta.png\",\"width\":2176,\"height\":741,\"caption\":\"NettiSeitti\"},\"image\":{\"@id\":\"https:\\\/\\\/nettiseitti.fi\\\/showroom\\\/#\\\/schema\\\/logo\\\/image\\\/\"}}]}<\/script>\n<!-- \/ Yoast SEO plugin. -->","yoast_head_json":{"title":"EPSON EB-994F FULL HD 4100ANSI -projektori - NettiSeitti","description":"T\u00e4ydellinen yhdistelm\u00e4 korkeaa laatua ja suorituskyky\u00e4 tarjoten jopa 4 100 lumenin kirkkauden. Pirkanmaa, Satakunta, Etel\u00e4-Pohjanmaa, Pohjanmaa, Sein\u00e4joki.","robots":{"index":"index","follow":"follow","max-snippet":"max-snippet:-1","max-image-preview":"max-image-preview:large","max-video-preview":"max-video-preview:-1"},"canonical":"https:\/\/nettiseitti.fi\/showroom\/tuote\/epson-eb-994f-full-hd-4100ansi-projektori\/","og_locale":"fi_FI","og_type":"article","og_title":"EPSON EB-994F FULL HD 4100ANSI -projektori - NettiSeitti","og_description":"T\u00e4ydellinen yhdistelm\u00e4 korkeaa laatua ja suorituskyky\u00e4 tarjoten jopa 4 100 lumenin kirkkauden. Pirkanmaa, Satakunta, Etel\u00e4-Pohjanmaa, Pohjanmaa, Sein\u00e4joki.","og_url":"https:\/\/nettiseitti.fi\/showroom\/tuote\/epson-eb-994f-full-hd-4100ansi-projektori\/","og_site_name":"NettiSeitti","article_modified_time":"2026-03-01T12:27:24+00:00","og_image":[{"width":626,"height":642,"url":"https:\/\/nettiseitti.fi\/showroom\/wp-content\/uploads\/2026\/02\/epson_eb-994f.jpg","type":"image\/jpeg"}],"twitter_card":"summary_large_image","twitter_misc":{"Arvioitu lukuaika":"2 minuuttia"},"schema":{"@context":"https:\/\/schema.org","@graph":[{"@type":"WebPage","@id":"https:\/\/nettiseitti.fi\/showroom\/tuote\/epson-eb-994f-full-hd-4100ansi-projektori\/","url":"https:\/\/nettiseitti.fi\/showroom\/tuote\/epson-eb-994f-full-hd-4100ansi-projektori\/","name":"EPSON EB-994F FULL HD 4100ANSI -projektori - NettiSeitti","isPartOf":{"@id":"https:\/\/nettiseitti.fi\/showroom\/#website"},"primaryImageOfPage":{"@id":"https:\/\/nettiseitti.fi\/showroom\/tuote\/epson-eb-994f-full-hd-4100ansi-projektori\/#primaryimage"},"image":{"@id":"https:\/\/nettiseitti.fi\/showroom\/tuote\/epson-eb-994f-full-hd-4100ansi-projektori\/#primaryimage"},"thumbnailUrl":"https:\/\/nettiseitti.fi\/showroom\/wp-content\/uploads\/2026\/02\/epson_eb-994f.jpg","datePublished":"2026-02-26T19:39:44+00:00","dateModified":"2026-03-01T12:27:24+00:00","description":"T\u00e4ydellinen yhdistelm\u00e4 korkeaa laatua ja suorituskyky\u00e4 tarjoten jopa 4 100 lumenin kirkkauden. Pirkanmaa, Satakunta, Etel\u00e4-Pohjanmaa, Pohjanmaa, Sein\u00e4joki.","breadcrumb":{"@id":"https:\/\/nettiseitti.fi\/showroom\/tuote\/epson-eb-994f-full-hd-4100ansi-projektori\/#breadcrumb"},"inLanguage":"fi","potentialAction":[{"@type":"ReadAction","target":["https:\/\/nettiseitti.fi\/showroom\/tuote\/epson-eb-994f-full-hd-4100ansi-projektori\/"]}]},{"@type":"ImageObject","inLanguage":"fi","@id":"https:\/\/nettiseitti.fi\/showroom\/tuote\/epson-eb-994f-full-hd-4100ansi-projektori\/#primaryimage","url":"https:\/\/nettiseitti.fi\/showroom\/wp-content\/uploads\/2026\/02\/epson_eb-994f.jpg","contentUrl":"https:\/\/nettiseitti.fi\/showroom\/wp-content\/uploads\/2026\/02\/epson_eb-994f.jpg","width":626,"height":642},{"@type":"BreadcrumbList","@id":"https:\/\/nettiseitti.fi\/showroom\/tuote\/epson-eb-994f-full-hd-4100ansi-projektori\/#breadcrumb","itemListElement":[{"@type":"ListItem","position":1,"name":"Etusivu","item":"https:\/\/nettiseitti.fi\/showroom\/"},{"@type":"ListItem","position":2,"name":"Tuotteet","item":"https:\/\/nettiseitti.fi\/showroom\/tuotteet\/"},{"@type":"ListItem","position":3,"name":"EPSON EB-994F FULL HD 4100ANSI -projektori"}]},{"@type":"WebSite","@id":"https:\/\/nettiseitti.fi\/showroom\/#website","url":"https:\/\/nettiseitti.fi\/showroom\/","name":"NettiSeitti","description":"","publisher":{"@id":"https:\/\/nettiseitti.fi\/showroom\/#organization"},"potentialAction":[{"@type":"SearchAction","target":{"@type":"EntryPoint","urlTemplate":"https:\/\/nettiseitti.fi\/showroom\/?s={search_term_string}"},"query-input":{"@type":"PropertyValueSpecification","valueRequired":true,"valueName":"search_term_string"}}],"inLanguage":"fi"},{"@type":"Organization","@id":"https:\/\/nettiseitti.fi\/showroom\/#organization","name":"NettiSeitti","url":"https:\/\/nettiseitti.fi\/showroom\/","logo":{"@type":"ImageObject","inLanguage":"fi","@id":"https:\/\/nettiseitti.fi\/showroom\/#\/schema\/logo\/image\/","url":"https:\/\/nettiseitti.fi\/showroom\/wp-content\/uploads\/2024\/03\/nettiseitti_lapinakyva_tausta.png","contentUrl":"https:\/\/nettiseitti.fi\/showroom\/wp-content\/uploads\/2024\/03\/nettiseitti_lapinakyva_tausta.png","width":2176,"height":741,"caption":"NettiSeitti"},"image":{"@id":"https:\/\/nettiseitti.fi\/showroom\/#\/schema\/logo\/image\/"}}]}},"_links":{"self":[{"href":"https:\/\/nettiseitti.fi\/showroom\/wp-json\/wp\/v2\/product\/14875","targetHints":{"allow":["GET"]}}],"collection":[{"href":"https:\/\/nettiseitti.fi\/showroom\/wp-json\/wp\/v2\/product"}],"about":[{"href":"https:\/\/nettiseitti.fi\/showroom\/wp-json\/wp\/v2\/types\/product"}],"wp:featuredmedia":[{"embeddable":true,"href":"https:\/\/nettiseitti.fi\/showroom\/wp-json\/wp\/v2\/media\/14876"}],"wp:attachment":[{"href":"https:\/\/nettiseitti.fi\/showroom\/wp-json\/wp\/v2\/media?parent=14875"}],"wp:term":[{"taxonomy":"product_brand","embeddable":true,"href":"https:\/\/nettiseitti.fi\/showroom\/wp-json\/wp\/v2\/product_brand?post=14875"},{"taxonomy":"product_cat","embeddable":true,"href":"https:\/\/nettiseitti.fi\/showroom\/wp-json\/wp\/v2\/product_cat?post=14875"},{"taxonomy":"product_tag","embeddable":true,"href":"https:\/\/nettiseitti.fi\/showroom\/wp-json\/wp\/v2\/product_tag?post=14875"}],"curies":[{"name":"wp","href":"https:\/\/api.w.org\/{rel}","templated":true}]}}