{"id":14909,"date":"2026-04-11T14:18:42","date_gmt":"2026-04-11T11:18:42","guid":{"rendered":"https:\/\/nettiseitti.fi\/showroom\/?post_type=product&#038;p=14909"},"modified":"2026-04-11T14:18:42","modified_gmt":"2026-04-11T11:18:42","slug":"garmin-etrex-22x-western-europe-gps-kasilaite","status":"publish","type":"product","link":"https:\/\/nettiseitti.fi\/showroom\/tuote\/garmin-etrex-22x-western-europe-gps-kasilaite\/","title":{"rendered":"GARMIN ETREX 22X WESTERN EUROPE GPS-k\u00e4silaite"},"content":{"rendered":"<p>Kattavilla ominaisuuksilla varusteltu GPS-k\u00e4silaite, joka toimii patikoinnin lis\u00e4ksi my\u00f6s esim. py\u00f6r\u00e4ily- ja veneilyk\u00e4ytt\u00f6\u00f6n.<\/p>\n<p>Ominaisuuksia:<\/p>\n<ul>\n<li>N\u00e4ytt\u00f6: 2.2&#8243; -v\u00e4rin\u00e4ytt\u00f6, 240 x 320 kuvapistett\u00e4<\/li>\n<li>Fyysiset painikkeet<\/li>\n<li>Esiladatut TopoActive Europe -kartat, joissa reitityst\u00e4 tukevat tiet ja polut py\u00f6r\u00e4ilyyn ja patikointiin<\/li>\n<li>Akku: 2x AA-akkua (HUOM -&gt; eiv\u00e4t sis\u00e4lly pakkaukseen, hankittavissa kauttamme, kysy tarjous !). Suositus: NiMH- tai litiumakku.<\/li>\n<li>Laitteessa esiladattu Garmin Cycle Map, mahdollisuus lis\u00e4t\u00e4 karttoja<\/li>\n<li>Tallennustila: 8 Gt, J\u00e4ljet: 200, Reittipisteet\/suosikit\/sijainnit: 2000, J\u00e4lkiloki: 10 000 reittipistett\u00e4, 200 tallennettua j\u00e4lke\u00e4, Reitit: 200<\/li>\n<li>MicroSD-korttipaikka lis\u00e4kartoille<\/li>\n<li>Vesitiiviysluokitus: IPX7<\/li>\n<li>Pinta-alamittaus<\/li>\n<li>Navigointi pisteest\u00e4 pisteeseen, my\u00f6s teit\u00e4 pitkin (HUOM -&gt; Jos haluat hakea kohdeosoitteella, tarvitaan lis\u00e4varusteena saatavissa oleva Garmin City Navigator -paketti)<\/li>\n<li>Sopii geok\u00e4tk\u00f6ilyyn<\/li>\n<li>Anturit: GPS, GLONASS, GPS-kompassi (liikuttaessa)<\/li>\n<li>Saatavissa lis\u00e4varusteena erikseen my\u00f6s py\u00f6r\u00e4ilyteline (Kysy tarjous !).<\/li>\n<\/ul>\n<p>Kauttamme my\u00f6s muut GPS-laitteet ja tarvikkeet, ota yhteytt\u00e4 !<\/p>\n<p>Kysy ajantasainen hinnasto ja lis\u00e4tietoja ottamalla meihin yhteytt\u00e4.<br \/>\nMy\u00f6s toimitus mahdollista riippuen tilatuista tuotteista sek\u00e4 sovittaessa laitteiden konfigurointi k\u00e4ytt\u00f6kuntoon asennettuna.<\/p>\n<p>Ota yhteytt\u00e4:<br \/>\nPuh. <a href=\"tel:0401523801\">040 1523801<\/a><br \/>\nS\u00e4hk\u00f6posti: myynti [at] nettiseitti.fi<\/p>\n","protected":false},"excerpt":{"rendered":"<p>Seikkaile luotettavan GPS-k\u00e4silaitteen avulla my\u00f6s pidemmill\u00e4 et\u00e4isyyksill\u00e4.<\/p>\n","protected":false},"featured_media":14910,"template":"","meta":{"neve_meta_sidebar":"","neve_meta_container":"","neve_meta_enable_content_width":"off","neve_meta_content_width":100,"neve_meta_title_alignment":"","neve_meta_author_avatar":"","neve_post_elements_order":"","neve_meta_disable_header":"","neve_meta_disable_footer":"","neve_meta_disable_title":""},"product_brand":[],"product_cat":[590],"product_tag":[450,451,100,107,255,459,106,457,327,446,448,449,453,447,108,105,455,596,445,456,98,101,104,454,96,99,97,103,102,458,452],"class_list":{"0":"post-14909","1":"product","2":"type-product","3":"status-publish","4":"has-post-thumbnail","6":"product_cat-gps-kasilaitteet","7":"product_tag-ahtari","8":"product_tag-alavus","9":"product_tag-etela-pohjanmaa","10":"product_tag-etela-suomi","11":"product_tag-gps","12":"product_tag-hameenlinna","13":"product_tag-huittinen","14":"product_tag-ikaalinen","15":"product_tag-jalasjarvi","16":"product_tag-kankaanpaa","17":"product_tag-karvia","18":"product_tag-kauhajoki","19":"product_tag-kauhava","20":"product_tag-kihnio","21":"product_tag-lansi-suomi","22":"product_tag-lapua","23":"product_tag-lempaala","24":"product_tag-navigaattori","25":"product_tag-nokia","26":"product_tag-parkano","27":"product_tag-pirkanmaa","28":"product_tag-pohjanmaa","29":"product_tag-pori","30":"product_tag-rauma","31":"product_tag-sastamala","32":"product_tag-satakunta","33":"product_tag-seinajoki","34":"product_tag-tampere","35":"product_tag-vaasa","36":"product_tag-virrat","37":"product_tag-ylojarvi","39":"first","40":"instock","41":"shipping-taxable","42":"product-type-simple"},"yoast_head":"<!-- This site is optimized with the Yoast SEO plugin v27.4 - https:\/\/yoast.com\/product\/yoast-seo-wordpress\/ -->\n<title>GARMIN ETREX 22X WESTERN EUROPE GPS-k\u00e4silaite - NettiSeitti<\/title>\n<meta name=\"description\" content=\"Seikkaile luotettavan GPS-k\u00e4silaitteen avulla my\u00f6s pidemmill\u00e4 et\u00e4isyyksill\u00e4. Pirkanmaa, Satakunta, Etel\u00e4-Pohjanmaa, Pohjanmaa, Sein\u00e4joki, Sastamala, Pori.\" \/>\n<meta name=\"robots\" content=\"index, follow, max-snippet:-1, max-image-preview:large, max-video-preview:-1\" \/>\n<link rel=\"canonical\" href=\"https:\/\/nettiseitti.fi\/showroom\/tuote\/garmin-etrex-22x-western-europe-gps-kasilaite\/\" \/>\n<meta property=\"og:locale\" content=\"fi_FI\" \/>\n<meta property=\"og:type\" content=\"article\" \/>\n<meta property=\"og:title\" content=\"GARMIN ETREX 22X WESTERN EUROPE GPS-k\u00e4silaite - NettiSeitti\" \/>\n<meta property=\"og:description\" content=\"Seikkaile luotettavan GPS-k\u00e4silaitteen avulla my\u00f6s pidemmill\u00e4 et\u00e4isyyksill\u00e4. Pirkanmaa, Satakunta, Etel\u00e4-Pohjanmaa, Pohjanmaa, Sein\u00e4joki, Sastamala, Pori.\" \/>\n<meta property=\"og:url\" content=\"https:\/\/nettiseitti.fi\/showroom\/tuote\/garmin-etrex-22x-western-europe-gps-kasilaite\/\" \/>\n<meta property=\"og:site_name\" content=\"NettiSeitti\" \/>\n<meta property=\"og:image\" content=\"https:\/\/nettiseitti.fi\/showroom\/wp-content\/uploads\/2026\/04\/garmin_etrex22x.jpg\" \/>\n\t<meta property=\"og:image:width\" content=\"531\" \/>\n\t<meta property=\"og:image:height\" content=\"560\" \/>\n\t<meta property=\"og:image:type\" content=\"image\/jpeg\" \/>\n<meta name=\"twitter:card\" content=\"summary_large_image\" \/>\n<meta name=\"twitter:label1\" content=\"Arvioitu lukuaika\" \/>\n\t<meta name=\"twitter:data1\" content=\"1 minuutti\" \/>\n<script type=\"application\/ld+json\" class=\"yoast-schema-graph\">{\"@context\":\"https:\\\/\\\/schema.org\",\"@graph\":[{\"@type\":\"WebPage\",\"@id\":\"https:\\\/\\\/nettiseitti.fi\\\/showroom\\\/tuote\\\/garmin-etrex-22x-western-europe-gps-kasilaite\\\/\",\"url\":\"https:\\\/\\\/nettiseitti.fi\\\/showroom\\\/tuote\\\/garmin-etrex-22x-western-europe-gps-kasilaite\\\/\",\"name\":\"GARMIN ETREX 22X WESTERN EUROPE GPS-k\u00e4silaite - NettiSeitti\",\"isPartOf\":{\"@id\":\"https:\\\/\\\/nettiseitti.fi\\\/showroom\\\/#website\"},\"primaryImageOfPage\":{\"@id\":\"https:\\\/\\\/nettiseitti.fi\\\/showroom\\\/tuote\\\/garmin-etrex-22x-western-europe-gps-kasilaite\\\/#primaryimage\"},\"image\":{\"@id\":\"https:\\\/\\\/nettiseitti.fi\\\/showroom\\\/tuote\\\/garmin-etrex-22x-western-europe-gps-kasilaite\\\/#primaryimage\"},\"thumbnailUrl\":\"https:\\\/\\\/nettiseitti.fi\\\/showroom\\\/wp-content\\\/uploads\\\/2026\\\/04\\\/garmin_etrex22x.jpg\",\"datePublished\":\"2026-04-11T11:18:42+00:00\",\"description\":\"Seikkaile luotettavan GPS-k\u00e4silaitteen avulla my\u00f6s pidemmill\u00e4 et\u00e4isyyksill\u00e4. Pirkanmaa, Satakunta, Etel\u00e4-Pohjanmaa, Pohjanmaa, Sein\u00e4joki, Sastamala, Pori.\",\"breadcrumb\":{\"@id\":\"https:\\\/\\\/nettiseitti.fi\\\/showroom\\\/tuote\\\/garmin-etrex-22x-western-europe-gps-kasilaite\\\/#breadcrumb\"},\"inLanguage\":\"fi\",\"potentialAction\":[{\"@type\":\"ReadAction\",\"target\":[\"https:\\\/\\\/nettiseitti.fi\\\/showroom\\\/tuote\\\/garmin-etrex-22x-western-europe-gps-kasilaite\\\/\"]}]},{\"@type\":\"ImageObject\",\"inLanguage\":\"fi\",\"@id\":\"https:\\\/\\\/nettiseitti.fi\\\/showroom\\\/tuote\\\/garmin-etrex-22x-western-europe-gps-kasilaite\\\/#primaryimage\",\"url\":\"https:\\\/\\\/nettiseitti.fi\\\/showroom\\\/wp-content\\\/uploads\\\/2026\\\/04\\\/garmin_etrex22x.jpg\",\"contentUrl\":\"https:\\\/\\\/nettiseitti.fi\\\/showroom\\\/wp-content\\\/uploads\\\/2026\\\/04\\\/garmin_etrex22x.jpg\",\"width\":531,\"height\":560},{\"@type\":\"BreadcrumbList\",\"@id\":\"https:\\\/\\\/nettiseitti.fi\\\/showroom\\\/tuote\\\/garmin-etrex-22x-western-europe-gps-kasilaite\\\/#breadcrumb\",\"itemListElement\":[{\"@type\":\"ListItem\",\"position\":1,\"name\":\"Etusivu\",\"item\":\"https:\\\/\\\/nettiseitti.fi\\\/showroom\\\/\"},{\"@type\":\"ListItem\",\"position\":2,\"name\":\"Tuotteet\",\"item\":\"https:\\\/\\\/nettiseitti.fi\\\/showroom\\\/tuotteet\\\/\"},{\"@type\":\"ListItem\",\"position\":3,\"name\":\"GARMIN ETREX 22X WESTERN EUROPE GPS-k\u00e4silaite\"}]},{\"@type\":\"WebSite\",\"@id\":\"https:\\\/\\\/nettiseitti.fi\\\/showroom\\\/#website\",\"url\":\"https:\\\/\\\/nettiseitti.fi\\\/showroom\\\/\",\"name\":\"NettiSeitti\",\"description\":\"\",\"publisher\":{\"@id\":\"https:\\\/\\\/nettiseitti.fi\\\/showroom\\\/#organization\"},\"potentialAction\":[{\"@type\":\"SearchAction\",\"target\":{\"@type\":\"EntryPoint\",\"urlTemplate\":\"https:\\\/\\\/nettiseitti.fi\\\/showroom\\\/?s={search_term_string}\"},\"query-input\":{\"@type\":\"PropertyValueSpecification\",\"valueRequired\":true,\"valueName\":\"search_term_string\"}}],\"inLanguage\":\"fi\"},{\"@type\":\"Organization\",\"@id\":\"https:\\\/\\\/nettiseitti.fi\\\/showroom\\\/#organization\",\"name\":\"NettiSeitti\",\"url\":\"https:\\\/\\\/nettiseitti.fi\\\/showroom\\\/\",\"logo\":{\"@type\":\"ImageObject\",\"inLanguage\":\"fi\",\"@id\":\"https:\\\/\\\/nettiseitti.fi\\\/showroom\\\/#\\\/schema\\\/logo\\\/image\\\/\",\"url\":\"https:\\\/\\\/nettiseitti.fi\\\/showroom\\\/wp-content\\\/uploads\\\/2024\\\/03\\\/nettiseitti_lapinakyva_tausta.png\",\"contentUrl\":\"https:\\\/\\\/nettiseitti.fi\\\/showroom\\\/wp-content\\\/uploads\\\/2024\\\/03\\\/nettiseitti_lapinakyva_tausta.png\",\"width\":2176,\"height\":741,\"caption\":\"NettiSeitti\"},\"image\":{\"@id\":\"https:\\\/\\\/nettiseitti.fi\\\/showroom\\\/#\\\/schema\\\/logo\\\/image\\\/\"}}]}<\/script>\n<!-- \/ Yoast SEO plugin. -->","yoast_head_json":{"title":"GARMIN ETREX 22X WESTERN EUROPE GPS-k\u00e4silaite - NettiSeitti","description":"Seikkaile luotettavan GPS-k\u00e4silaitteen avulla my\u00f6s pidemmill\u00e4 et\u00e4isyyksill\u00e4. Pirkanmaa, Satakunta, Etel\u00e4-Pohjanmaa, Pohjanmaa, Sein\u00e4joki, Sastamala, Pori.","robots":{"index":"index","follow":"follow","max-snippet":"max-snippet:-1","max-image-preview":"max-image-preview:large","max-video-preview":"max-video-preview:-1"},"canonical":"https:\/\/nettiseitti.fi\/showroom\/tuote\/garmin-etrex-22x-western-europe-gps-kasilaite\/","og_locale":"fi_FI","og_type":"article","og_title":"GARMIN ETREX 22X WESTERN EUROPE GPS-k\u00e4silaite - NettiSeitti","og_description":"Seikkaile luotettavan GPS-k\u00e4silaitteen avulla my\u00f6s pidemmill\u00e4 et\u00e4isyyksill\u00e4. Pirkanmaa, Satakunta, Etel\u00e4-Pohjanmaa, Pohjanmaa, Sein\u00e4joki, Sastamala, Pori.","og_url":"https:\/\/nettiseitti.fi\/showroom\/tuote\/garmin-etrex-22x-western-europe-gps-kasilaite\/","og_site_name":"NettiSeitti","og_image":[{"width":531,"height":560,"url":"https:\/\/nettiseitti.fi\/showroom\/wp-content\/uploads\/2026\/04\/garmin_etrex22x.jpg","type":"image\/jpeg"}],"twitter_card":"summary_large_image","twitter_misc":{"Arvioitu lukuaika":"1 minuutti"},"schema":{"@context":"https:\/\/schema.org","@graph":[{"@type":"WebPage","@id":"https:\/\/nettiseitti.fi\/showroom\/tuote\/garmin-etrex-22x-western-europe-gps-kasilaite\/","url":"https:\/\/nettiseitti.fi\/showroom\/tuote\/garmin-etrex-22x-western-europe-gps-kasilaite\/","name":"GARMIN ETREX 22X WESTERN EUROPE GPS-k\u00e4silaite - NettiSeitti","isPartOf":{"@id":"https:\/\/nettiseitti.fi\/showroom\/#website"},"primaryImageOfPage":{"@id":"https:\/\/nettiseitti.fi\/showroom\/tuote\/garmin-etrex-22x-western-europe-gps-kasilaite\/#primaryimage"},"image":{"@id":"https:\/\/nettiseitti.fi\/showroom\/tuote\/garmin-etrex-22x-western-europe-gps-kasilaite\/#primaryimage"},"thumbnailUrl":"https:\/\/nettiseitti.fi\/showroom\/wp-content\/uploads\/2026\/04\/garmin_etrex22x.jpg","datePublished":"2026-04-11T11:18:42+00:00","description":"Seikkaile luotettavan GPS-k\u00e4silaitteen avulla my\u00f6s pidemmill\u00e4 et\u00e4isyyksill\u00e4. Pirkanmaa, Satakunta, Etel\u00e4-Pohjanmaa, Pohjanmaa, Sein\u00e4joki, Sastamala, Pori.","breadcrumb":{"@id":"https:\/\/nettiseitti.fi\/showroom\/tuote\/garmin-etrex-22x-western-europe-gps-kasilaite\/#breadcrumb"},"inLanguage":"fi","potentialAction":[{"@type":"ReadAction","target":["https:\/\/nettiseitti.fi\/showroom\/tuote\/garmin-etrex-22x-western-europe-gps-kasilaite\/"]}]},{"@type":"ImageObject","inLanguage":"fi","@id":"https:\/\/nettiseitti.fi\/showroom\/tuote\/garmin-etrex-22x-western-europe-gps-kasilaite\/#primaryimage","url":"https:\/\/nettiseitti.fi\/showroom\/wp-content\/uploads\/2026\/04\/garmin_etrex22x.jpg","contentUrl":"https:\/\/nettiseitti.fi\/showroom\/wp-content\/uploads\/2026\/04\/garmin_etrex22x.jpg","width":531,"height":560},{"@type":"BreadcrumbList","@id":"https:\/\/nettiseitti.fi\/showroom\/tuote\/garmin-etrex-22x-western-europe-gps-kasilaite\/#breadcrumb","itemListElement":[{"@type":"ListItem","position":1,"name":"Etusivu","item":"https:\/\/nettiseitti.fi\/showroom\/"},{"@type":"ListItem","position":2,"name":"Tuotteet","item":"https:\/\/nettiseitti.fi\/showroom\/tuotteet\/"},{"@type":"ListItem","position":3,"name":"GARMIN ETREX 22X WESTERN EUROPE GPS-k\u00e4silaite"}]},{"@type":"WebSite","@id":"https:\/\/nettiseitti.fi\/showroom\/#website","url":"https:\/\/nettiseitti.fi\/showroom\/","name":"NettiSeitti","description":"","publisher":{"@id":"https:\/\/nettiseitti.fi\/showroom\/#organization"},"potentialAction":[{"@type":"SearchAction","target":{"@type":"EntryPoint","urlTemplate":"https:\/\/nettiseitti.fi\/showroom\/?s={search_term_string}"},"query-input":{"@type":"PropertyValueSpecification","valueRequired":true,"valueName":"search_term_string"}}],"inLanguage":"fi"},{"@type":"Organization","@id":"https:\/\/nettiseitti.fi\/showroom\/#organization","name":"NettiSeitti","url":"https:\/\/nettiseitti.fi\/showroom\/","logo":{"@type":"ImageObject","inLanguage":"fi","@id":"https:\/\/nettiseitti.fi\/showroom\/#\/schema\/logo\/image\/","url":"https:\/\/nettiseitti.fi\/showroom\/wp-content\/uploads\/2024\/03\/nettiseitti_lapinakyva_tausta.png","contentUrl":"https:\/\/nettiseitti.fi\/showroom\/wp-content\/uploads\/2024\/03\/nettiseitti_lapinakyva_tausta.png","width":2176,"height":741,"caption":"NettiSeitti"},"image":{"@id":"https:\/\/nettiseitti.fi\/showroom\/#\/schema\/logo\/image\/"}}]}},"_links":{"self":[{"href":"https:\/\/nettiseitti.fi\/showroom\/wp-json\/wp\/v2\/product\/14909","targetHints":{"allow":["GET"]}}],"collection":[{"href":"https:\/\/nettiseitti.fi\/showroom\/wp-json\/wp\/v2\/product"}],"about":[{"href":"https:\/\/nettiseitti.fi\/showroom\/wp-json\/wp\/v2\/types\/product"}],"wp:featuredmedia":[{"embeddable":true,"href":"https:\/\/nettiseitti.fi\/showroom\/wp-json\/wp\/v2\/media\/14910"}],"wp:attachment":[{"href":"https:\/\/nettiseitti.fi\/showroom\/wp-json\/wp\/v2\/media?parent=14909"}],"wp:term":[{"taxonomy":"product_brand","embeddable":true,"href":"https:\/\/nettiseitti.fi\/showroom\/wp-json\/wp\/v2\/product_brand?post=14909"},{"taxonomy":"product_cat","embeddable":true,"href":"https:\/\/nettiseitti.fi\/showroom\/wp-json\/wp\/v2\/product_cat?post=14909"},{"taxonomy":"product_tag","embeddable":true,"href":"https:\/\/nettiseitti.fi\/showroom\/wp-json\/wp\/v2\/product_tag?post=14909"}],"curies":[{"name":"wp","href":"https:\/\/api.w.org\/{rel}","templated":true}]}}